{"id":185,"date":"2021-09-21T07:17:43","date_gmt":"2021-09-21T07:17:43","guid":{"rendered":"https:\/\/energy4farming.uni-eszterhazy.hu\/en\/?page_id=185"},"modified":"2021-10-12T16:37:25","modified_gmt":"2021-10-12T16:37:25","slug":"the-project","status":"publish","type":"page","link":"https:\/\/energy4farming.uni-eszterhazy.hu\/ee\/the-project\/","title":{"rendered":"Projekt"},"content":{"rendered":"\n<p>2018. aasta detsembris j\u00f5ustunud Euroopa Liidu taastuvenergia direktiivi uue eesm\u00e4rgi kohaselt peab roheline ehk taastuvenergia moodustama 2030. aastaks v\u00e4hemalt 32% energia l\u00f5pptarbimisest (Euroopa Parlament, 2018). \u00dchine p\u00f5llumajanduspoliitika (\u00dcPP) keskendub samal ajal p\u00f5llumajanduse ja maapiirkondade ees seisvatele sotsiaal-majanduslikele v\u00e4ljakutsetele. P\u00f5llumajandusel on tohutu keskkonnam\u00f5ju, kuid s\u00e4\u00e4stva p\u00f5llumajanduse saavutamiseks on rakendatud uusi tehnikaid ja tavasid. See projekt toetab t\u00e4nast vajadust v\u00f5tta kasutusele s\u00e4\u00e4stvamad taastuvenergiat kasutavad p\u00f5llumajandusviisid, keskendudes nende teadmiste ja oskuste juurutamisele juba kutse\u00f5ppes.<\/p>\n\n\n\n<p>Sellest johtuvalt on Erasmus+ projekti&nbsp;<em>Energy4Farming<\/em>&nbsp;eesm\u00e4rgid j\u00e4rgmised:<\/p>\n\n\n\n<p>\u2022 edendada kutsehariduse p\u00f5llumajandus\u00f5ppe t\u00e4iustamist ja kaasajastamist l\u00e4bi kutse\u00f5petajate professionaalse arengu (taastuvenergia valdkonnas)<\/p>\n\n\n\n<p>\u2022 kaasata kutse\u00f5ppesse uuenduslikud ettev\u00f5tlustavad, mis p\u00f5hinevad taastuvenergia sektori pakutavatel uutel v\u00f5imalustel, et mitmekesistada maapiirkondade majandustegevust&nbsp;<\/p>\n\n\n\n<p>\u2022 h\u00f5lbustada kutsehariduses p\u00f5llumajandus\u00f5ppes uuendusliku projektip\u00f5hist \u00f5pikogemuste juurutamist \u00fchiskondlike vajaduste rahuldamiseks<\/p>\n","protected":false},"excerpt":{"rendered":"<p>2018. aasta detsembris j\u00f5ustunud Euroopa Liidu taastuvenergia direktiivi uue eesm\u00e4rgi kohaselt peab roheline ehk taastuvenergia moodustama 2030. aastaks v\u00e4hemalt 32% energia l\u00f5pptarbimisest (Euroopa Parlament, 2018). \u00dchine p\u00f5llumajanduspoliitika (\u00dcPP) keskendub samal ajal p\u00f5llumajanduse ja maapiirkondade ees seisvatele sotsiaal-majanduslikele v\u00e4ljakutsetele. P\u00f5llumajandusel on tohutu keskkonnam\u00f5ju, kuid s\u00e4\u00e4stva p\u00f5llumajanduse saavutamiseks on rakendatud uusi tehnikaid ja tavasid. See projekt toetab &hellip; <\/p>\n<p class=\"link-more\"><a href=\"https:\/\/energy4farming.uni-eszterhazy.hu\/ee\/the-project\/\" class=\"more-link\">Continue reading<span class=\"screen-reader-text\"> &#8220;Projekt&#8221;<\/span><\/a><\/p>\n","protected":false},"author":1,"featured_media":0,"parent":0,"menu_order":0,"comment_status":"closed","ping_status":"closed","template":"","meta":{"footnotes":""},"class_list":["post-185","page","type-page","status-publish","hentry"],"_links":{"self":[{"href":"https:\/\/energy4farming.uni-eszterhazy.hu\/ee\/wp-json\/wp\/v2\/pages\/185","targetHints":{"allow":["GET"]}}],"collection":[{"href":"https:\/\/energy4farming.uni-eszterhazy.hu\/ee\/wp-json\/wp\/v2\/pages"}],"about":[{"href":"https:\/\/energy4farming.uni-eszterhazy.hu\/ee\/wp-json\/wp\/v2\/types\/page"}],"author":[{"embeddable":true,"href":"https:\/\/energy4farming.uni-eszterhazy.hu\/ee\/wp-json\/wp\/v2\/users\/1"}],"replies":[{"embeddable":true,"href":"https:\/\/energy4farming.uni-eszterhazy.hu\/ee\/wp-json\/wp\/v2\/comments?post=185"}],"version-history":[{"count":11,"href":"https:\/\/energy4farming.uni-eszterhazy.hu\/ee\/wp-json\/wp\/v2\/pages\/185\/revisions"}],"predecessor-version":[{"id":297,"href":"https:\/\/energy4farming.uni-eszterhazy.hu\/ee\/wp-json\/wp\/v2\/pages\/185\/revisions\/297"}],"wp:attachment":[{"href":"https:\/\/energy4farming.uni-eszterhazy.hu\/ee\/wp-json\/wp\/v2\/media?parent=185"}],"curies":[{"name":"wp","href":"https:\/\/api.w.org\/{rel}","templated":true}]}}