{"id":393,"date":"2022-01-17T06:40:59","date_gmt":"2022-01-17T06:40:59","guid":{"rendered":"https:\/\/energy4farming.uni-eszterhazy.hu\/?page_id=393"},"modified":"2023-02-17T10:37:28","modified_gmt":"2023-02-17T10:37:28","slug":"intellektuaalsed-valjundid","status":"publish","type":"page","link":"https:\/\/energy4farming.uni-eszterhazy.hu\/ee\/intellektuaalsed-valjundid\/","title":{"rendered":"Intellektuaalsed v\u00e4ljundid"},"content":{"rendered":"\n<p class=\"has-medium-font-size\"><strong>Intellektuaalsed v\u00e4ljundid <\/strong>1<\/p>\n\n\n\n<p><em>Manual for agricultural VET teachers. Sustainable agriculture: new tendencies and innovation with a focus on renewable energies&nbsp;<\/em>Energy4Farming&nbsp;<\/p>\n\n\n\n<div data-wp-interactive=\"core\/file\" class=\"wp-block-file\"><object data-wp-bind--hidden=\"!state.hasPdfPreview\" hidden class=\"wp-block-file__embed\" data=\"https:\/\/energy4farming.uni-eszterhazy.hu\/wp-content\/uploads\/2023\/02\/IO1_MOD1_EST-3-27_merged.pdf\" type=\"application\/pdf\" style=\"width:100%;height:600px\" aria-label=\"PDF lisamine\"><\/object><\/div>\n\n\n\n<div class=\"wp-block-buttons is-layout-flex wp-block-buttons-is-layout-flex\">\n<div class=\"wp-block-button is-style-outline is-style-outline--1\"><a class=\"wp-block-button__link wp-element-button\" href=\"https:\/\/energy4farming.uni-eszterhazy.hu\/download\/920\/\">Lae alla<\/a><\/div>\n<\/div>\n\n\n\n<hr class=\"wp-block-separator has-css-opacity\"\/>\n\n\n\n<p><\/p>\n\n\n\n<p><em>Manual for agricultural VET teachers:&nbsp;application of renewable energy sources for farming<\/em><\/p>\n\n\n\n<div data-wp-interactive=\"core\/file\" class=\"wp-block-file\"><object data-wp-bind--hidden=\"!state.hasPdfPreview\" hidden class=\"wp-block-file__embed\" data=\"https:\/\/energy4farming.uni-eszterhazy.hu\/wp-content\/uploads\/2023\/02\/IO1_MOD2_EST-3-47_merged.pdf\" type=\"application\/pdf\" style=\"width:100%;height:600px\" aria-label=\"PDF lisamine\"><\/object><\/div>\n\n\n\n<div class=\"wp-block-buttons is-layout-flex wp-block-buttons-is-layout-flex\">\n<div class=\"wp-block-button is-style-outline is-style-outline--2\"><a class=\"wp-block-button__link wp-element-button\" href=\"https:\/\/energy4farming.uni-eszterhazy.hu\/download\/923\/\">Lae alla<\/a><\/div>\n<\/div>\n\n\n\n<hr class=\"wp-block-separator has-css-opacity\"\/>\n\n\n\n<p><em>Manual for agricultural VET teachers. Sustainable agriculture: new tendencies and innovation with a focus on renewable energies&nbsp;<\/em>Energy4Farming&nbsp;<\/p>\n\n\n\n<div data-wp-interactive=\"core\/file\" class=\"wp-block-file\"><object data-wp-bind--hidden=\"!state.hasPdfPreview\" hidden class=\"wp-block-file__embed\" data=\"https:\/\/energy4farming.uni-eszterhazy.hu\/wp-content\/uploads\/2023\/02\/IO1_MOD3_EST-3-29_merged.pdf\" type=\"application\/pdf\" style=\"width:100%;height:600px\" aria-label=\"PDF lisamine\"><\/object><\/div>\n\n\n\n<div class=\"wp-block-buttons is-layout-flex wp-block-buttons-is-layout-flex\">\n<div class=\"wp-block-button is-style-outline is-style-outline--3\"><a class=\"wp-block-button__link wp-element-button\" href=\"https:\/\/energy4farming.uni-eszterhazy.hu\/download\/929\/\">Lae alla<\/a><\/div>\n<\/div>\n\n\n\n<hr class=\"wp-block-separator has-css-opacity\"\/>\n\n\n\n<p class=\"has-medium-font-size\"><strong>Intellektuaalsed v\u00e4ljundid 2<\/strong><\/p>\n\n\n\n<p>Intellektuaalne v\u00e4ljund 2 on praktilisem juhend \u00f5petajatele IO1 sisu rakendamiseks. Sel juhul keskendudes taastuvenergia kasutamisele j\u00e4tkusuutlikust vaatenurgast. See juhend selgitab uuenduslikku metoodikat, mida nimetatakse projektip\u00f5hiseks \u00f5ppeks, andes lugejatele parema \u00fclevaate selle toimimisest, selle omadustest ja eelistest ning tutvustab l\u00fchidalt selle rakendamist. Kasutatavuse parandamiseks n\u00e4itab see ka kahte kutsekoolide n\u00e4idet selle kohta, kuidas metoodikat nende kahes erinevas kontekstis tutvustada. L\u00f5puks, dokumendi l\u00f5pus, saavad lugejad leida kaks lihtsat samm-sammult protot\u00fc\u00fcbi n\u00e4idet ja kaks eksperimentaalset protot\u00fc\u00fcpi, mis v\u00f5ivad inspireerida \u00f5petajaid neid reprodutseerima v\u00f5i t\u00e4iustama.<\/p>\n\n\n\n<p>Module 1: introduction to start-up: what we need to have into mind when creating a new business (environmental, economic and social sustainability;)<\/p>\n\n\n\n<div data-wp-interactive=\"core\/file\" class=\"wp-block-file\"><object data-wp-bind--hidden=\"!state.hasPdfPreview\" hidden class=\"wp-block-file__embed\" data=\"https:\/\/energy4farming.uni-eszterhazy.hu\/wp-content\/uploads\/2023\/02\/IO2_Module-1_Theoretical-framework_ET.pdf\" type=\"application\/pdf\" style=\"width:100%;height:600px\" aria-label=\"PDF lisamine\"><\/object><\/div>\n\n\n\n<p><\/p>\n\n\n\n<div class=\"wp-block-buttons is-layout-flex wp-block-buttons-is-layout-flex\">\n<div class=\"wp-block-button is-style-outline is-style-outline--4\"><a class=\"wp-block-button__link wp-element-button\" href=\"https:\/\/energy4farming.uni-eszterhazy.hu\/download\/933\/\">Lae alla<\/a><\/div>\n<\/div>\n\n\n\n<p><\/p>\n\n\n\n<p>Module 2: farming sustainable businesses: how to create a sustainable business plan including renewable energies (certifications; requirements; legal framework)&nbsp;<\/p>\n\n\n\n<div data-wp-interactive=\"core\/file\" class=\"wp-block-file\"><object data-wp-bind--hidden=\"!state.hasPdfPreview\" hidden class=\"wp-block-file__embed\" data=\"https:\/\/energy4farming.uni-eszterhazy.hu\/wp-content\/uploads\/2023\/02\/IO2_Module-2_Implementation_ET.pdf\" type=\"application\/pdf\" style=\"width:100%;height:600px\" aria-label=\"PDF lisamine\"><\/object><\/div>\n\n\n\n<p><\/p>\n\n\n\n<div class=\"wp-block-buttons is-layout-flex wp-block-buttons-is-layout-flex\">\n<div class=\"wp-block-button is-style-outline is-style-outline--5\"><a class=\"wp-block-button__link wp-element-button\" href=\"https:\/\/energy4farming.uni-eszterhazy.hu\/download\/936\/\">Lae alla<\/a><\/div>\n<\/div>\n\n\n\n<p><\/p>\n\n\n\n<p>Module 3: success cases of agricultural sustainable businesses with renewable energies<\/p>\n\n\n\n<div data-wp-interactive=\"core\/file\" class=\"wp-block-file\"><object data-wp-bind--hidden=\"!state.hasPdfPreview\" hidden class=\"wp-block-file__embed\" data=\"https:\/\/energy4farming.uni-eszterhazy.hu\/wp-content\/uploads\/2023\/02\/IO2_Module-3_practical-examples_ET.pdf\" type=\"application\/pdf\" style=\"width:100%;height:600px\" aria-label=\"PDF lisamine\"><\/object><\/div>\n\n\n\n<div class=\"wp-block-buttons is-layout-flex wp-block-buttons-is-layout-flex\">\n<div class=\"wp-block-button is-style-outline is-style-outline--6\"><a class=\"wp-block-button__link wp-element-button\" href=\"https:\/\/energy4farming.uni-eszterhazy.hu\/download\/939\/\">Lae alla<\/a><\/div>\n<\/div>\n\n\n\n<p>Tutorial: How to create a THERMOSIPHON<\/p>\n\n\n\n<figure class=\"wp-block-embed is-type-video is-provider-youtube wp-block-embed-youtube wp-embed-aspect-16-9 wp-has-aspect-ratio\"><div class=\"wp-block-embed__wrapper\">\n<iframe loading=\"lazy\" title=\"TUTORIAL: How to create a THERMOSIPHON\" width=\"525\" height=\"295\" src=\"https:\/\/www.youtube.com\/embed\/QcAHHdUoQnY?feature=oembed\" frameborder=\"0\" allow=\"accelerometer; autoplay; clipboard-write; encrypted-media; gyroscope; picture-in-picture; web-share\" referrerpolicy=\"strict-origin-when-cross-origin\" allowfullscreen><\/iframe>\n<\/div><\/figure>\n\n\n\n<p><\/p>\n\n\n\n<p><strong>Intellectual outputs <\/strong>3<\/p>\n\n\n\n<p>Guide on sustainable start-up creation with renewable energies.<\/p>\n\n\n\n<p>Module 1: Introduction to start-up: what we need to have into mind when creating a new business (environmental, economic and social sustainability).<\/p>\n\n\n\n<div data-wp-interactive=\"core\/file\" class=\"wp-block-file\"><object data-wp-bind--hidden=\"!state.hasPdfPreview\" hidden class=\"wp-block-file__embed\" data=\"https:\/\/energy4farming.uni-eszterhazy.hu\/wp-content\/uploads\/2023\/02\/IO-3-Module-1_ET-1.pdf\" type=\"application\/pdf\" style=\"width:100%;height:600px\" aria-label=\"PDF lisamine\"><\/object><\/div>\n\n\n\n<div class=\"wp-block-buttons is-layout-flex wp-block-buttons-is-layout-flex\">\n<div class=\"wp-block-button is-style-outline is-style-outline--7\"><a class=\"wp-block-button__link wp-element-button\" href=\"https:\/\/energy4farming.uni-eszterhazy.hu\/download\/942\/\">Lae alla<\/a><\/div>\n<\/div>\n\n\n\n<p><\/p>\n\n\n\n<p><\/p>\n\n\n\n<p>Module 2: FARMING SUSTAINABLE BUSINESS: HOW TO CREATE A SUSTAINABLE BUSINESS PLAN INCLUDING RENEWABLE ENERGIES: CERTIFICATIONS, REQUIREMENTS, LEGAL FRAMEWORK.<\/p>\n\n\n\n<div data-wp-interactive=\"core\/file\" class=\"wp-block-file\"><object data-wp-bind--hidden=\"!state.hasPdfPreview\" hidden class=\"wp-block-file__embed\" data=\"https:\/\/energy4farming.uni-eszterhazy.hu\/wp-content\/uploads\/2023\/02\/IO3-MODUL-2.pdf\" type=\"application\/pdf\" style=\"width:100%;height:600px\" aria-label=\"PDF lisamine\"><\/object><\/div>\n\n\n\n<p><\/p>\n\n\n\n<div class=\"wp-block-buttons is-layout-flex wp-block-buttons-is-layout-flex\">\n<div class=\"wp-block-button is-style-outline is-style-outline--8\"><a class=\"wp-block-button__link wp-element-button\" href=\"https:\/\/energy4farming.uni-eszterhazy.hu\/download\/945\/\">Lae alla<\/a><\/div>\n<\/div>\n\n\n\n<p><\/p>\n\n\n\n<p>Module 3: SUCCESS CASES OF AGRICULTURAL SUSTAINABLE BUSINESSES.<\/p>\n\n\n\n<p><\/p>\n\n\n\n<div data-wp-interactive=\"core\/file\" class=\"wp-block-file\"><object data-wp-bind--hidden=\"!state.hasPdfPreview\" hidden class=\"wp-block-file__embed\" data=\"https:\/\/energy4farming.uni-eszterhazy.hu\/wp-content\/uploads\/2023\/02\/IO3_Module-3_ET.pdf\" type=\"application\/pdf\" style=\"width:100%;height:600px\" aria-label=\"PDF lisamine\"><\/object><\/div>\n\n\n\n<div class=\"wp-block-buttons is-layout-flex wp-block-buttons-is-layout-flex\">\n<div class=\"wp-block-button is-style-outline is-style-outline--9\"><a class=\"wp-block-button__link wp-element-button\" href=\"https:\/\/energy4farming.uni-eszterhazy.hu\/download\/950\/\">Lae alla<\/a><\/div>\n<\/div>\n","protected":false},"excerpt":{"rendered":"<p>Intellektuaalsed v\u00e4ljundid 1 Manual for agricultural VET teachers. Sustainable agriculture: new tendencies and innovation with a focus on renewable energies&nbsp;Energy4Farming&nbsp; Manual for agricultural VET teachers:&nbsp;application of renewable energy sources for farming Manual for agricultural VET teachers. Sustainable agriculture: new tendencies and innovation with a focus on renewable energies&nbsp;Energy4Farming&nbsp; Intellektuaalsed v\u00e4ljundid 2 Intellektuaalne v\u00e4ljund 2 on &hellip; <\/p>\n<p class=\"link-more\"><a href=\"https:\/\/energy4farming.uni-eszterhazy.hu\/ee\/intellektuaalsed-valjundid\/\" class=\"more-link\">Continue reading<span class=\"screen-reader-text\"> &#8220;Intellektuaalsed v\u00e4ljundid&#8221;<\/span><\/a><\/p>\n","protected":false},"author":1,"featured_media":0,"parent":0,"menu_order":0,"comment_status":"closed","ping_status":"closed","template":"","meta":{"footnotes":""},"class_list":["post-393","page","type-page","status-publish","hentry"],"_links":{"self":[{"href":"https:\/\/energy4farming.uni-eszterhazy.hu\/ee\/wp-json\/wp\/v2\/pages\/393","targetHints":{"allow":["GET"]}}],"collection":[{"href":"https:\/\/energy4farming.uni-eszterhazy.hu\/ee\/wp-json\/wp\/v2\/pages"}],"about":[{"href":"https:\/\/energy4farming.uni-eszterhazy.hu\/ee\/wp-json\/wp\/v2\/types\/page"}],"author":[{"embeddable":true,"href":"https:\/\/energy4farming.uni-eszterhazy.hu\/ee\/wp-json\/wp\/v2\/users\/1"}],"replies":[{"embeddable":true,"href":"https:\/\/energy4farming.uni-eszterhazy.hu\/ee\/wp-json\/wp\/v2\/comments?post=393"}],"version-history":[{"count":276,"href":"https:\/\/energy4farming.uni-eszterhazy.hu\/ee\/wp-json\/wp\/v2\/pages\/393\/revisions"}],"predecessor-version":[{"id":1530,"href":"https:\/\/energy4farming.uni-eszterhazy.hu\/ee\/wp-json\/wp\/v2\/pages\/393\/revisions\/1530"}],"wp:attachment":[{"href":"https:\/\/energy4farming.uni-eszterhazy.hu\/ee\/wp-json\/wp\/v2\/media?parent=393"}],"curies":[{"name":"wp","href":"https:\/\/api.w.org\/{rel}","templated":true}]}}