{"id":61,"date":"2021-07-05T06:36:33","date_gmt":"2021-07-05T06:36:33","guid":{"rendered":"https:\/\/energy4farming.uni-eszterhazy.hu\/en\/?page_id=61"},"modified":"2021-10-12T16:40:11","modified_gmt":"2021-10-12T16:40:11","slug":"wzmacniacz","status":"publish","type":"page","link":"https:\/\/energy4farming.uni-eszterhazy.hu\/ee\/wzmacniacz\/","title":{"rendered":"Partnerid"},"content":{"rendered":"\n<figure class=\"wp-block-table\"><table><tbody><tr><td>Low Carbon Economy Foundation<\/td><\/tr><\/tbody><\/table><\/figure>\n\n\n\n<p>Low Carbon Economy Foundation \u2013 sihtasutus, mis on registreeritud Valencia piirkonnas keskkonna sihtasutusena (registreerimiskood CV-110). Sihtasutus loodi 2014. aastal ja see asub 31 000 elanikuga v\u00e4ikelinnas La Vall d\u2019Uix\u00f3, Castell\u00f3ni provintsis (Valencia piirkond). Selle liikmed on inseneri, hariduse, j\u00e4tkusuutlikkuse ja ettev\u00f5tluse spetsialistid ning teevad koost\u00f6\u00f6d kutsehariduskeskuste, keskkonnas\u00f5bralike ettev\u00f5tete, \u00f6kokogukondade ja noorteorganisatsioonide v\u00f5rgustikega. P\u00f5hikirja kohaselt on sihtasutuse esmane eesm\u00e4rk edendada koolitust, levitustegevust, tutvustamist, juhendamist, n\u00f5ustamist ja juhtimist keskkonnavaldkondades, mis p\u00f5hinevad madala s\u00fcsinikusisaldusega majanduse mudelil. T\u00e4psemalt on fondi peamised teadmiste valdkonnad j\u00e4rgmised:&nbsp;<\/p>\n\n\n\n<p>\u2022 Taastuvenergia ja energiat\u00f5husus<\/p>\n\n\n\n<p>\u2022 p\u00f5llumajanduslikust ja metsanduslikust tegevusest tulenevate j\u00e4\u00e4tmete, k\u00f5rvalsaaduste ja j\u00e4\u00e4kide v\u00e4\u00e4rindamine<\/p>\n\n\n\n<p>\u2022 Keskkonna s\u00e4ilitamine ja taastamine<\/p>\n\n\n\n<p>\u2022 Biokonstruktsioon<\/p>\n\n\n\n<p>\u2022 Koost\u00f6\u00f6 arengu ja maaelu arengu nimel\u2022 Sotsiaalmajandus, solidaarsus ja \u00f5iglane kaubandus<\/p>\n\n\n\n<p>Website:&nbsp;<a href=\"https:\/\/www.lowcarboneconomy.org\/\" target=\"_blank\" rel=\"noreferrer noopener\">https:\/\/www.lowcarboneconomy.org\/<\/a><\/p>\n\n\n\n<p>IG:&nbsp;<a href=\"https:\/\/www.instagram.com\/lowcarboneconomy\" target=\"_blank\" rel=\"noreferrer noopener\">https:\/\/www.instagram.com\/lowcarboneconomy<\/a><\/p>\n\n\n\n<p>Facebook:&nbsp;<a href=\"https:\/\/www.facebook.com\/lowcarbon.economy\/\" target=\"_blank\" rel=\"noreferrer noopener\">https:\/\/www.facebook.com\/lowcarbon.economy\/<\/a><\/p>\n\n\n\n<p>Twitter:&nbsp;<a href=\"https:\/\/mobile.twitter.com\/lowcarboneco\" target=\"_blank\" rel=\"noreferrer noopener\">https:\/\/mobile.twitter.com\/lowcarboneco<\/a><\/p>\n\n\n\n<p>TikTok:&nbsp;<a href=\"https:\/\/vm.tiktok.com\/ZMRSXqujH\/\" target=\"_blank\" rel=\"noreferrer noopener\">https:\/\/vm.tiktok.com\/ZMRSXqujH\/<\/a><\/p>\n\n\n\n<p>LinkedIn:&nbsp;<a href=\"https:\/\/www.linkedin.com\/in\/lowcarboneconomy-foundation-6776101a2\" target=\"_blank\" rel=\"noreferrer noopener\">https:\/\/www.linkedin.com\/in\/lowcarboneconomy-foundation-6776101a2<\/a><\/p>\n\n\n\n<h2 class=\"wp-block-heading\">EFA La Malves\u00eda<\/h2>\n\n\n\n<p>EFA La Malves\u00eda on osaliselt erakool, mis pakub p\u00f5llumajanduslikku kutse\u00f5pet ja keskharidust alates 1970. aastast. Asutusel on maapiirkondades suur t\u00e4htsus, sest Valencia kogukonna erinevatest linnadest on p\u00e4rit \u00fcle 600 \u00f5pilase. See on osa UNEFAst (<em>Union of Agricultural Family Schools,&nbsp;<a>P\u00f5llumajanduslike Perekoolide Liit<\/a><\/em><a href=\"applewebdata:\/\/FB2AE259-30A3-44CC-8043-99C6670C9614#_msocom_1\">[m1]<\/a>&nbsp;), mis \u00fchendab Hispaanias 27 p\u00f5llumajanduslikku kooli (EFAd). Lisaks on UNEFA integreeritud AIMFR -i (<em>International Association of&nbsp;Maisons&nbsp;Familiar Rural<\/em>). Iga selle \u00fchingu kool j\u00e4rgib sama koolituss\u00fcsteemi. Meie hariduss\u00fcsteemi p\u00f5hijooneks on kooli ja ettev\u00f5tte vahelised&nbsp;alternatiivsed vormid, mis ligil\u00e4hedane Saksamaa duaals\u00fcsteemile. Seda on rakendatud juba kooli algusest peale. Kasutatav \u00f5ppemetoodika on aidanud parendada \u00f5petamise kvaliteeti, l\u00e4bi mille on suurenenud t\u00f6\u00f6alane konkurentsiv\u00f5ime, lisaks soodustanud tihedat suhet meie piirkonna p\u00f5llumajandus- ja metsandussektori ettev\u00f5tetega. Praegu on meil lepingud enam kui 600 ettev\u00f5ttega. Nende seas on avalik -\u00f5iguslikud asutused (n\u00e4iteks p\u00f5llumajandusministeerium, keskkonnaministeerium), aga ka v\u00e4ikesed ettev\u00f5tted.<\/p>\n\n\n\n<hr class=\"wp-block-separator\"\/>\n\n\n\n<h2 class=\"wp-block-heading\">Area Europa<\/h2>\n\n\n\n<p>Area Europa on kooperatiivne konsultatsioonifirma, mis asutati Bolognas 1999. aastal ja mille eesm\u00e4rk on edendada koost\u00f6\u00f6d ning sotsiaalset ja majanduslikku arengut Euroopas. Selle teenused keskenduvad ELi rahastatavate projektide kavandamisele, koordineerimisele ja finantsjuhtimisele, lisaks \u00e4ristrateegia ja arendusalasele n\u00f5ustamisele ning \u00fcrituste korraldamisele ja koolitustele. T\u00e4nu interdistsiplinaarsele meeskonnale, arvukatele kogenud koost\u00f6\u00f6partneritele ja laiale partnerite v\u00f5rgustikule pakub ettev\u00f5te arvukalt eesm\u00e4rgistatud teenuseid. Area Europa pakub integreeritud teenuseid ettev\u00f5tetele, mis on \u00fcha enam orienteeritud Euroopa ja Euroopa-v\u00e4listele turgudele. Ajutise v\u00e4lisministeeriumi loomine ja juhtimine, \u00e4riv\u00f5rgustike ning piirkondlike ja riikidevaheliste klastrite abistamine, uute turgude ja m\u00fc\u00fcgikanalite avamine on vaid m\u00f5ned Area Europa poolt edukalt kasutusele v\u00f5etud vahendid, aitamaks ettev\u00f5tetel Euroopas ja mujal maailmas oma positsiooni tugevdada. Area Euroopa edendab koost\u00f6\u00f6d s\u00e4\u00e4stva piirkondliku arengu nimel nii maa- kui linnapiirkondades. T\u00e4nu oma 15-aastase ajaloo jooksul loodud v\u00f5rgustikule arendab ja haldab Area Europa Euroopa, riikliku ja piirkondliku rahastamise toel pilootprojekte ja piirkondlikke v\u00f5rgustikke, mille eesm\u00e4rk on alati suurendada kohalikke ressursse, kaitsta keskkonda ja maastikke ning tugevdada piirkondade ettev\u00f5tlus- ja kaasamisoskuseid. Konkreetsemate v\u00e4\u00e4rtustena v\u00f5ib nimetada kogemusi veinisektoris,&nbsp;piirkonnat\u00fc\u00fcpilisi tooted, j\u00e4tkusuutlikku p\u00f5llumajandust, panust kliimamuutuse ning maa- ja kultuuriturismi valdkonnas. Area Europe on tehnikute ja konsultantide \u00fchendus, mis tegutseb kahes primaarsektoris.<\/p>\n\n\n\n<p>\u2022 Keskkonnajuhtimine<\/p>\n\n\n\n<p>\u2022 Maaelu areng<\/p>\n\n\n\n<h2 class=\"wp-block-heading\">J\u00e4rvamaa Kutsehariduskeskus<\/h2>\n\n\n\n<p>J\u00e4rvamaa Kutsehariduskeskus (JKHK,&nbsp;<em>J\u00e4rva County Vocational Training Centre<\/em>) on Kesk-Eesti suurim kutsehariduskool, kus on v\u00f5imalik \u00f5ppida enam kui 40 \u00f5ppekaval. Moto \u201e\u00d5ppimine on s\u00fcdameasi!\u201c n\u00e4itab, et meil on igas vanuses \u00f5pilasi. P\u00f5hilisi \u00f5ppesuundi on viis: teenindus, majandus, tehnika, ehitus ja p\u00f5llumajandus.<\/p>\n\n\n\n<p>P\u00f5llumajandus on \u00fcks suurimaid ja mitmekesisemaid \u00f5ppesuundi, millel on rohkem \u00f5ppekavu kui \u00fchelgi teisel JKHK \u00f5ppesuunal. Paljud meie \u00f5pilased on p\u00e4rit maapiirkondadest. M\u00f5nel \u00f5petajal on p\u00f5llumajanduse \u00f5petamise kogemust \u00fcle 30 aasta. JKHK on ainus kutsekool Eestis, kus saab \u00f5ppida hobuhooldaja (hobusekasvatus), loomaarsti abilise, veepuhastusoperaatori, biogaasijaama operaatori, kalakasvataja ja teedeehitaja eriala. JKHK -l on tallid, farm 60 l\u00fcpsilehmaga ja 500 hektarit p\u00f5llumaad.Paljude ehitiste ja suure p\u00f5llumaa t\u00f5ttu on JKHK t\u00f6\u00f6tajad innukad \u00f5ppima uusi s\u00e4\u00e4stvaid p\u00f5llumajandusmeetodeid ja tavasid, mida saab rakendada igap\u00e4evases praktilises t\u00f6\u00f6s ja teoreetilistes tundides. Seet\u00f5ttu soovib JKHK selle projekti kaudu suurendada nii kutsehariduse \u00f5petajate kui ka \u00f5pilaste rohelisi teadmisi ning olla rohelise m\u00f5tlemise edendaja Eesti kutse\u00f5ppeasutuste seas.<\/p>\n\n\n\n<h2 class=\"wp-block-heading\">EUROPEA Polska p\u00f5llumajandus- ja metsahariduse \u00fchendus<\/h2>\n\n\n\n<p>EUROPEA Poola on rohelisse (keskkonnas\u00e4\u00e4stlikke) sektorisse kuuluvate koolide ja asutuste \u00fchendus. See on v\u00e4ga h\u00e4sti organiseeritud rohelise majanduse sektoris (laialt m\u00f5istetuna p\u00f5llumajandus, metsandus, maastikuarhitektuur, p\u00f5llumajandus, agroturism, gastronoomia ja toitumine ning muud sellega seotud t\u00f6\u00f6stusharud) tegutsevate koolide ja haridusasutuste v\u00f5rgustik. Lisaks on see osa mittetulundus\u00fchingust EUROPEA International (www.europea.org), mis asutati 1993. aastal Belgia seadustega, kuid Europea-PL loodi 2005. aastal. EUROPEA INTERNATIONAL v\u00f5rgustikus on praegu 25 ELi liiget ja kaks assotsieerunud riigi liiget. Europea-PL p\u00f5hikirjalised \u00fclesanded on: heade tavade vahetamine Euroopa kutsehariduses, praktika korraldamine, rahvusvahelise koost\u00f6\u00f6 algatamine kutsehariduse kvaliteedi parandamiseks, ECVETi kontseptsiooni levitamine, rohelise sektori koolide ettevalmistamine kliimamuutusteks jne. Seadusega etten\u00e4htud \u00fclesandeid t\u00e4idetakse riiklike ja rahvusvaheliste seminaride, \u00f5ppek\u00e4ikude, kogemuste vahetamise, \u00f5pilaste ja \u00f5petajate liikuvus- ja partnerlusprojektide kaudu. Osalevatel \u00f5petajatel on v\u00f5imalus v\u00e4rskendada oma teadmisi seoses riiklike ja Euroopa standarditega, samas kui \u00f5pilased omandavad uuenduslikke ja kaasaegseid oskusi, mis suurendavad nende v\u00f5imalusi t\u00f6\u00f6turul. Lisaks osalevad konverentsidel institutsioonide esindajad, kes otsustavad Poola kutsehariduse muutmise suundade \u00fcle.<\/p>\n\n\n\n<p>Praegu kuulub \u00fchingusse \u00fcle 700 kooli ja muu p\u00f5llumajandusharidusega seotud asutuse; seet\u00f5ttu suhtleb organisatsioon iga p\u00e4ev k\u00fcmne tuhande noorega. Lisaks on \u00fcle Poola Europea-PL-ga seotud rohkem kui 20 Poola kutsehariduskooli. Enamik koolide kogukondi kuulub maapiirkondadesse, kus on k\u00f5rge t\u00f6\u00f6tus ja madal sissetulek. Need probleemid p\u00f5hjustavad sageli sotsiaalset t\u00f5rjutust ja noorte jaoks perspektiivi puudumist. Europea-PL p\u00fc\u00fcab m\u00e4rgata \u00f5pilaste probleeme ja vajadusi, harida neid k\u00f5rge kvalifikatsiooniga t\u00f6\u00f6tajateks, kellel on suurep\u00e4rased v\u00e4\u00e4rtused ja eetika. Europea-PL juhtkond ja liikmed on p\u00f5llumajandus- ja metsanduskoolide juhid ja \u00f5petajad, kes on v\u00e4ljendanud vajadust vahetada erialaseid kogemusi EL\u2019i projekti partneritega, kuna n\u00e4evad liikuvuses v\u00f5imalust tutvustada kaasaegseid koolitusvorme, vajadustele vastavat \u00f5ppesisu ja heade tavade vahetamist. \u00dchingus t\u00f6\u00f6tab 15 t\u00f6\u00f6tajat. Tegevused Euroopa struktuurides tagab vajalikud kontaktid kogu liidu piires ning rahvusvahelise tegevuse eesm\u00e4rk on parandada Poola kutsehariduse kvaliteeti ja kohandamist Euroopa standarditega. Praegu on kutsehariduse prioriteet koost\u00f6\u00f6 ettev\u00f5tjatega ja koolituse pakkumine t\u00f6\u00f6kohal (WBL), et koolid saaksid valmistuda ECVET -s\u00fcsteemi rakendamiseks, valmistamaks l\u00f5petajad ette Euroopa t\u00f6\u00f6turule naasemiseks. Projektide kvaliteeti m\u00f5jutab asjaolu, et koost\u00f6\u00f6partnerite leidmiseks kasutab \u00fchendus oma kontaktv\u00f5rgustikku, mis \u00fchtlasi lihtsustab selle liikmete &#8211; \u00f5pilastel, \u00f5petajatel ja koolidel \u2013erinevates tegevustes osalemist ning tulevikus iseseisvalt rahvusvaheliste projekte elluviimist.<\/p>\n\n\n\n<h2 class=\"wp-block-heading\">Eszterh\u00e1zy K\u00e1roly \u00fclikool<\/h2>\n\n\n\n<p>Eszterh\u00e1zy K\u00e1roly \u00fclikool on k\u00f5rgkool, kus t\u00f6\u00f6tab \u00fcle 1500 alalise t\u00f6\u00f6taja ja \u00fcle 7000 \u00fcli\u00f5pilase koos arvukate v\u00e4list\u00f6\u00f6tajatega. \u00dclikooli tegevusteks on teadust\u00f6\u00f6 ja k\u00f5rghariduse pakkumine.<\/p>\n\n\n\n<p>\u00dclikooli eesm\u00e4rk on luua eristav strateegia, mis parandab teenuseid rahvusvahelisel tasandil. See strateegia koosneb pragmaatilistest sammudest ja \u00fclikool p\u00fc\u00fcab muuta rahvusvahelistumise oma tegevuse lahutamatuks osaks, rakendades strateegilist juhendit, mis keskendub haridusele, teadusuuringutele ja organisatsiooni arendamisele. \u00dclikooli rahvusvahelistumine saab olla t\u00f5hus ainult siis, kui see on k\u00f5igi institutsiooni liikmete prioriteet. Seet\u00f5ttu on esmaseks eesm\u00e4rgiks seatud eelarvamustevaba ja \u00f5pilastele suunatud suhtumine. Hariduse kvaliteedi ja \u00fclikooli rahvusvahelise maine parandamine on \u00fclikooli finantsstrateegia oluline element ning erinevad toetus- ja stipendiumiprogrammid toetavad ratsionaliseeritud eelarvehaldust. Sellest tulenevalt on \u00fclikool tihedalt seotud Euroopa projektidega. \u00dclikooli l\u00e4henemisviis on koosk\u00f5las ERASMUS+ eesm\u00e4rkidega edendada haridust ja kujutavat kunsti noorte seas ning kavandada projekte solidaarsuse \u00fchistes v\u00e4\u00e4rtustes, austades loodust. Parner organisatsioonina oleme osalenud edukalt KA2 projektis \u201eInnovatiivsed tavad taastuvenergias maaelu t\u00f6\u00f6alase konkurentsiv\u00f5ime parandamiseks\u201c (In2Rural-2014-1-ES01-KA203-004740). Kasutame \u00f5ppe- ja koolitustegevustes e-\u00f5ppe platvorme (Moodle, Mooc). Oleme v\u00e4lja t\u00f6\u00f6tanud mitmeid \u00f5ppematerjale \u00f5pilastele ja partner organisatsioonidele. Meie e-\u00f5ppe \u00fcksus vastutab kursuste tehnilise arendamise eest.<\/p>\n\n\n\n<figure class=\"wp-block-image size-full\"><img loading=\"lazy\" decoding=\"async\" width=\"742\" height=\"219\" src=\"https:\/\/energy4farming.uni-eszterhazy.hu\/wp-content\/uploads\/2021\/09\/logok.png\" alt=\"\" class=\"wp-image-266\" srcset=\"https:\/\/energy4farming.uni-eszterhazy.hu\/wp-content\/uploads\/2021\/09\/logok.png 742w, https:\/\/energy4farming.uni-eszterhazy.hu\/wp-content\/uploads\/2021\/09\/logok-300x89.png 300w\" sizes=\"auto, (max-width: 706px) 89vw, (max-width: 767px) 82vw, 740px\" \/><\/figure>\n","protected":false},"excerpt":{"rendered":"<p>Low Carbon Economy Foundation Low Carbon Economy Foundation \u2013 sihtasutus, mis on registreeritud Valencia piirkonnas keskkonna sihtasutusena (registreerimiskood CV-110). Sihtasutus loodi 2014. aastal ja see asub 31 000 elanikuga v\u00e4ikelinnas La Vall d\u2019Uix\u00f3, Castell\u00f3ni provintsis (Valencia piirkond). Selle liikmed on inseneri, hariduse, j\u00e4tkusuutlikkuse ja ettev\u00f5tluse spetsialistid ning teevad koost\u00f6\u00f6d kutsehariduskeskuste, keskkonnas\u00f5bralike ettev\u00f5tete, \u00f6kokogukondade ja noorteorganisatsioonide &hellip; <\/p>\n<p class=\"link-more\"><a href=\"https:\/\/energy4farming.uni-eszterhazy.hu\/ee\/wzmacniacz\/\" class=\"more-link\">Continue reading<span class=\"screen-reader-text\"> &#8220;Partnerid&#8221;<\/span><\/a><\/p>\n","protected":false},"author":1,"featured_media":0,"parent":0,"menu_order":0,"comment_status":"closed","ping_status":"closed","template":"","meta":{"footnotes":""},"class_list":["post-61","page","type-page","status-publish","hentry"],"_links":{"self":[{"href":"https:\/\/energy4farming.uni-eszterhazy.hu\/ee\/wp-json\/wp\/v2\/pages\/61","targetHints":{"allow":["GET"]}}],"collection":[{"href":"https:\/\/energy4farming.uni-eszterhazy.hu\/ee\/wp-json\/wp\/v2\/pages"}],"about":[{"href":"https:\/\/energy4farming.uni-eszterhazy.hu\/ee\/wp-json\/wp\/v2\/types\/page"}],"author":[{"embeddable":true,"href":"https:\/\/energy4farming.uni-eszterhazy.hu\/ee\/wp-json\/wp\/v2\/users\/1"}],"replies":[{"embeddable":true,"href":"https:\/\/energy4farming.uni-eszterhazy.hu\/ee\/wp-json\/wp\/v2\/comments?post=61"}],"version-history":[{"count":37,"href":"https:\/\/energy4farming.uni-eszterhazy.hu\/ee\/wp-json\/wp\/v2\/pages\/61\/revisions"}],"predecessor-version":[{"id":302,"href":"https:\/\/energy4farming.uni-eszterhazy.hu\/ee\/wp-json\/wp\/v2\/pages\/61\/revisions\/302"}],"wp:attachment":[{"href":"https:\/\/energy4farming.uni-eszterhazy.hu\/ee\/wp-json\/wp\/v2\/media?parent=61"}],"curies":[{"name":"wp","href":"https:\/\/api.w.org\/{rel}","templated":true}]}}