{"id":66,"date":"2021-07-05T06:37:20","date_gmt":"2021-07-05T06:37:20","guid":{"rendered":"https:\/\/energy4farming.uni-eszterhazy.hu\/en\/?page_id=66"},"modified":"2022-08-01T15:26:14","modified_gmt":"2022-08-01T15:26:14","slug":"learning-teaching-and-training-activities","status":"publish","type":"page","link":"https:\/\/energy4farming.uni-eszterhazy.hu\/ee\/learning-teaching-and-training-activities\/","title":{"rendered":"Koolitus- tegevused\u00a0\ufffc"},"content":{"rendered":"\n<h2 class=\"wp-block-heading\">LTTA_1_V\u00f5rgus<\/h2>\n\n\n\n<p>Esimene LTTA viidi ellu osaliselt veebip\u00f5hiselt ajavahemikul esmasp\u00e4ev 15.11 \u2013 19.11.2021. See n\u00e4dal koosnes viiest koolitusest, sealhulgas \u00f5petajate kutse\u00f5ppest. Teemadeks oli IO1 ja IO2 erinevate moodulite integreerimine. Lisaks korraldati metoodiline p\u00e4ev, et tutvustada \u00f5petamisel saadaolevaid t\u00e4iustatud meetodeid.<\/p>\n\n\n\n<p>Online LTTA p\u00e4evakava:<\/p>\n\n\n\n<div data-wp-interactive=\"core\/file\" class=\"wp-block-file\"><object data-wp-bind--hidden=\"!state.hasPdfPreview\" hidden class=\"wp-block-file__embed\" data=\"https:\/\/energy4farming.uni-eszterhazy.hu\/wp-content\/uploads\/2022\/07\/LTTA-1-Agenda-E4F-online-2.pdf\" type=\"application\/pdf\" style=\"width:100%;height:600px\" aria-label=\"Lisa LTTA-1-Agenda-E4F-online-2 be\u00e1gyaz\u00e1sa.\"><\/object><a id=\"wp-block-file--media-76d8e02d-daac-46ad-a1ec-552f061eb161\" href=\"https:\/\/energy4farming.uni-eszterhazy.hu\/wp-content\/uploads\/2022\/07\/LTTA-1-Agenda-E4F-online-2.pdf\">LTTA-1-Agenda-E4F-online-2<\/a><a href=\"https:\/\/energy4farming.uni-eszterhazy.hu\/wp-content\/uploads\/2022\/07\/LTTA-1-Agenda-E4F-online-2.pdf\" class=\"wp-block-file__button\" download aria-describedby=\"wp-block-file--media-76d8e02d-daac-46ad-a1ec-552f061eb161\">Lae alla<\/a><\/div>\n\n\n\n<p><\/p>\n\n\n\n<p>Fotod:<\/p>\n\n\n\n<p><\/p>\n\n\n\n<figure class=\"wp-block-image size-large\"><img loading=\"lazy\" decoding=\"async\" width=\"1024\" height=\"640\" src=\"https:\/\/energy4farming.uni-eszterhazy.hu\/wp-content\/uploads\/2022\/07\/Captura-de-pantalla-2021-11-16-a-las-15.34.03-1-1024x640.png\" alt=\"\" class=\"wp-image-558\" srcset=\"https:\/\/energy4farming.uni-eszterhazy.hu\/wp-content\/uploads\/2022\/07\/Captura-de-pantalla-2021-11-16-a-las-15.34.03-1-1024x640.png 1024w, https:\/\/energy4farming.uni-eszterhazy.hu\/wp-content\/uploads\/2022\/07\/Captura-de-pantalla-2021-11-16-a-las-15.34.03-1-300x188.png 300w, https:\/\/energy4farming.uni-eszterhazy.hu\/wp-content\/uploads\/2022\/07\/Captura-de-pantalla-2021-11-16-a-las-15.34.03-1-768x480.png 768w, https:\/\/energy4farming.uni-eszterhazy.hu\/wp-content\/uploads\/2022\/07\/Captura-de-pantalla-2021-11-16-a-las-15.34.03-1-1536x960.png 1536w, https:\/\/energy4farming.uni-eszterhazy.hu\/wp-content\/uploads\/2022\/07\/Captura-de-pantalla-2021-11-16-a-las-15.34.03-1-2048x1280.png 2048w\" sizes=\"auto, (max-width: 767px) 89vw, (max-width: 1000px) 54vw, (max-width: 1071px) 543px, 580px\" \/><\/figure>\n\n\n\n<figure class=\"wp-block-image size-large\"><img loading=\"lazy\" decoding=\"async\" width=\"1024\" height=\"442\" src=\"https:\/\/energy4farming.uni-eszterhazy.hu\/wp-content\/uploads\/2022\/07\/Screenshot-2021-11-17-15.12.22-3-1024x442.png\" alt=\"\" class=\"wp-image-557\" srcset=\"https:\/\/energy4farming.uni-eszterhazy.hu\/wp-content\/uploads\/2022\/07\/Screenshot-2021-11-17-15.12.22-3-1024x442.png 1024w, https:\/\/energy4farming.uni-eszterhazy.hu\/wp-content\/uploads\/2022\/07\/Screenshot-2021-11-17-15.12.22-3-300x129.png 300w, https:\/\/energy4farming.uni-eszterhazy.hu\/wp-content\/uploads\/2022\/07\/Screenshot-2021-11-17-15.12.22-3-768x331.png 768w, https:\/\/energy4farming.uni-eszterhazy.hu\/wp-content\/uploads\/2022\/07\/Screenshot-2021-11-17-15.12.22-3.png 1356w\" sizes=\"auto, (max-width: 767px) 89vw, (max-width: 1000px) 54vw, (max-width: 1071px) 543px, 580px\" \/><\/figure>\n\n\n\n<p><\/p>\n\n\n\n<figure class=\"wp-block-image size-large\"><img loading=\"lazy\" decoding=\"async\" width=\"1024\" height=\"640\" src=\"https:\/\/energy4farming.uni-eszterhazy.hu\/wp-content\/uploads\/2022\/07\/Captura-de-pantalla-2021-11-16-a-las-15.14.15-1-1024x640.png\" alt=\"\" class=\"wp-image-559\" srcset=\"https:\/\/energy4farming.uni-eszterhazy.hu\/wp-content\/uploads\/2022\/07\/Captura-de-pantalla-2021-11-16-a-las-15.14.15-1-1024x640.png 1024w, https:\/\/energy4farming.uni-eszterhazy.hu\/wp-content\/uploads\/2022\/07\/Captura-de-pantalla-2021-11-16-a-las-15.14.15-1-300x188.png 300w, https:\/\/energy4farming.uni-eszterhazy.hu\/wp-content\/uploads\/2022\/07\/Captura-de-pantalla-2021-11-16-a-las-15.14.15-1-768x480.png 768w, https:\/\/energy4farming.uni-eszterhazy.hu\/wp-content\/uploads\/2022\/07\/Captura-de-pantalla-2021-11-16-a-las-15.14.15-1-1536x960.png 1536w, https:\/\/energy4farming.uni-eszterhazy.hu\/wp-content\/uploads\/2022\/07\/Captura-de-pantalla-2021-11-16-a-las-15.14.15-1-2048x1280.png 2048w\" sizes=\"auto, (max-width: 767px) 89vw, (max-width: 1000px) 54vw, (max-width: 1071px) 543px, 580px\" \/><\/figure>\n\n\n\n<p><\/p>\n\n\n\n<p>N\u00e4dala esitlused saab alla laadida siit:<\/p>\n\n\n\n<div data-wp-interactive=\"core\/file\" class=\"wp-block-file\"><object data-wp-bind--hidden=\"!state.hasPdfPreview\" hidden class=\"wp-block-file__embed\" data=\"https:\/\/energy4farming.uni-eszterhazy.hu\/wp-content\/uploads\/2022\/07\/E4F-Module-3-2.pdf\" type=\"application\/pdf\" style=\"width:100%;height:600px\" aria-label=\"Lisa E4F-Module-3-2 be\u00e1gyaz\u00e1sa.\"><\/object><a id=\"wp-block-file--media-64bc5cff-c023-4de7-ba28-c1d85d72d0c6\" href=\"https:\/\/energy4farming.uni-eszterhazy.hu\/wp-content\/uploads\/2022\/07\/E4F-Module-3-2.pdf\">E4F-Module-3-2<\/a><a href=\"https:\/\/energy4farming.uni-eszterhazy.hu\/wp-content\/uploads\/2022\/07\/E4F-Module-3-2.pdf\" class=\"wp-block-file__button\" download aria-describedby=\"wp-block-file--media-64bc5cff-c023-4de7-ba28-c1d85d72d0c6\">Lae alla<\/a><\/div>\n\n\n\n<h2 class=\"wp-block-heading\">LTTA_1_Kohalolekul<\/h2>\n\n\n\n<p>Teine osa projekti l\u00fchiajalisest \u00fchisest personalikoolitusest toimus Bolognas, Itaalias ajavahemikus 22.11-26.11.2021. Esimesed koolitused sisaldasid LTTA1 ajakava l\u00fchitutvustust ning k\u00fcsimusi ja vastuseid. Teisel p\u00e4eval tutvustati Google&#8217;i saite ja muid kasulikke interaktiivseid t\u00f6\u00f6riistu IO1 \u00f5petamiseks ning see sisaldas \u00f5ppetundide simulatsiooni koos vastastikuse eksperdihinnanguga k\u00f5igi \u00f5petajate ja ekspertide seas. Kolmas p\u00e4ev keskendus metoodikale, \u00fchelt poolt rollim\u00e4ngule: kuidas see toimib ja kuidas seda IO1-le rakendada, ning teiselt poolt tutvustati Serre dei Giardini Margheritat: taastuvate energiaallikate ja aianduse parimaid tavasid. Neljandal p\u00e4eval k\u00e4sitleti Ferrara p\u00f5ldu: Navarra sihtasutust ja parimaid tavasid Emilia Romagnas, sealhulgas m\u00f5ningaid meeskonna loomise tegevusi. Viienda p\u00e4eva roll oli j\u00e4relduste tegemisel ja j\u00e4rgmiste sammude arutelul.<\/p>\n\n\n\n<p>Kohaloleva LTTA p\u00e4evakord:<\/p>\n\n\n\n<div data-wp-interactive=\"core\/file\" class=\"wp-block-file\"><object data-wp-bind--hidden=\"!state.hasPdfPreview\" hidden class=\"wp-block-file__embed\" data=\"https:\/\/energy4farming.uni-eszterhazy.hu\/wp-content\/uploads\/2022\/07\/Agenda-E4F-LTTA1-in-presence-1.pdf\" type=\"application\/pdf\" style=\"width:100%;height:600px\" aria-label=\"Lisa Agenda-E4F-LTTA1-in-presence-1 be\u00e1gyaz\u00e1sa.\"><\/object><a id=\"wp-block-file--media-08402a22-0377-4a44-914a-74af2f93792c\" href=\"https:\/\/energy4farming.uni-eszterhazy.hu\/wp-content\/uploads\/2022\/07\/Agenda-E4F-LTTA1-in-presence-1.pdf\">Agenda-E4F-LTTA1-in-presence-1<\/a><a href=\"https:\/\/energy4farming.uni-eszterhazy.hu\/wp-content\/uploads\/2022\/07\/Agenda-E4F-LTTA1-in-presence-1.pdf\" class=\"wp-block-file__button\" download aria-describedby=\"wp-block-file--media-08402a22-0377-4a44-914a-74af2f93792c\">Lae alla<\/a><\/div>\n\n\n\n<p><\/p>\n\n\n\n<p>Fotod:<\/p>\n\n\n\n<figure class=\"wp-block-image size-full\"><img loading=\"lazy\" decoding=\"async\" width=\"720\" height=\"536\" src=\"https:\/\/energy4farming.uni-eszterhazy.hu\/wp-content\/uploads\/2022\/07\/260186976_4297859606986884_8031635775498311229_n-1.jpg\" alt=\"\" class=\"wp-image-566\" srcset=\"https:\/\/energy4farming.uni-eszterhazy.hu\/wp-content\/uploads\/2022\/07\/260186976_4297859606986884_8031635775498311229_n-1.jpg 720w, https:\/\/energy4farming.uni-eszterhazy.hu\/wp-content\/uploads\/2022\/07\/260186976_4297859606986884_8031635775498311229_n-1-300x223.jpg 300w\" sizes=\"auto, (max-width: 720px) 100vw, 720px\" \/><\/figure>\n\n\n\n<p><\/p>\n\n\n\n<figure class=\"wp-block-image size-large\"><img loading=\"lazy\" decoding=\"async\" width=\"1024\" height=\"768\" src=\"https:\/\/energy4farming.uni-eszterhazy.hu\/wp-content\/uploads\/2022\/07\/259502487_4291848477587997_7944157379089766247_n-1-1024x768.jpg\" alt=\"\" class=\"wp-image-567\" srcset=\"https:\/\/energy4farming.uni-eszterhazy.hu\/wp-content\/uploads\/2022\/07\/259502487_4291848477587997_7944157379089766247_n-1-1024x768.jpg 1024w, https:\/\/energy4farming.uni-eszterhazy.hu\/wp-content\/uploads\/2022\/07\/259502487_4291848477587997_7944157379089766247_n-1-300x225.jpg 300w, https:\/\/energy4farming.uni-eszterhazy.hu\/wp-content\/uploads\/2022\/07\/259502487_4291848477587997_7944157379089766247_n-1-768x576.jpg 768w, https:\/\/energy4farming.uni-eszterhazy.hu\/wp-content\/uploads\/2022\/07\/259502487_4291848477587997_7944157379089766247_n-1-1536x1152.jpg 1536w, https:\/\/energy4farming.uni-eszterhazy.hu\/wp-content\/uploads\/2022\/07\/259502487_4291848477587997_7944157379089766247_n-1.jpg 2048w\" sizes=\"auto, (max-width: 767px) 89vw, (max-width: 1000px) 54vw, (max-width: 1071px) 543px, 580px\" \/><\/figure>\n\n\n\n<p>N\u00e4dala esitlused saab alla laadida siit:<\/p>\n\n\n\n<div data-wp-interactive=\"core\/file\" class=\"wp-block-file\"><object data-wp-bind--hidden=\"!state.hasPdfPreview\" hidden class=\"wp-block-file__embed\" data=\"https:\/\/energy4farming.uni-eszterhazy.hu\/wp-content\/uploads\/2022\/07\/Projects-1-1.pdf\" type=\"application\/pdf\" style=\"width:100%;height:600px\" aria-label=\"Lisa Projects-1-1 be\u00e1gyaz\u00e1sa.\"><\/object><a id=\"wp-block-file--media-8e98e643-c07b-46cf-9c40-6903e7389057\" href=\"https:\/\/energy4farming.uni-eszterhazy.hu\/wp-content\/uploads\/2022\/07\/Projects-1-1.pdf\">Projects-1-1<\/a><a href=\"https:\/\/energy4farming.uni-eszterhazy.hu\/wp-content\/uploads\/2022\/07\/Projects-1-1.pdf\" class=\"wp-block-file__button\" download aria-describedby=\"wp-block-file--media-8e98e643-c07b-46cf-9c40-6903e7389057\">Lae alla<\/a><\/div>\n\n\n\n<p><\/p>\n\n\n\n<div data-wp-interactive=\"core\/file\" class=\"wp-block-file\"><object data-wp-bind--hidden=\"!state.hasPdfPreview\" hidden class=\"wp-block-file__embed\" data=\"https:\/\/energy4farming.uni-eszterhazy.hu\/wp-content\/uploads\/2022\/07\/DOC-for-the-LTTA1-Session-GOOGLE-SITES-2.pdf\" type=\"application\/pdf\" style=\"width:100%;height:600px\" aria-label=\"Lisa DOC-for-the-LTTA1-Session-GOOGLE-SITES-2 be\u00e1gyaz\u00e1sa.\"><\/object><a id=\"wp-block-file--media-9d3685b6-3178-48ad-a424-88603ff6a26e\" href=\"https:\/\/energy4farming.uni-eszterhazy.hu\/wp-content\/uploads\/2022\/07\/DOC-for-the-LTTA1-Session-GOOGLE-SITES-2.pdf\">DOC-for-the-LTTA1-Session-GOOGLE-SITES-2<\/a><a href=\"https:\/\/energy4farming.uni-eszterhazy.hu\/wp-content\/uploads\/2022\/07\/DOC-for-the-LTTA1-Session-GOOGLE-SITES-2.pdf\" class=\"wp-block-file__button\" download aria-describedby=\"wp-block-file--media-9d3685b6-3178-48ad-a424-88603ff6a26e\">Lae alla<\/a><\/div>\n\n\n\n<p><\/p>\n\n\n\n<div data-wp-interactive=\"core\/file\" class=\"wp-block-file\"><object data-wp-bind--hidden=\"!state.hasPdfPreview\" hidden class=\"wp-block-file__embed\" data=\"https:\/\/energy4farming.uni-eszterhazy.hu\/wp-content\/uploads\/2022\/07\/Useful-links-1.pdf\" type=\"application\/pdf\" style=\"width:100%;height:600px\" aria-label=\"Lisa Useful-links-1 be\u00e1gyaz\u00e1sa.\"><\/object><a id=\"wp-block-file--media-3f86f5bc-77fa-471c-b441-8bbbe621774f\" href=\"https:\/\/energy4farming.uni-eszterhazy.hu\/wp-content\/uploads\/2022\/07\/Useful-links-1.pdf\">Useful-links-1<\/a><a href=\"https:\/\/energy4farming.uni-eszterhazy.hu\/wp-content\/uploads\/2022\/07\/Useful-links-1.pdf\" class=\"wp-block-file__button\" download aria-describedby=\"wp-block-file--media-3f86f5bc-77fa-471c-b441-8bbbe621774f\">Lae alla<\/a><\/div>\n\n\n\n<p><\/p>\n\n\n\n<h2 class=\"wp-block-heading\"><strong>Photovoltaic Solar energy<\/strong><\/h2>\n\n\n\n<p><em><sup>(Download pptx version below to watch the video content.)<\/sup><\/em><\/p>\n\n\n\n<div data-wp-interactive=\"core\/file\" class=\"wp-block-file\"><object data-wp-bind--hidden=\"!state.hasPdfPreview\" hidden class=\"wp-block-file__embed\" data=\"https:\/\/energy4farming.uni-eszterhazy.hu\/wp-content\/uploads\/2022\/01\/LTTA1_E4F_Module2.pdf\" type=\"application\/pdf\" style=\"width:100%;height:600px\" aria-label=\"Lisa LTTA1_E4F_Module2 be\u00e1gyaz\u00e1sa.\"><\/object><a id=\"wp-block-file--media-decb0514-fb28-4406-9b91-bb254d336892\" href=\"https:\/\/energy4farming.uni-eszterhazy.hu\/wp-content\/uploads\/2022\/01\/LTTA1_E4F_Module2.pdf\">LTTA1_E4F_Module2<\/a><a href=\"https:\/\/energy4farming.uni-eszterhazy.hu\/wp-content\/uploads\/2022\/01\/LTTA1_E4F_Module2.pdf\" class=\"wp-block-file__button\" download aria-describedby=\"wp-block-file--media-decb0514-fb28-4406-9b91-bb254d336892\">Lae alla<\/a><\/div>\n\n\n\n<div class=\"wp-block-file\"><a id=\"wp-block-file--media-5b4b44c2-66b9-43cc-ab08-40a0c486a112\" href=\"https:\/\/energy4farming.uni-eszterhazy.hu\/wp-content\/uploads\/2022\/01\/LTTA1_E4F_Module2.pptx\" target=\"_blank\" rel=\"noreferrer noopener\"><strong>Photovoltaic Solar energy<\/strong> (pptx)<\/a><a href=\"https:\/\/energy4farming.uni-eszterhazy.hu\/wp-content\/uploads\/2022\/01\/LTTA1_E4F_Module2.pptx\" class=\"wp-block-file__button\" download aria-describedby=\"wp-block-file--media-5b4b44c2-66b9-43cc-ab08-40a0c486a112\">Lae alla<\/a><\/div>\n\n\n\n<p><\/p>\n\n\n\n<div data-wp-interactive=\"core\/file\" class=\"wp-block-file\"><object data-wp-bind--hidden=\"!state.hasPdfPreview\" hidden class=\"wp-block-file__embed\" data=\"https:\/\/energy4farming.uni-eszterhazy.hu\/wp-content\/uploads\/2021\/11\/Energy4farming_Workshop_LL_2021-1.pdf\" type=\"application\/pdf\" style=\"width:100%;height:600px\" aria-label=\"Lisa Utilization of renewable energy sources to improve the sustainability of farming-1 be\u00e1gyaz\u00e1sa.\"><\/object><a id=\"wp-block-file--media-a1e2d343-14b5-4e8a-8a5a-07b841c1cd49\" href=\"https:\/\/energy4farming.uni-eszterhazy.hu\/wp-content\/uploads\/2021\/11\/Energy4farming_Workshop_LL_2021-1.pdf\">Utilization of renewable energy sources to improve the sustainability of farming-1<\/a><a href=\"https:\/\/energy4farming.uni-eszterhazy.hu\/wp-content\/uploads\/2021\/11\/Energy4farming_Workshop_LL_2021-1.pdf\" class=\"wp-block-file__button\" download aria-describedby=\"wp-block-file--media-a1e2d343-14b5-4e8a-8a5a-07b841c1cd49\">Lae alla<\/a><\/div>\n","protected":false},"excerpt":{"rendered":"<p>LTTA_1_V\u00f5rgus Esimene LTTA viidi ellu osaliselt veebip\u00f5hiselt ajavahemikul esmasp\u00e4ev 15.11 \u2013 19.11.2021. See n\u00e4dal koosnes viiest koolitusest, sealhulgas \u00f5petajate kutse\u00f5ppest. Teemadeks oli IO1 ja IO2 erinevate moodulite integreerimine. Lisaks korraldati metoodiline p\u00e4ev, et tutvustada \u00f5petamisel saadaolevaid t\u00e4iustatud meetodeid. Online LTTA p\u00e4evakava: Fotod: N\u00e4dala esitlused saab alla laadida siit: LTTA_1_Kohalolekul Teine osa projekti l\u00fchiajalisest \u00fchisest personalikoolitusest &hellip; <\/p>\n<p class=\"link-more\"><a href=\"https:\/\/energy4farming.uni-eszterhazy.hu\/ee\/learning-teaching-and-training-activities\/\" class=\"more-link\">Continue reading<span class=\"screen-reader-text\"> &#8220;Koolitus- tegevused\u00a0\ufffc&#8221;<\/span><\/a><\/p>\n","protected":false},"author":1,"featured_media":0,"parent":0,"menu_order":0,"comment_status":"closed","ping_status":"closed","template":"","meta":{"footnotes":""},"class_list":["post-66","page","type-page","status-publish","hentry"],"_links":{"self":[{"href":"https:\/\/energy4farming.uni-eszterhazy.hu\/ee\/wp-json\/wp\/v2\/pages\/66","targetHints":{"allow":["GET"]}}],"collection":[{"href":"https:\/\/energy4farming.uni-eszterhazy.hu\/ee\/wp-json\/wp\/v2\/pages"}],"about":[{"href":"https:\/\/energy4farming.uni-eszterhazy.hu\/ee\/wp-json\/wp\/v2\/types\/page"}],"author":[{"embeddable":true,"href":"https:\/\/energy4farming.uni-eszterhazy.hu\/ee\/wp-json\/wp\/v2\/users\/1"}],"replies":[{"embeddable":true,"href":"https:\/\/energy4farming.uni-eszterhazy.hu\/ee\/wp-json\/wp\/v2\/comments?post=66"}],"version-history":[{"count":110,"href":"https:\/\/energy4farming.uni-eszterhazy.hu\/ee\/wp-json\/wp\/v2\/pages\/66\/revisions"}],"predecessor-version":[{"id":667,"href":"https:\/\/energy4farming.uni-eszterhazy.hu\/ee\/wp-json\/wp\/v2\/pages\/66\/revisions\/667"}],"wp:attachment":[{"href":"https:\/\/energy4farming.uni-eszterhazy.hu\/ee\/wp-json\/wp\/v2\/media?parent=66"}],"curies":[{"name":"wp","href":"https:\/\/api.w.org\/{rel}","templated":true}]}}