{"id":68,"date":"2021-07-05T06:37:35","date_gmt":"2021-07-05T06:37:35","guid":{"rendered":"https:\/\/energy4farming.uni-eszterhazy.hu\/en\/?page_id=68"},"modified":"2021-10-12T16:40:31","modified_gmt":"2021-10-12T16:40:31","slug":"cele","status":"publish","type":"page","link":"https:\/\/energy4farming.uni-eszterhazy.hu\/ee\/cele\/","title":{"rendered":"Eesm\u00e4rgid"},"content":{"rendered":"\n<p>Kuigi Energy4Farming aitab kaasa mitmete horisontaalsete ja valdkondlike prioriteetide saavutamisele, on projekti peamine eesm\u00e4rk keskendunud uute oskuste, ideede ja meetodite andmisele kutse\u00f5ppe\u00f5petajate professionaalseks arenguks. Selle p\u00f5histrateegia seisneb p\u00f5llumajandusettev\u00f5tete taastuvenergiaga seotud kutse\u00f5petajate professionaalse arengu toetamises, samuti juhiste andmises projektip\u00f5hise \u00f5ppe metoodika ja ettev\u00f5tlusoskuste tutvustamiseks ning keeleoskuse arendamiseks. Seet\u00f5ttu on kutsehariduskeskused selle projekti parimad sihtr\u00fchmad &#8211; projekt keskendub peagi t\u00f6\u00f6turule sisenevate p\u00f5llumajandus\u00f5pilaste keskkonna\u00f5ppele. See annab \u00f5pilastele uusi oskusi ja teadmisi s\u00e4\u00e4stvate tehnikate kohta, mis on p\u00f5llumajandussektoris n\u00f5utud, saavutamaks Euroopa Liidu j\u00e4tkusuutlikkuse eesm\u00e4rke. Samuti aitab neil arendada praktilisi kogemusi t\u00e4nu projektip\u00f5hise \u00f5ppe metoodikale, mis edendab koost\u00f6\u00f6d erinevate institutsioonide, organisatsioonide ja ettev\u00f5tete vahel. Kuna see projekt on keskendunud j\u00e4tkusuutlikkust k\u00e4sitlevate teadmiste omandamisele, et v\u00e4hendada keskkonna saastamise m\u00f5ju, t\u00e4iendab see ka keskkonna- ja kliimaeesm\u00e4rkide horisontaalset vajadust.<\/p>\n\n\n\n<p>Tulenevalt eelpool toodut, sidudes neid prioriteetide ja teemadega, on projekti eesm\u00e4rgid j\u00e4rgmised:<\/p>\n\n\n\n<p>&#8211; edendada kutsehariduse p\u00f5llumajandus\u00f5ppe t\u00e4iustamist ja kaasajastamist kutse\u00f5petajate professionaalse arengu kaudu (seoses taastuvenergiaga)<\/p>\n\n\n\n<p>&#8211; kaasata kutse\u00f5ppesse innovatiivsed ettev\u00f5tluspraktikad, mis p\u00f5hinevad taastuvenergia sektori pakutavatel uutel v\u00f5imalustel, mitmekesistamaks maapiirkondade majandustegevust<\/p>\n\n\n\n<p>&#8211; h\u00f5lbustada kutsehariduse p\u00f5llumajandus\u00f5ppes uuenduslike projektip\u00f5histe \u00f5pikogemuste juurutamist, rahuldamaks \u00fchiskondlike vajadusi.Nendest eesm\u00e4rkidest l\u00e4htuvalt on projekti konkreetsemad eesm\u00e4rgid j\u00e4rgmised:<\/p>\n\n\n\n<p>1. Tugevdada kutsehariduse \u00f5petajate oskusi s\u00e4\u00e4stva p\u00f5llumajanduse valdkonnas.<\/p>\n\n\n\n<p>2. Parandada kutsehariduse \u00f5petajate teadmisi taastuvenergia kasulikkusest p\u00f5llumajanduses.<\/p>\n\n\n\n<p>3. Tugevdada p\u00f5llumajandus\u00f5ppe kutsehariduse \u00f5ppekava, tutvustades j\u00e4tkusuutlikkuse kontseptsioone.<\/p>\n\n\n\n<p>4. T\u00f5sta \u00f5pilaste j\u00e4tkusuutlikkuse alast teadlikkust.5. Tugevdada kutse\u00f5ppuri t\u00f6\u00f6alast konkurentsiv\u00f5imet l\u00e4bi t\u00f6\u00f6maailma.<\/p>\n\n\n\n<p>Euroopa Komisjoni toetus k\u00e4esoleva v\u00e4ljaande koostamisele ei t\u00e4henda v\u00e4ljaandes esitatud sisu kinnitamist. V\u00e4ljaandes esitatud sisu peegeldab vaid autorite seisukohti. Euroopa Komisjon ei vastuta selles sisalduva teabe kasutamise eest.<\/p>\n","protected":false},"excerpt":{"rendered":"<p>Kuigi Energy4Farming aitab kaasa mitmete horisontaalsete ja valdkondlike prioriteetide saavutamisele, on projekti peamine eesm\u00e4rk keskendunud uute oskuste, ideede ja meetodite andmisele kutse\u00f5ppe\u00f5petajate professionaalseks arenguks. Selle p\u00f5histrateegia seisneb p\u00f5llumajandusettev\u00f5tete taastuvenergiaga seotud kutse\u00f5petajate professionaalse arengu toetamises, samuti juhiste andmises projektip\u00f5hise \u00f5ppe metoodika ja ettev\u00f5tlusoskuste tutvustamiseks ning keeleoskuse arendamiseks. Seet\u00f5ttu on kutsehariduskeskused selle projekti parimad sihtr\u00fchmad &#8211; projekt &hellip; <\/p>\n<p class=\"link-more\"><a href=\"https:\/\/energy4farming.uni-eszterhazy.hu\/ee\/cele\/\" class=\"more-link\">Continue reading<span class=\"screen-reader-text\"> &#8220;Eesm\u00e4rgid&#8221;<\/span><\/a><\/p>\n","protected":false},"author":1,"featured_media":0,"parent":0,"menu_order":0,"comment_status":"closed","ping_status":"closed","template":"","meta":{"footnotes":""},"class_list":["post-68","page","type-page","status-publish","hentry"],"_links":{"self":[{"href":"https:\/\/energy4farming.uni-eszterhazy.hu\/ee\/wp-json\/wp\/v2\/pages\/68","targetHints":{"allow":["GET"]}}],"collection":[{"href":"https:\/\/energy4farming.uni-eszterhazy.hu\/ee\/wp-json\/wp\/v2\/pages"}],"about":[{"href":"https:\/\/energy4farming.uni-eszterhazy.hu\/ee\/wp-json\/wp\/v2\/types\/page"}],"author":[{"embeddable":true,"href":"https:\/\/energy4farming.uni-eszterhazy.hu\/ee\/wp-json\/wp\/v2\/users\/1"}],"replies":[{"embeddable":true,"href":"https:\/\/energy4farming.uni-eszterhazy.hu\/ee\/wp-json\/wp\/v2\/comments?post=68"}],"version-history":[{"count":16,"href":"https:\/\/energy4farming.uni-eszterhazy.hu\/ee\/wp-json\/wp\/v2\/pages\/68\/revisions"}],"predecessor-version":[{"id":303,"href":"https:\/\/energy4farming.uni-eszterhazy.hu\/ee\/wp-json\/wp\/v2\/pages\/68\/revisions\/303"}],"wp:attachment":[{"href":"https:\/\/energy4farming.uni-eszterhazy.hu\/ee\/wp-json\/wp\/v2\/media?parent=68"}],"curies":[{"name":"wp","href":"https:\/\/api.w.org\/{rel}","templated":true}]}}