{"id":12,"date":"2021-07-05T05:57:04","date_gmt":"2021-07-05T05:57:04","guid":{"rendered":"https:\/\/energy4farming.uni-eszterhazy.hu\/?page_id=12"},"modified":"2023-02-10T07:45:31","modified_gmt":"2023-02-10T07:45:31","slug":"rolunk","status":"publish","type":"page","link":"https:\/\/energy4farming.uni-eszterhazy.hu\/es\/","title":{"rendered":"inicio"},"content":{"rendered":"\n<figure class=\"wp-block-image size-large\"><img loading=\"lazy\" decoding=\"async\" width=\"1024\" height=\"210\" src=\"https:\/\/energy4farming.uni-eszterhazy.hu\/wp-content\/uploads\/2023\/02\/logosbeneficaireserasmusright_es_0-1024x210.jpg\" alt=\"\" class=\"wp-image-1249\" srcset=\"https:\/\/energy4farming.uni-eszterhazy.hu\/wp-content\/uploads\/2023\/02\/logosbeneficaireserasmusright_es_0-1024x210.jpg 1024w, https:\/\/energy4farming.uni-eszterhazy.hu\/wp-content\/uploads\/2023\/02\/logosbeneficaireserasmusright_es_0-300x62.jpg 300w, https:\/\/energy4farming.uni-eszterhazy.hu\/wp-content\/uploads\/2023\/02\/logosbeneficaireserasmusright_es_0-768x158.jpg 768w, https:\/\/energy4farming.uni-eszterhazy.hu\/wp-content\/uploads\/2023\/02\/logosbeneficaireserasmusright_es_0.jpg 1134w\" sizes=\"auto, (max-width: 767px) 89vw, (max-width: 1000px) 54vw, (max-width: 1071px) 543px, 580px\" \/><\/figure>\n\n\n\n<p><em>Enerfy4Farming es un proyecto internacional apoyado por el programa Erasmus+<\/em><\/p>\n\n\n\n<p><em>N\u00famero de proyecto: 2020-1-ES01-KA202-082440&nbsp;<\/em><\/p>\n\n\n\n<p><em>El resumen oficial del proyecto lo puedes encontrar aqu\u00ed:<\/em><\/p>\n\n\n\n<p><a href=\"https:\/\/ec.europa.eu\/programmes\/erasmus-plus\/projects\/eplus-project-details\/#project\/2020-1-ES01-KA202-082440\">Descripci\u00f3n del proyecto desde la p\u00e1gina oficial de la Uni\u00f3n Europea<\/a><\/p>\n\n\n\n<p>El proyecto est\u00e1 cofinanciado por el programa Erasmus+ de la Uni\u00f3n Europea. El contenido de p\u00e1gina web es responsabilidad exclusiva de los autores y ni la Comisi\u00f3n Europea, ni el Servicio Espa\u00f1ol para la Internacionalizaci\u00f3n de la Educaci\u00f3n (SEPIE) son responsables del uso que pueda hacerse de la informaci\u00f3n aqu\u00ed difundida.<\/p>\n\n\n\n<figure class=\"wp-block-image size-full\"><img loading=\"lazy\" decoding=\"async\" width=\"400\" height=\"100\" src=\"https:\/\/energy4farming.uni-eszterhazy.hu\/wp-content\/uploads\/2021\/10\/image013.gif\" alt=\"\" class=\"wp-image-292\"\/><\/figure>\n","protected":false},"excerpt":{"rendered":"<p>Enerfy4Farming es un proyecto internacional apoyado por el programa Erasmus+ N\u00famero de proyecto: 2020-1-ES01-KA202-082440&nbsp; El resumen oficial del proyecto lo puedes encontrar aqu\u00ed: Descripci\u00f3n del proyecto desde la p\u00e1gina oficial de la Uni\u00f3n Europea El proyecto est\u00e1 cofinanciado por el programa Erasmus+ de la Uni\u00f3n Europea. El contenido de p\u00e1gina web es responsabilidad exclusiva de &hellip; <\/p>\n<p class=\"link-more\"><a href=\"https:\/\/energy4farming.uni-eszterhazy.hu\/es\/\" class=\"more-link\">Continue reading<span class=\"screen-reader-text\"> &#8220;inicio&#8221;<\/span><\/a><\/p>\n","protected":false},"author":1,"featured_media":0,"parent":0,"menu_order":0,"comment_status":"closed","ping_status":"closed","template":"","meta":{"footnotes":""},"class_list":["post-12","page","type-page","status-publish","hentry"],"_links":{"self":[{"href":"https:\/\/energy4farming.uni-eszterhazy.hu\/es\/wp-json\/wp\/v2\/pages\/12","targetHints":{"allow":["GET"]}}],"collection":[{"href":"https:\/\/energy4farming.uni-eszterhazy.hu\/es\/wp-json\/wp\/v2\/pages"}],"about":[{"href":"https:\/\/energy4farming.uni-eszterhazy.hu\/es\/wp-json\/wp\/v2\/types\/page"}],"author":[{"embeddable":true,"href":"https:\/\/energy4farming.uni-eszterhazy.hu\/es\/wp-json\/wp\/v2\/users\/1"}],"replies":[{"embeddable":true,"href":"https:\/\/energy4farming.uni-eszterhazy.hu\/es\/wp-json\/wp\/v2\/comments?post=12"}],"version-history":[{"count":56,"href":"https:\/\/energy4farming.uni-eszterhazy.hu\/es\/wp-json\/wp\/v2\/pages\/12\/revisions"}],"predecessor-version":[{"id":1256,"href":"https:\/\/energy4farming.uni-eszterhazy.hu\/es\/wp-json\/wp\/v2\/pages\/12\/revisions\/1256"}],"wp:attachment":[{"href":"https:\/\/energy4farming.uni-eszterhazy.hu\/es\/wp-json\/wp\/v2\/media?parent=12"}],"curies":[{"name":"wp","href":"https:\/\/api.w.org\/{rel}","templated":true}]}}