{"id":185,"date":"2021-09-21T07:17:43","date_gmt":"2021-09-21T07:17:43","guid":{"rendered":"https:\/\/energy4farming.uni-eszterhazy.hu\/en\/?page_id=185"},"modified":"2021-10-12T16:37:25","modified_gmt":"2021-10-12T16:37:25","slug":"the-project","status":"publish","type":"page","link":"https:\/\/energy4farming.uni-eszterhazy.hu\/es\/the-project\/","title":{"rendered":"El proyecto"},"content":{"rendered":"\n<p>Los pa\u00edses de la Uni\u00f3n Europea han reforzado el compromiso con las energ\u00edas verdes al incluir un nuevo objetivo del 32% procedente de renovables para 2030 (Parlamento Europeo, 2018). Al mismo tiempo, la Pol\u00edtica Agr\u00edcola Com\u00fan (PAC) se centra en los retos socioecon\u00f3micos a los que se enfrentan la agricultura y las zonas rurales.&nbsp;&nbsp;La agricultura tiene un enorme impacto ambiental, pero hay nuevas t\u00e9cnicas y pr\u00e1cticas que se han implementado para lograr una agricultura m\u00e1s sostenible. Este proyecto aborda las necesidades actuales para promover una agricultura m\u00e1s sostenible, con la ayuda de las energ\u00edas renovables, a trav\u00e9s de los centros de formaci\u00f3n profesional agrarias.<\/p>\n\n\n\n<h2 class=\"wp-block-heading\">En este marco, los objetivos de Energy4Farming son los siguientes:<\/h2>\n\n\n\n<ul class=\"wp-block-list\"><li>Promover la mejora y modernizaci\u00f3n de los estudios de FP agr\u00edcolas a trav\u00e9s del desarrollo profesional de los profesores (en relaci\u00f3n con las energ\u00edas renovables)<\/li><li>Incluir pr\u00e1cticas empresariales innovadoras en la FP basadas en las nuevas oportunidades que ofrece el sector de las energ\u00edas renovables para diversificar las actividades de la econom\u00eda rural<\/li><\/ul>\n\n\n\n<p>Facilitar la introducci\u00f3n de experiencias de aprendizaje innovadoras basadas en proyectos para satisfacer las necesidades de la sociedad en los estudios de FP agraria mediante el enfoque educativo del aprendizaje basado en proyectos<\/p>\n","protected":false},"excerpt":{"rendered":"<p>Los pa\u00edses de la Uni\u00f3n Europea han reforzado el compromiso con las energ\u00edas verdes al incluir un nuevo objetivo del 32% procedente de renovables para 2030 (Parlamento Europeo, 2018). Al mismo tiempo, la Pol\u00edtica Agr\u00edcola Com\u00fan (PAC) se centra en los retos socioecon\u00f3micos a los que se enfrentan la agricultura y las zonas rurales.&nbsp;&nbsp;La agricultura &hellip; <\/p>\n<p class=\"link-more\"><a href=\"https:\/\/energy4farming.uni-eszterhazy.hu\/es\/the-project\/\" class=\"more-link\">Continue reading<span class=\"screen-reader-text\"> &#8220;El proyecto&#8221;<\/span><\/a><\/p>\n","protected":false},"author":1,"featured_media":0,"parent":0,"menu_order":0,"comment_status":"closed","ping_status":"closed","template":"","meta":{"footnotes":""},"class_list":["post-185","page","type-page","status-publish","hentry"],"_links":{"self":[{"href":"https:\/\/energy4farming.uni-eszterhazy.hu\/es\/wp-json\/wp\/v2\/pages\/185","targetHints":{"allow":["GET"]}}],"collection":[{"href":"https:\/\/energy4farming.uni-eszterhazy.hu\/es\/wp-json\/wp\/v2\/pages"}],"about":[{"href":"https:\/\/energy4farming.uni-eszterhazy.hu\/es\/wp-json\/wp\/v2\/types\/page"}],"author":[{"embeddable":true,"href":"https:\/\/energy4farming.uni-eszterhazy.hu\/es\/wp-json\/wp\/v2\/users\/1"}],"replies":[{"embeddable":true,"href":"https:\/\/energy4farming.uni-eszterhazy.hu\/es\/wp-json\/wp\/v2\/comments?post=185"}],"version-history":[{"count":11,"href":"https:\/\/energy4farming.uni-eszterhazy.hu\/es\/wp-json\/wp\/v2\/pages\/185\/revisions"}],"predecessor-version":[{"id":297,"href":"https:\/\/energy4farming.uni-eszterhazy.hu\/es\/wp-json\/wp\/v2\/pages\/185\/revisions\/297"}],"wp:attachment":[{"href":"https:\/\/energy4farming.uni-eszterhazy.hu\/es\/wp-json\/wp\/v2\/media?parent=185"}],"curies":[{"name":"wp","href":"https:\/\/api.w.org\/{rel}","templated":true}]}}