{"id":393,"date":"2022-01-17T06:40:59","date_gmt":"2022-01-17T06:40:59","guid":{"rendered":"https:\/\/energy4farming.uni-eszterhazy.hu\/?page_id=393"},"modified":"2023-02-17T10:37:28","modified_gmt":"2023-02-17T10:37:28","slug":"intellektuaalsed-valjundid","status":"publish","type":"page","link":"https:\/\/energy4farming.uni-eszterhazy.hu\/es\/intellektuaalsed-valjundid\/","title":{"rendered":"RESULTADOS INTELECTUALES"},"content":{"rendered":"\n<p class=\"has-medium-font-size\">Resultado intelectual 1<\/p>\n\n\n\n<p><em>Manual para profesores de FP agr\u00edcola:<\/em> <em>Introducci\u00f3n y beneficios de la agricultura sostenible<\/em><\/p>\n\n\n\n<div data-wp-interactive=\"core\/file\" class=\"wp-block-file\"><object data-wp-bind--hidden=\"!state.hasPdfPreview\" hidden class=\"wp-block-file__embed\" data=\"https:\/\/energy4farming.uni-eszterhazy.hu\/wp-content\/uploads\/2023\/02\/IO1_MOD1_ESP-3-30_merged.pdf\" type=\"application\/pdf\" style=\"width:100%;height:600px\" aria-label=\"PDF lisamine\"><\/object><\/div>\n\n\n\n<div class=\"wp-block-buttons is-layout-flex wp-block-buttons-is-layout-flex\">\n<div class=\"wp-block-button is-style-outline is-style-outline--1\"><a class=\"wp-block-button__link wp-element-button\" href=\"https:\/\/energy4farming.uni-eszterhazy.hu\/download\/862\/\">Descargar<\/a><\/div>\n<\/div>\n\n\n\n<hr class=\"wp-block-separator has-css-opacity\"\/>\n\n\n\n<p><\/p>\n\n\n\n<p><em>Manual para profesores de FP agr\u00edcola:<\/em> <em>Aplicaci\u00f3n de energ\u00edas renovables en la agricultura<\/em><\/p>\n\n\n\n<div data-wp-interactive=\"core\/file\" class=\"wp-block-file\"><object data-wp-bind--hidden=\"!state.hasPdfPreview\" hidden class=\"wp-block-file__embed\" data=\"https:\/\/energy4farming.uni-eszterhazy.hu\/wp-content\/uploads\/2023\/02\/IO1_MOD2_ESP-3-30_merged.pdf\" type=\"application\/pdf\" style=\"width:100%;height:600px\" aria-label=\"PDF lisamine\"><\/object><\/div>\n\n\n\n<div class=\"wp-block-buttons is-layout-flex wp-block-buttons-is-layout-flex\">\n<div class=\"wp-block-button is-style-outline is-style-outline--2\"><a class=\"wp-block-button__link wp-element-button\" href=\"https:\/\/energy4farming.uni-eszterhazy.hu\/download\/865\/\">Descargar<\/a><\/div>\n<\/div>\n\n\n\n<hr class=\"wp-block-separator has-css-opacity\"\/>\n\n\n\n<p><\/p>\n\n\n\n<p><em>Manual para profesores de FP agr\u00edcola:<\/em> <em>Mercado de las energ\u00edas renovables<\/em><\/p>\n\n\n\n<div data-wp-interactive=\"core\/file\" class=\"wp-block-file\"><object data-wp-bind--hidden=\"!state.hasPdfPreview\" hidden class=\"wp-block-file__embed\" data=\"https:\/\/energy4farming.uni-eszterhazy.hu\/wp-content\/uploads\/2023\/02\/IO1_MOD3_ESP-3-27_merged.pdf\" type=\"application\/pdf\" style=\"width:100%;height:600px\" aria-label=\"PDF lisamine\"><\/object><\/div>\n\n\n\n<hr class=\"wp-block-separator has-css-opacity\"\/>\n\n\n\n<div class=\"wp-block-buttons is-layout-flex wp-block-buttons-is-layout-flex\">\n<div class=\"wp-block-button is-style-outline is-style-outline--3\"><a class=\"wp-block-button__link wp-element-button\" href=\"https:\/\/energy4farming.uni-eszterhazy.hu\/download\/868\/\">Descargar<\/a><\/div>\n<\/div>\n\n\n\n<p><\/p>\n\n\n\n<p class=\"has-medium-font-size\">Resultado intelectual 2<\/p>\n\n\n\n<p>El resultado intelectual 2 es una gu\u00eda m\u00e1s pr\u00e1ctica para el profesorado, para aprender c\u00f3mo implementar los contenidos del IO1. En este caso, el documento se centra en el uso de las energ\u00edas renovables desde un punto de vista sostenible. Esta gu\u00eda explica una metodolog\u00eda innovadora llamada aprendizaje basado en proyectos, ayudando a comprender c\u00f3mo funciona, cu\u00e1les son sus caracter\u00edsticas y beneficios, y una breve introducci\u00f3n a su aplicaci\u00f3n. Para mejorar la usabilidad, tambi\u00e9n muestra dos ejemplos realizados por los centros de FP sobre c\u00f3mo introducir la metodolog\u00eda en sus dos contextos diferentes. Por \u00faltimo, al final del documento, se pueden encontrar dos ejemplos paso a paso de prototipos sencillos, y dos prototipos experimentales que pueden inspirar al profesorado para reproducirlos o mejorarlos.<\/p>\n\n\n\n<p>Module 1: introduction to start-up: what we need to have into mind when creating a new business (environmental, economic and social sustainability;)<\/p>\n\n\n\n<div data-wp-interactive=\"core\/file\" class=\"wp-block-file\"><object data-wp-bind--hidden=\"!state.hasPdfPreview\" hidden class=\"wp-block-file__embed\" data=\"https:\/\/energy4farming.uni-eszterhazy.hu\/wp-content\/uploads\/2023\/02\/Module-1_Marco-teorico.pdf\" type=\"application\/pdf\" style=\"width:100%;height:600px\" aria-label=\"PDF lisamine\"><\/object><\/div>\n\n\n\n<div class=\"wp-block-buttons is-layout-flex wp-block-buttons-is-layout-flex\">\n<div class=\"wp-block-button is-style-outline is-style-outline--4\"><a class=\"wp-block-button__link wp-element-button\" href=\"https:\/\/energy4farming.uni-eszterhazy.hu\/download\/871\/\">Descargar<\/a><\/div>\n<\/div>\n\n\n\n<p><\/p>\n\n\n\n<p>Module 2: farming sustainable businesses: how to create a sustainable business plan including renewable energies (certifications; requirements; legal framework)&nbsp;<\/p>\n\n\n\n<div data-wp-interactive=\"core\/file\" class=\"wp-block-file\"><object data-wp-bind--hidden=\"!state.hasPdfPreview\" hidden class=\"wp-block-file__embed\" data=\"https:\/\/energy4farming.uni-eszterhazy.hu\/wp-content\/uploads\/2023\/02\/Modulo-2_Implementacion.pdf\" type=\"application\/pdf\" style=\"width:100%;height:600px\" aria-label=\"PDF lisamine\"><\/object><\/div>\n\n\n\n<div class=\"wp-block-buttons is-layout-flex wp-block-buttons-is-layout-flex\">\n<div class=\"wp-block-button is-style-outline is-style-outline--5\"><a class=\"wp-block-button__link wp-element-button\" href=\"https:\/\/energy4farming.uni-eszterhazy.hu\/download\/874\/\">Descargar<\/a><\/div>\n<\/div>\n\n\n\n<p><\/p>\n\n\n\n<p>Module 3: success cases of agricultural sustainable businesses with renewable energies<\/p>\n\n\n\n<div data-wp-interactive=\"core\/file\" class=\"wp-block-file\"><object data-wp-bind--hidden=\"!state.hasPdfPreview\" hidden class=\"wp-block-file__embed\" data=\"https:\/\/energy4farming.uni-eszterhazy.hu\/wp-content\/uploads\/2023\/02\/Modulo-3_Ejemplos-practicos.pdf\" type=\"application\/pdf\" style=\"width:100%;height:600px\" aria-label=\"PDF lisamine\"><\/object><\/div>\n\n\n\n<div class=\"wp-block-buttons is-layout-flex wp-block-buttons-is-layout-flex\">\n<div class=\"wp-block-button is-style-outline is-style-outline--6\"><a class=\"wp-block-button__link wp-element-button\" href=\"https:\/\/energy4farming.uni-eszterhazy.hu\/download\/878\/\">Descargar<\/a><\/div>\n<\/div>\n\n\n\n<p><\/p>\n\n\n\n<p>Tutorial: How to create a THERMOSIPHON<\/p>\n\n\n\n<figure class=\"wp-block-embed is-type-video is-provider-youtube wp-block-embed-youtube wp-embed-aspect-16-9 wp-has-aspect-ratio\"><div class=\"wp-block-embed__wrapper\">\n<iframe loading=\"lazy\" title=\"TUTORIAL: How to create a THERMOSIPHON\" width=\"525\" height=\"295\" src=\"https:\/\/www.youtube.com\/embed\/QcAHHdUoQnY?feature=oembed\" frameborder=\"0\" allow=\"accelerometer; autoplay; clipboard-write; encrypted-media; gyroscope; picture-in-picture; web-share\" referrerpolicy=\"strict-origin-when-cross-origin\" allowfullscreen><\/iframe>\n<\/div><\/figure>\n\n\n\n<p><\/p>\n\n\n\n<p><strong>Intellectual outputs <\/strong>3<\/p>\n\n\n\n<p>Guide on sustainable start-up creation with renewable energies.<\/p>\n\n\n\n<p>Module 1: Introduction to start-up: what we need to have into mind when creating a new business (environmental, economic and social sustainability).<\/p>\n\n\n\n<div data-wp-interactive=\"core\/file\" class=\"wp-block-file\"><object data-wp-bind--hidden=\"!state.hasPdfPreview\" hidden class=\"wp-block-file__embed\" data=\"https:\/\/energy4farming.uni-eszterhazy.hu\/wp-content\/uploads\/2023\/02\/IO3_Module1_ES-1.pdf\" type=\"application\/pdf\" style=\"width:100%;height:600px\" aria-label=\"PDF lisamine\"><\/object><\/div>\n\n\n\n<div class=\"wp-block-buttons is-layout-flex wp-block-buttons-is-layout-flex\">\n<div class=\"wp-block-button is-style-outline is-style-outline--7\"><a class=\"wp-block-button__link wp-element-button\" href=\"https:\/\/energy4farming.uni-eszterhazy.hu\/download\/881\/\">Descargar<\/a><\/div>\n<\/div>\n\n\n\n<p><\/p>\n\n\n\n<p>Module 2: FARMING SUSTAINABLE BUSINESS: HOW TO CREATE A SUSTAINABLE BUSINESS PLAN INCLUDING RENEWABLE ENERGIES: CERTIFICATIONS, REQUIREMENTS, LEGAL FRAMEWORK.<\/p>\n\n\n\n<div data-wp-interactive=\"core\/file\" class=\"wp-block-file\"><object data-wp-bind--hidden=\"!state.hasPdfPreview\" hidden class=\"wp-block-file__embed\" data=\"https:\/\/energy4farming.uni-eszterhazy.hu\/wp-content\/uploads\/2023\/02\/IO3_Module2_ES.pdf\" type=\"application\/pdf\" style=\"width:100%;height:600px\" aria-label=\"PDF lisamine\"><\/object><\/div>\n\n\n\n<div class=\"wp-block-buttons is-layout-flex wp-block-buttons-is-layout-flex\">\n<div class=\"wp-block-button is-style-outline is-style-outline--8\"><a class=\"wp-block-button__link wp-element-button\" href=\"https:\/\/energy4farming.uni-eszterhazy.hu\/download\/884\/\">Descargar<\/a><\/div>\n<\/div>\n\n\n\n<p><\/p>\n\n\n\n<p>Module 3: SUCCESS CASES OF AGRICULTURAL SUSTAINABLE BUSINESSES.<\/p>\n\n\n\n<p><\/p>\n\n\n\n<div data-wp-interactive=\"core\/file\" class=\"wp-block-file\"><object data-wp-bind--hidden=\"!state.hasPdfPreview\" hidden class=\"wp-block-file__embed\" data=\"https:\/\/energy4farming.uni-eszterhazy.hu\/wp-content\/uploads\/2023\/02\/IO3_-Module3_ES.pdf\" type=\"application\/pdf\" style=\"width:100%;height:600px\" aria-label=\"PDF lisamine\"><\/object><\/div>\n\n\n\n<div class=\"wp-block-buttons is-layout-flex wp-block-buttons-is-layout-flex\">\n<div class=\"wp-block-button is-style-outline is-style-outline--9\"><a class=\"wp-block-button__link wp-element-button\" href=\"https:\/\/energy4farming.uni-eszterhazy.hu\/download\/887\/\">Descargar<\/a><\/div>\n<\/div>\n","protected":false},"excerpt":{"rendered":"<p>Resultado intelectual 1 Manual para profesores de FP agr\u00edcola: Introducci\u00f3n y beneficios de la agricultura sostenible Manual para profesores de FP agr\u00edcola: Aplicaci\u00f3n de energ\u00edas renovables en la agricultura Manual para profesores de FP agr\u00edcola: Mercado de las energ\u00edas renovables Resultado intelectual 2 El resultado intelectual 2 es una gu\u00eda m\u00e1s pr\u00e1ctica para el profesorado, &hellip; <\/p>\n<p class=\"link-more\"><a href=\"https:\/\/energy4farming.uni-eszterhazy.hu\/es\/intellektuaalsed-valjundid\/\" class=\"more-link\">Continue reading<span class=\"screen-reader-text\"> &#8220;RESULTADOS INTELECTUALES&#8221;<\/span><\/a><\/p>\n","protected":false},"author":1,"featured_media":0,"parent":0,"menu_order":0,"comment_status":"closed","ping_status":"closed","template":"","meta":{"footnotes":""},"class_list":["post-393","page","type-page","status-publish","hentry"],"_links":{"self":[{"href":"https:\/\/energy4farming.uni-eszterhazy.hu\/es\/wp-json\/wp\/v2\/pages\/393","targetHints":{"allow":["GET"]}}],"collection":[{"href":"https:\/\/energy4farming.uni-eszterhazy.hu\/es\/wp-json\/wp\/v2\/pages"}],"about":[{"href":"https:\/\/energy4farming.uni-eszterhazy.hu\/es\/wp-json\/wp\/v2\/types\/page"}],"author":[{"embeddable":true,"href":"https:\/\/energy4farming.uni-eszterhazy.hu\/es\/wp-json\/wp\/v2\/users\/1"}],"replies":[{"embeddable":true,"href":"https:\/\/energy4farming.uni-eszterhazy.hu\/es\/wp-json\/wp\/v2\/comments?post=393"}],"version-history":[{"count":276,"href":"https:\/\/energy4farming.uni-eszterhazy.hu\/es\/wp-json\/wp\/v2\/pages\/393\/revisions"}],"predecessor-version":[{"id":1530,"href":"https:\/\/energy4farming.uni-eszterhazy.hu\/es\/wp-json\/wp\/v2\/pages\/393\/revisions\/1530"}],"wp:attachment":[{"href":"https:\/\/energy4farming.uni-eszterhazy.hu\/es\/wp-json\/wp\/v2\/media?parent=393"}],"curies":[{"name":"wp","href":"https:\/\/api.w.org\/{rel}","templated":true}]}}