{"id":61,"date":"2021-07-05T06:36:33","date_gmt":"2021-07-05T06:36:33","guid":{"rendered":"https:\/\/energy4farming.uni-eszterhazy.hu\/en\/?page_id=61"},"modified":"2021-10-12T16:40:11","modified_gmt":"2021-10-12T16:40:11","slug":"wzmacniacz","status":"publish","type":"page","link":"https:\/\/energy4farming.uni-eszterhazy.hu\/es\/wzmacniacz\/","title":{"rendered":"Socios"},"content":{"rendered":"\n<p>Fundaci\u00f3n de la Comunitat Valenciana para una econom\u00eda baja en carb\u00f3n<\/p>\n\n\n\n<p>La Fundaci\u00f3n Low Carbon Economy es una organizaci\u00f3n no gubernamental (ONG) registrada como Fundaci\u00f3n Ambiental en la Comunidad Valenciana (c\u00f3digo de registro CV-110). La Fundaci\u00f3n se cre\u00f3 en 2014 y est\u00e1 ubicada en La Vall d&#8217;Uix\u00f3, una peque\u00f1a localidad de 31.000 habitantes en la provincia de Castell\u00f3n (Comunidad Valenciana). Sus miembros son profesionales de la ingenier\u00eda, la educaci\u00f3n, la sostenibilidad y el emprendimiento, y colaboran con una amplia red de centros educativos de FP, empresas verdes, asociaciones ecol\u00f3gicas y organizaciones juveniles.&nbsp;&nbsp;Seg\u00fan sus estatutos, el objetivo principal de la Fundaci\u00f3n es promover la formaci\u00f3n, la divulgaci\u00f3n, la demostraci\u00f3n, la tutor\u00eda, el asesoramiento y la gesti\u00f3n en \u00e1reas medioambientales basadas en un modelo de econom\u00eda baja en carbono. En concreto, los principales campos de conocimiento de la Fundaci\u00f3n son:<\/p>\n\n\n\n<ul class=\"wp-block-list\"><li>Energ\u00edas renovables y eficiencia energ\u00e9tica<\/li><li>Valorizaci\u00f3n de residuos agroforestales<\/li><li>Conservaci\u00f3n y regeneraci\u00f3n ambiental<\/li><li>Bioconstrucci\u00f3n<\/li><li>Cooperaci\u00f3n al desarrollo y desarrollo rural<\/li><li>Econom\u00eda social, solidaridad y comercio justo<\/li><\/ul>\n\n\n\n<p>Website:&nbsp;<a href=\"https:\/\/www.lowcarboneconomy.org\/\" target=\"_blank\" rel=\"noreferrer noopener\">https:\/\/www.lowcarboneconomy.org\/<\/a><\/p>\n\n\n\n<p>IG:&nbsp;<a href=\"https:\/\/www.instagram.com\/lowcarboneconomy\" target=\"_blank\" rel=\"noreferrer noopener\">https:\/\/www.instagram.com\/lowcarboneconomy<\/a><\/p>\n\n\n\n<p>Facebook:&nbsp;<a href=\"https:\/\/www.facebook.com\/lowcarbon.economy\/\" target=\"_blank\" rel=\"noreferrer noopener\">https:\/\/www.facebook.com\/lowcarbon.economy\/<\/a><\/p>\n\n\n\n<p>Twitter:&nbsp;<a href=\"https:\/\/mobile.twitter.com\/lowcarboneco\" target=\"_blank\" rel=\"noreferrer noopener\">https:\/\/mobile.twitter.com\/lowcarboneco<\/a><\/p>\n\n\n\n<p>TikTok:&nbsp;<a href=\"https:\/\/vm.tiktok.com\/ZMRSXqujH\/\" target=\"_blank\" rel=\"noreferrer noopener\">https:\/\/vm.tiktok.com\/ZMRSXqujH\/<\/a><\/p>\n\n\n\n<p>LinkedIn:&nbsp;<a href=\"https:\/\/www.linkedin.com\/in\/lowcarboneconomy-foundation-6776101a2\" target=\"_blank\" rel=\"noreferrer noopener\">https:\/\/www.linkedin.com\/in\/lowcarboneconomy-foundation-6776101a2<\/a><\/p>\n\n\n\n<h2 class=\"wp-block-heading\">EFA La Malves\u00eda<\/h2>\n\n\n\n<p>EFA \u201cLa Malves\u00eda\u201d es una escuela semiprivada que ofrece formaci\u00f3n profesional agr\u00edcola y educaci\u00f3n secundaria desde 1970. La instituci\u00f3n tiene una gran importancia en torno a las zonas rurales ya que cuenta con m\u00e1s de 600 alumnos que provienen de diferentes pueblos de la Comunidad Valenciana.&nbsp;&nbsp;Forma parte de la UNEFA (Uni\u00f3n de Escuelas Familiares Agrarias) que re\u00fane a 27 EFAs en Espa\u00f1a. Adem\u00e1s, UNEFA est\u00e1 integrada en la AIMFR (Asociaci\u00f3n Internacional de Maisons Familiar Rural). Todas las escuelas de esta asociaci\u00f3n siguen el mismo sistema de formaci\u00f3n. La principal caracter\u00edstica de su sistema educativo es la alternancia de etapas entre la escuela y la empresa, muy cercana al sistema dual alem\u00e1n. Esto se ha aplicado desde los or\u00edgenes del centro. La metodolog\u00eda desarrolla la empleabilidad y, adem\u00e1s, propicia una estrecha relaci\u00f3n con empresas del sector agr\u00edcola y forestal de la regi\u00f3n. Actualmente, tienen acuerdos con m\u00e1s de 600 empresas. Entre ellas hay instituciones p\u00fablicas (como la Consejer\u00eda de Agricultura, el Ministerio de Medio Ambiente), as\u00ed como empresas de peque\u00f1o tama\u00f1o.<\/p>\n\n\n\n<h2 class=\"wp-block-heading\">Area Europa<\/h2>\n\n\n\n<p>Area Europa es una empresa de consultor\u00eda cooperativa, creada en Bolonia en 1999, con el objetivo de promover la cooperaci\u00f3n y el desarrollo social y econ\u00f3mico en Europa. Sus servicios se centran en el dise\u00f1o, la coordinaci\u00f3n y la gesti\u00f3n financiera de proyectos financiados por la UE, as\u00ed como en la consultor\u00eda de estrategia y desarrollo empresarial, la organizaci\u00f3n de eventos y la formaci\u00f3n. Gracias al equipo interdisciplinar, sus colaboradores experimentados y una amplia red de socios, la empresa ofrece numerosos servicios espec\u00edficos. Area Europa ofrece servicios integrados a empresas cada vez m\u00e1s orientadas a los mercados europeos y extraeuropeos. La creaci\u00f3n y gesti\u00f3n de una Oficina Exterior Temporal y la asistencia a redes empresariales y cl\u00fasteres regionales y transnacionales, as\u00ed como la apertura de nuevos mercados y canales de venta, son algunas de las herramientas que Area Europa pone en marcha con \u00e9xito para ayudar a las empresas a construir su posici\u00f3n en Europa y en el mundo.&nbsp;&nbsp;Area Europa promueve la cooperaci\u00f3n para el desarrollo territorial sostenible, tanto en zonas rurales como urbanas. Gracias a la red implementada en sus 15 a\u00f1os de historia, Area Europa desarrolla y gestiona proyectos piloto y redes de territorios con el apoyo de financiaci\u00f3n europea, nacional y regional, siempre con el objetivo de potenciar los recursos locales, salvaguardar el medio ambiente y los paisajes, y reforzar las capacidades empresariales e inclusivas de los territorios. Un activo particular es la experiencia en el sector del vino, los productos locales, la agricultura sostenible, el cambio clim\u00e1tico, y el turismo rural y cultural. Area Europa es una cooperativa de t\u00e9cnicos y consultores activos en dos sectores principales&nbsp;<\/p>\n\n\n\n<ul class=\"wp-block-list\"><li>Gesti\u00f3n medioambiental<\/li><li>Desarrollo rural<\/li><\/ul>\n\n\n\n<h2 class=\"wp-block-heading\">Centro de Formaci\u00f3n Profesional J\u00e4rvamaa<\/h2>\n\n\n\n<p>El principal campo de estudio de JKHK son los agr\u00edcolas. La mayor\u00eda de sus alumnos son estudiantes de agricultura y muchos de ellos provienen de zonas rurales. Hace 10 a\u00f1os, se fundaron dos escuelas, siendo una de ellas la escuela de agricultura. Entre su personal, hay profesores con m\u00e1s de 30 a\u00f1os de experiencia en la ense\u00f1anza de la agricultura. El centro cuenta con establos para caballos, una granja de vacas con 60 vacas de orde\u00f1o y 500 acres de tierra de cultivo. Son la \u00fanica escuela que imparte formaci\u00f3n en piscicultura, gesti\u00f3n de caballos y auxiliar de veterinaria en Estonia. Debido a las numerosas instalaciones de la granja, as\u00ed como a la gran extensi\u00f3n de terreno, y dado que son especialistas en educaci\u00f3n agr\u00edcola, las habilidades ecol\u00f3gicas en la agricultura son muy importantes para la escuela.&nbsp;&nbsp;Por lo tanto, a trav\u00e9s de este proyecto les gustar\u00eda aumentar los conocimientos verdes tanto para sus profesores como para los estudiantes, as\u00ed como ser un promotor de las habilidades verdes en Estonia entre las escuelas agr\u00edcolas y los proveedores de educaci\u00f3n.<\/p>\n\n\n\n<h2 class=\"wp-block-heading\">Asociaci\u00f3n de Educaci\u00f3n Agr\u00edcola y Forestal EUROPEA Polonia<\/h2>\n\n\n\n<p>EUROPEA Polonia es una asociaci\u00f3n de escuelas e instituciones del sector verde. Se trata de una red muy bien organizada de escuelas e instituciones educativas que operan en el sector de la econom\u00eda verde (es decir, la agricultura, la silvicultura, la arquitectura del paisaje, la agroindustria, el agroturismo, la gastronom\u00eda y la nutrici\u00f3n y otras industrias relacionadas). Adem\u00e1s, forma parte de EUROPEA Internacional (www.europea.org), una instituci\u00f3n sin \u00e1nimo de lucro fundada en 1993 por la ley belga, pero Europea-PL se cre\u00f3 en 2005. En la red EUROPEA INTERNACIONAL hay actualmente 25 miembros de la UE y dos miembros de pa\u00edses asociados.&nbsp;&nbsp;Las tareas estatutarias de Europea-PL son: el intercambio de buenas pr\u00e1cticas en la educaci\u00f3n profesional europea, la organizaci\u00f3n de pr\u00e1cticas, el inicio de la cooperaci\u00f3n internacional para mejorar la calidad de la educaci\u00f3n profesional, la difusi\u00f3n del concepto ECVET, la preparaci\u00f3n de escuelas del sector verde para el cambio clim\u00e1tico, etc. Las tareas reglamentarias se llevan a cabo a trav\u00e9s de seminarios nacionales e internacionales, estudios de visitas, intercambio de experiencias, proyectos de movilidad y asociaci\u00f3n para estudiantes y profesores. Los profesores participantes tienen la oportunidad de actualizar sus conocimientos en relaci\u00f3n con las normas nacionales y europeas, mientras que los estudiantes adquieren habilidades innovadoras y modernas que aumentan sus posibilidades en el mercado laboral. Adem\u00e1s, a las conferencias asisten representantes de instituciones que deciden las direcciones de los cambios en la educaci\u00f3n profesional polaca.<\/p>\n\n\n\n<p>En la actualidad, m\u00e1s de 700 escuelas y otras instituciones relacionadas con la educaci\u00f3n agr\u00edcola son miembros de la asociaci\u00f3n; por lo tanto, la organizaci\u00f3n interact\u00faa con diez mil j\u00f3venes diariamente. Adem\u00e1s, hay m\u00e1s de 20 centros de FP polacos asociados a Europea-PL en toda Polonia. La mayor\u00eda de las comunidades de las escuelas pertenecen a zonas rurales con altas tasas de desempleo y bajos ingresos. Estos problemas suelen provocar la exclusi\u00f3n social y la falta de perspectivas de los j\u00f3venes. Europea-PL se esfuerza por reconocer los problemas y las necesidades de los estudiantes, y los educa para que se conviertan en empleados bien cualificados con excelentes valores y \u00e9tica. La direcci\u00f3n y los miembros de Europea-PL son directores y profesores de escuelas agr\u00edcolas y forestales que han expresado la necesidad de intercambiar experiencias profesionales con socios de la UE porque ven la movilidad como una oportunidad para introducir formas modernas de formaci\u00f3n, contenidos de ense\u00f1anza adecuados a las necesidades e intercambio de buenas pr\u00e1cticas. Actualmente hay 15 empleados que trabajan en la asociaci\u00f3n. Las actividades en las estructuras europeas les proporcionan contactos probados en toda la Uni\u00f3n, y la actividad internacional tiene como objetivo mejorar la calidad y la adaptaci\u00f3n de la formaci\u00f3n profesional en Polonia a las normas europeas. En la actualidad, la prioridad de la formaci\u00f3n profesional es la cooperaci\u00f3n con los empresarios y la impartici\u00f3n de formaci\u00f3n en el lugar de trabajo (WBL), para que las escuelas se preparen para la implantaci\u00f3n del sistema ECVET y preparen a los graduados para desenvolverse en el mercado laboral europeo. En la calidad de los proyectos influye el hecho de que la asociaci\u00f3n utiliza su red de contactos probados para conseguir instituciones asociadas, facilitando a sus miembros &#8211; estudiantes, profesores y escuelas &#8211; la participaci\u00f3n en diferentes actividades, y en el futuro emprendiendo proyectos internacionales independientes.<\/p>\n\n\n\n<h2 class=\"wp-block-heading\">Universidad Eszterh\u00e1zy K\u00e1roly<\/h2>\n\n\n\n<p>La Universidad Eszterh\u00e1zy K\u00e1roly es una instituci\u00f3n de ense\u00f1anza superior con m\u00e1s de 1.500 empleados fijos y m\u00e1s de 7.000 estudiantes, con numerosos colaboradores externos. Los \u00e1mbitos de la universidad son la educaci\u00f3n superior y la investigaci\u00f3n.<\/p>\n\n\n\n<p>La Universidad pretende establecer una estrategia distintiva que mejore los servicios a nivel internacional. Esta estrategia se compone de pasos pragm\u00e1ticos y se intenta hacer de la internacionalizaci\u00f3n una parte integral de su funcionamiento mediante la aplicaci\u00f3n de una directiva estrat\u00e9gica que se centra en la educaci\u00f3n, la investigaci\u00f3n y el desarrollo organizativo. La internacionalizaci\u00f3n de la universidad s\u00f3lo puede ser eficaz si es una prioridad para todos los miembros de la instituci\u00f3n. Para ello, una actitud desprejuiciada y orientada a los estudiantes ser\u00e1 el objetivo primordial.&nbsp;&nbsp;La mejora de la calidad de la ense\u00f1anza y de la reputaci\u00f3n internacional de la universidad es un elemento importante de la estrategia financiera de la universidad y la sinergia entre los diferentes programas de subvenciones y becas favorece una gesti\u00f3n presupuestaria racionalizada. Por ello, la universidad est\u00e1 muy implicada en proyectos europeos. El enfoque de la universidad est\u00e1 en consonancia con los objetivos de ERASMUS+ para promover la educaci\u00f3n, el arte visual para los j\u00f3venes, para dise\u00f1ar nuestros proyectos en los valores comunes de la solidaridad, el respeto a la naturaleza. Como organizaci\u00f3n, hemos participado como socio en un proyecto KA2 ejecutado con \u00e9xito con el t\u00edtulo de Pr\u00e1cticas innovadoras en energ\u00edas renovables para mejorar la empleabilidad rural (In2Rural &#8211; 2014-1-ES01-KA203-004740). Utilizamos plataformas de e-learning (Moodle, Mooc) para las actividades de ense\u00f1anza y formaci\u00f3n y desarrollamos varios materiales de aprendizaje para estudiantes y socios. Nuestra Unidad de E-learning es responsable del desarrollo t\u00e9cnico de los cursos.<\/p>\n\n\n\n<figure class=\"wp-block-image size-full\"><img loading=\"lazy\" decoding=\"async\" width=\"487\" height=\"202\" src=\"https:\/\/energy4farming.uni-eszterhazy.hu\/wp-content\/uploads\/2021\/09\/Nevtelen.png\" alt=\"\" class=\"wp-image-265\" srcset=\"https:\/\/energy4farming.uni-eszterhazy.hu\/wp-content\/uploads\/2021\/09\/Nevtelen.png 487w, https:\/\/energy4farming.uni-eszterhazy.hu\/wp-content\/uploads\/2021\/09\/Nevtelen-300x124.png 300w\" sizes=\"auto, (max-width: 487px) 100vw, 487px\" \/><\/figure>\n","protected":false},"excerpt":{"rendered":"<p>Fundaci\u00f3n de la Comunitat Valenciana para una econom\u00eda baja en carb\u00f3n La Fundaci\u00f3n Low Carbon Economy es una organizaci\u00f3n no gubernamental (ONG) registrada como Fundaci\u00f3n Ambiental en la Comunidad Valenciana (c\u00f3digo de registro CV-110). La Fundaci\u00f3n se cre\u00f3 en 2014 y est\u00e1 ubicada en La Vall d&#8217;Uix\u00f3, una peque\u00f1a localidad de 31.000 habitantes en la &hellip; <\/p>\n<p class=\"link-more\"><a href=\"https:\/\/energy4farming.uni-eszterhazy.hu\/es\/wzmacniacz\/\" class=\"more-link\">Continue reading<span class=\"screen-reader-text\"> &#8220;Socios&#8221;<\/span><\/a><\/p>\n","protected":false},"author":1,"featured_media":0,"parent":0,"menu_order":0,"comment_status":"closed","ping_status":"closed","template":"","meta":{"footnotes":""},"class_list":["post-61","page","type-page","status-publish","hentry"],"_links":{"self":[{"href":"https:\/\/energy4farming.uni-eszterhazy.hu\/es\/wp-json\/wp\/v2\/pages\/61","targetHints":{"allow":["GET"]}}],"collection":[{"href":"https:\/\/energy4farming.uni-eszterhazy.hu\/es\/wp-json\/wp\/v2\/pages"}],"about":[{"href":"https:\/\/energy4farming.uni-eszterhazy.hu\/es\/wp-json\/wp\/v2\/types\/page"}],"author":[{"embeddable":true,"href":"https:\/\/energy4farming.uni-eszterhazy.hu\/es\/wp-json\/wp\/v2\/users\/1"}],"replies":[{"embeddable":true,"href":"https:\/\/energy4farming.uni-eszterhazy.hu\/es\/wp-json\/wp\/v2\/comments?post=61"}],"version-history":[{"count":37,"href":"https:\/\/energy4farming.uni-eszterhazy.hu\/es\/wp-json\/wp\/v2\/pages\/61\/revisions"}],"predecessor-version":[{"id":302,"href":"https:\/\/energy4farming.uni-eszterhazy.hu\/es\/wp-json\/wp\/v2\/pages\/61\/revisions\/302"}],"wp:attachment":[{"href":"https:\/\/energy4farming.uni-eszterhazy.hu\/es\/wp-json\/wp\/v2\/media?parent=61"}],"curies":[{"name":"wp","href":"https:\/\/api.w.org\/{rel}","templated":true}]}}