{"id":63,"date":"2021-07-05T06:36:50","date_gmt":"2021-07-05T06:36:50","guid":{"rendered":"https:\/\/energy4farming.uni-eszterhazy.hu\/en\/?page_id=63"},"modified":"2022-08-01T15:22:32","modified_gmt":"2022-08-01T15:22:32","slug":"transnational-meeting","status":"publish","type":"page","link":"https:\/\/energy4farming.uni-eszterhazy.hu\/es\/transnational-meeting\/","title":{"rendered":"Reuniones transnacionales"},"content":{"rendered":"\n<h2 class=\"wp-block-heading\">PRIMERA REUNI\u00d3N TRANSNACIONAL DEL PROYECTO<\/h2>\n\n\n\n<p>La primera reuni\u00f3n transnacional del proyecto Erasmus+ Energy4Farming se celebr\u00f3 el 11 de enero de 2021 de forma virtual. Adem\u00e1s, de la revisi\u00f3n del contenido principal del resultado intelectual (IO, por sus siglas en ingl\u00e9s), se trataron otros temas relacionados con la pr\u00f3xima actividad de aprendizaje y ense\u00f1anza.<\/p>\n\n\n\n<p>Agenda:<\/p>\n\n\n\n<div data-wp-interactive=\"core\/file\" class=\"wp-block-file\"><object data-wp-bind--hidden=\"!state.hasPdfPreview\" hidden class=\"wp-block-file__embed\" data=\"https:\/\/energy4farming.uni-eszterhazy.hu\/wp-content\/uploads\/2022\/07\/Agenda-TPM-1_11012021_E4F-Virtual.pdf\" type=\"application\/pdf\" style=\"width:100%;height:600px\" aria-label=\"Lisa Agenda-TPM-1_11012021_E4F-Virtual be\u00e1gyaz\u00e1sa.\"><\/object><a id=\"wp-block-file--media-1041d487-92d1-46ae-8f87-bc90c04205d3\" href=\"https:\/\/energy4farming.uni-eszterhazy.hu\/wp-content\/uploads\/2022\/07\/Agenda-TPM-1_11012021_E4F-Virtual.pdf\">Agenda-TPM-1_11012021_E4F-Virtual<\/a><a href=\"https:\/\/energy4farming.uni-eszterhazy.hu\/wp-content\/uploads\/2022\/07\/Agenda-TPM-1_11012021_E4F-Virtual.pdf\" class=\"wp-block-file__button\" download aria-describedby=\"wp-block-file--media-1041d487-92d1-46ae-8f87-bc90c04205d3\">Descargar<\/a><\/div>\n\n\n\n<p>Fotos:<\/p>\n\n\n\n<figure class=\"wp-block-image size-large\"><img loading=\"lazy\" decoding=\"async\" width=\"1024\" height=\"640\" src=\"https:\/\/energy4farming.uni-eszterhazy.hu\/wp-content\/uploads\/2022\/07\/Captura-de-pantalla-2021-01-11-a-las-12.52.53-1024x640.png\" alt=\"\" class=\"wp-image-490\" srcset=\"https:\/\/energy4farming.uni-eszterhazy.hu\/wp-content\/uploads\/2022\/07\/Captura-de-pantalla-2021-01-11-a-las-12.52.53-1024x640.png 1024w, https:\/\/energy4farming.uni-eszterhazy.hu\/wp-content\/uploads\/2022\/07\/Captura-de-pantalla-2021-01-11-a-las-12.52.53-300x188.png 300w, https:\/\/energy4farming.uni-eszterhazy.hu\/wp-content\/uploads\/2022\/07\/Captura-de-pantalla-2021-01-11-a-las-12.52.53-768x480.png 768w, https:\/\/energy4farming.uni-eszterhazy.hu\/wp-content\/uploads\/2022\/07\/Captura-de-pantalla-2021-01-11-a-las-12.52.53-1536x960.png 1536w, https:\/\/energy4farming.uni-eszterhazy.hu\/wp-content\/uploads\/2022\/07\/Captura-de-pantalla-2021-01-11-a-las-12.52.53-2048x1280.png 2048w\" sizes=\"auto, (max-width: 767px) 89vw, (max-width: 1000px) 54vw, (max-width: 1071px) 543px, 580px\" \/><\/figure>\n\n\n\n<div data-wp-interactive=\"core\/file\" class=\"wp-block-file\"><object data-wp-bind--hidden=\"!state.hasPdfPreview\" hidden class=\"wp-block-file__embed\" data=\"https:\/\/energy4farming.uni-eszterhazy.hu\/wp-content\/uploads\/2022\/07\/Fotos-E4F-Meeting.docx-1.pdf\" type=\"application\/pdf\" style=\"width:100%;height:600px\" aria-label=\"Lisa PDF be\u00e1gyaz\u00e1s.\"><\/object><a href=\"https:\/\/energy4farming.uni-eszterhazy.hu\/wp-content\/uploads\/2022\/07\/Fotos-E4F-Meeting.docx-1.pdf\" class=\"wp-block-file__button\" download>Descargar<\/a><\/div>\n\n\n\n<h2 class=\"wp-block-heading\">SEGUNDA\u00a0REUNI\u00d3N TRANSNACIONAL DEL PROYECTO<\/h2>\n\n\n\n<p>La segunda reuni\u00f3n&nbsp;transnacional del proyecto&nbsp;se celebr\u00f3 el martes 19 de octubre de 2021 en J\u00e4rvamaa Kutsehariduskeskus (JKHK), Paide, Estonia. Se hizo una revisi\u00f3n del desarrollo del estado del proyecto y de los futuros desaf\u00edos. Adem\u00e1s, los socios pudieron visitar distintas instalaciones de la escuela de formaci\u00f3n profesional JKHK.<\/p>\n\n\n\n<p>Agenda:<\/p>\n\n\n\n<div data-wp-interactive=\"core\/file\" class=\"wp-block-file\"><object data-wp-bind--hidden=\"!state.hasPdfPreview\" hidden class=\"wp-block-file__embed\" data=\"https:\/\/energy4farming.uni-eszterhazy.hu\/wp-content\/uploads\/2022\/07\/Agenda-TPM-2_19102021_E4F_Estonia-1.pdf\" type=\"application\/pdf\" style=\"width:100%;height:600px\" aria-label=\"Lisa PDF be\u00e1gyaz\u00e1s.\"><\/object><a href=\"https:\/\/energy4farming.uni-eszterhazy.hu\/wp-content\/uploads\/2022\/07\/Agenda-TPM-2_19102021_E4F_Estonia-1.pdf\" class=\"wp-block-file__button\" download>Descargar<\/a><\/div>\n\n\n\n<p>Fotos:<\/p>\n\n\n\n<figure class=\"wp-block-image size-large\"><img loading=\"lazy\" decoding=\"async\" width=\"1024\" height=\"935\" src=\"https:\/\/energy4farming.uni-eszterhazy.hu\/wp-content\/uploads\/2022\/07\/IMG_9929-1024x935.jpg\" alt=\"\" class=\"wp-image-506\" srcset=\"https:\/\/energy4farming.uni-eszterhazy.hu\/wp-content\/uploads\/2022\/07\/IMG_9929-1024x935.jpg 1024w, https:\/\/energy4farming.uni-eszterhazy.hu\/wp-content\/uploads\/2022\/07\/IMG_9929-300x274.jpg 300w, https:\/\/energy4farming.uni-eszterhazy.hu\/wp-content\/uploads\/2022\/07\/IMG_9929-768x701.jpg 768w, https:\/\/energy4farming.uni-eszterhazy.hu\/wp-content\/uploads\/2022\/07\/IMG_9929-1536x1403.jpg 1536w, https:\/\/energy4farming.uni-eszterhazy.hu\/wp-content\/uploads\/2022\/07\/IMG_9929-2048x1871.jpg 2048w\" sizes=\"auto, (max-width: 767px) 89vw, (max-width: 1000px) 54vw, (max-width: 1071px) 543px, 580px\" \/><\/figure>\n\n\n\n<figure class=\"wp-block-image size-large\"><img loading=\"lazy\" decoding=\"async\" width=\"1024\" height=\"768\" src=\"https:\/\/energy4farming.uni-eszterhazy.hu\/wp-content\/uploads\/2022\/07\/IMG_9905-1024x768.jpg\" alt=\"\" class=\"wp-image-507\" srcset=\"https:\/\/energy4farming.uni-eszterhazy.hu\/wp-content\/uploads\/2022\/07\/IMG_9905-1024x768.jpg 1024w, https:\/\/energy4farming.uni-eszterhazy.hu\/wp-content\/uploads\/2022\/07\/IMG_9905-300x225.jpg 300w, https:\/\/energy4farming.uni-eszterhazy.hu\/wp-content\/uploads\/2022\/07\/IMG_9905-768x576.jpg 768w, https:\/\/energy4farming.uni-eszterhazy.hu\/wp-content\/uploads\/2022\/07\/IMG_9905-1536x1152.jpg 1536w, https:\/\/energy4farming.uni-eszterhazy.hu\/wp-content\/uploads\/2022\/07\/IMG_9905-2048x1536.jpg 2048w\" sizes=\"auto, (max-width: 767px) 89vw, (max-width: 1000px) 54vw, (max-width: 1071px) 543px, 580px\" \/><\/figure>\n\n\n\n<p><\/p>\n\n\n\n<figure class=\"wp-block-image size-large\"><img loading=\"lazy\" decoding=\"async\" width=\"1024\" height=\"768\" src=\"https:\/\/energy4farming.uni-eszterhazy.hu\/wp-content\/uploads\/2022\/07\/IMG_9907-1024x768.jpg\" alt=\"\" class=\"wp-image-508\" srcset=\"https:\/\/energy4farming.uni-eszterhazy.hu\/wp-content\/uploads\/2022\/07\/IMG_9907-1024x768.jpg 1024w, https:\/\/energy4farming.uni-eszterhazy.hu\/wp-content\/uploads\/2022\/07\/IMG_9907-300x225.jpg 300w, https:\/\/energy4farming.uni-eszterhazy.hu\/wp-content\/uploads\/2022\/07\/IMG_9907-768x576.jpg 768w, https:\/\/energy4farming.uni-eszterhazy.hu\/wp-content\/uploads\/2022\/07\/IMG_9907-1536x1152.jpg 1536w, https:\/\/energy4farming.uni-eszterhazy.hu\/wp-content\/uploads\/2022\/07\/IMG_9907-2048x1536.jpg 2048w\" sizes=\"auto, (max-width: 767px) 89vw, (max-width: 1000px) 54vw, (max-width: 1071px) 543px, 580px\" \/><\/figure>\n\n\n\n<figure class=\"wp-block-image size-large\"><img loading=\"lazy\" decoding=\"async\" width=\"1024\" height=\"768\" src=\"https:\/\/energy4farming.uni-eszterhazy.hu\/wp-content\/uploads\/2022\/07\/IMG_9925-1024x768.jpg\" alt=\"\" class=\"wp-image-509\" srcset=\"https:\/\/energy4farming.uni-eszterhazy.hu\/wp-content\/uploads\/2022\/07\/IMG_9925-1024x768.jpg 1024w, https:\/\/energy4farming.uni-eszterhazy.hu\/wp-content\/uploads\/2022\/07\/IMG_9925-300x225.jpg 300w, https:\/\/energy4farming.uni-eszterhazy.hu\/wp-content\/uploads\/2022\/07\/IMG_9925-768x576.jpg 768w, https:\/\/energy4farming.uni-eszterhazy.hu\/wp-content\/uploads\/2022\/07\/IMG_9925-1536x1152.jpg 1536w, https:\/\/energy4farming.uni-eszterhazy.hu\/wp-content\/uploads\/2022\/07\/IMG_9925-2048x1536.jpg 2048w\" sizes=\"auto, (max-width: 767px) 89vw, (max-width: 1000px) 54vw, (max-width: 1071px) 543px, 580px\" \/><\/figure>\n\n\n\n<h2 class=\"wp-block-heading\">TERCERA\u00a0REUNI\u00d3N TRANSNACIONAL DEL PROYECTO<\/h2>\n\n\n\n<p>La tercera reuni\u00f3n del proyecto transnacional tuvo lugar en Eger, Hungr\u00eda, en el campus de EKCU. La reuni\u00f3n se llev\u00f3 a cabo en modalidad mixta, ya que los participantes pod\u00edan unirse virtual y f\u00edsicamente tambi\u00e9n. El principal objetivo de la reuni\u00f3n fue aclarar algunos detalles de los diferentes resultados, dar por concluidas las etapas de actividades y promover la difusi\u00f3n del proyecto.<\/p>\n\n\n\n<p>Agenda:<\/p>\n\n\n\n<div data-wp-interactive=\"core\/file\" class=\"wp-block-file\"><object data-wp-bind--hidden=\"!state.hasPdfPreview\" hidden class=\"wp-block-file__embed\" data=\"https:\/\/energy4farming.uni-eszterhazy.hu\/wp-content\/uploads\/2022\/07\/Invitation-2.pdf\" type=\"application\/pdf\" style=\"width:100%;height:600px\" aria-label=\"Lisa PDF be\u00e1gyaz\u00e1s.\"><\/object><a href=\"https:\/\/energy4farming.uni-eszterhazy.hu\/wp-content\/uploads\/2022\/07\/Invitation-2.pdf\" class=\"wp-block-file__button\" download>Descargar<\/a><\/div>\n\n\n\n<p>Fotos:<\/p>\n\n\n\n<figure class=\"wp-block-image size-large\"><img loading=\"lazy\" decoding=\"async\" width=\"1024\" height=\"768\" src=\"https:\/\/energy4farming.uni-eszterhazy.hu\/wp-content\/uploads\/2022\/07\/DSCN0128-1024x768.jpg\" alt=\"\" class=\"wp-image-515\" srcset=\"https:\/\/energy4farming.uni-eszterhazy.hu\/wp-content\/uploads\/2022\/07\/DSCN0128-1024x768.jpg 1024w, https:\/\/energy4farming.uni-eszterhazy.hu\/wp-content\/uploads\/2022\/07\/DSCN0128-300x225.jpg 300w, https:\/\/energy4farming.uni-eszterhazy.hu\/wp-content\/uploads\/2022\/07\/DSCN0128-768x576.jpg 768w, https:\/\/energy4farming.uni-eszterhazy.hu\/wp-content\/uploads\/2022\/07\/DSCN0128-1536x1152.jpg 1536w, https:\/\/energy4farming.uni-eszterhazy.hu\/wp-content\/uploads\/2022\/07\/DSCN0128-2048x1536.jpg 2048w\" sizes=\"auto, (max-width: 767px) 89vw, (max-width: 1000px) 54vw, (max-width: 1071px) 543px, 580px\" \/><\/figure>\n\n\n\n<p><\/p>\n\n\n\n<figure class=\"wp-block-image size-large\"><img loading=\"lazy\" decoding=\"async\" width=\"1024\" height=\"768\" src=\"https:\/\/energy4farming.uni-eszterhazy.hu\/wp-content\/uploads\/2022\/07\/20220531_133657-1024x768.jpg\" alt=\"\" class=\"wp-image-516\" srcset=\"https:\/\/energy4farming.uni-eszterhazy.hu\/wp-content\/uploads\/2022\/07\/20220531_133657-1024x768.jpg 1024w, https:\/\/energy4farming.uni-eszterhazy.hu\/wp-content\/uploads\/2022\/07\/20220531_133657-300x225.jpg 300w, https:\/\/energy4farming.uni-eszterhazy.hu\/wp-content\/uploads\/2022\/07\/20220531_133657-768x576.jpg 768w, https:\/\/energy4farming.uni-eszterhazy.hu\/wp-content\/uploads\/2022\/07\/20220531_133657-1536x1152.jpg 1536w, https:\/\/energy4farming.uni-eszterhazy.hu\/wp-content\/uploads\/2022\/07\/20220531_133657-2048x1536.jpg 2048w\" sizes=\"auto, (max-width: 767px) 89vw, (max-width: 1000px) 54vw, (max-width: 1071px) 543px, 580px\" \/><\/figure>\n\n\n\n<figure class=\"wp-block-image size-large\"><img loading=\"lazy\" decoding=\"async\" width=\"1024\" height=\"768\" src=\"https:\/\/energy4farming.uni-eszterhazy.hu\/wp-content\/uploads\/2022\/07\/20220531_120428-1024x768.jpg\" alt=\"\" class=\"wp-image-517\" srcset=\"https:\/\/energy4farming.uni-eszterhazy.hu\/wp-content\/uploads\/2022\/07\/20220531_120428-1024x768.jpg 1024w, https:\/\/energy4farming.uni-eszterhazy.hu\/wp-content\/uploads\/2022\/07\/20220531_120428-300x225.jpg 300w, https:\/\/energy4farming.uni-eszterhazy.hu\/wp-content\/uploads\/2022\/07\/20220531_120428-768x576.jpg 768w, https:\/\/energy4farming.uni-eszterhazy.hu\/wp-content\/uploads\/2022\/07\/20220531_120428-1536x1152.jpg 1536w, https:\/\/energy4farming.uni-eszterhazy.hu\/wp-content\/uploads\/2022\/07\/20220531_120428-2048x1536.jpg 2048w\" sizes=\"auto, (max-width: 767px) 89vw, (max-width: 1000px) 54vw, (max-width: 1071px) 543px, 580px\" \/><\/figure>\n\n\n\n<p><\/p>\n","protected":false},"excerpt":{"rendered":"<p>PRIMERA REUNI\u00d3N TRANSNACIONAL DEL PROYECTO La primera reuni\u00f3n transnacional del proyecto Erasmus+ Energy4Farming se celebr\u00f3 el 11 de enero de 2021 de forma virtual. Adem\u00e1s, de la revisi\u00f3n del contenido principal del resultado intelectual (IO, por sus siglas en ingl\u00e9s), se trataron otros temas relacionados con la pr\u00f3xima actividad de aprendizaje y ense\u00f1anza. Agenda: Fotos: &hellip; <\/p>\n<p class=\"link-more\"><a href=\"https:\/\/energy4farming.uni-eszterhazy.hu\/es\/transnational-meeting\/\" class=\"more-link\">Continue reading<span class=\"screen-reader-text\"> &#8220;Reuniones transnacionales&#8221;<\/span><\/a><\/p>\n","protected":false},"author":1,"featured_media":0,"parent":0,"menu_order":0,"comment_status":"closed","ping_status":"closed","template":"","meta":{"footnotes":""},"class_list":["post-63","page","type-page","status-publish","hentry"],"_links":{"self":[{"href":"https:\/\/energy4farming.uni-eszterhazy.hu\/es\/wp-json\/wp\/v2\/pages\/63","targetHints":{"allow":["GET"]}}],"collection":[{"href":"https:\/\/energy4farming.uni-eszterhazy.hu\/es\/wp-json\/wp\/v2\/pages"}],"about":[{"href":"https:\/\/energy4farming.uni-eszterhazy.hu\/es\/wp-json\/wp\/v2\/types\/page"}],"author":[{"embeddable":true,"href":"https:\/\/energy4farming.uni-eszterhazy.hu\/es\/wp-json\/wp\/v2\/users\/1"}],"replies":[{"embeddable":true,"href":"https:\/\/energy4farming.uni-eszterhazy.hu\/es\/wp-json\/wp\/v2\/comments?post=63"}],"version-history":[{"count":35,"href":"https:\/\/energy4farming.uni-eszterhazy.hu\/es\/wp-json\/wp\/v2\/pages\/63\/revisions"}],"predecessor-version":[{"id":665,"href":"https:\/\/energy4farming.uni-eszterhazy.hu\/es\/wp-json\/wp\/v2\/pages\/63\/revisions\/665"}],"wp:attachment":[{"href":"https:\/\/energy4farming.uni-eszterhazy.hu\/es\/wp-json\/wp\/v2\/media?parent=63"}],"curies":[{"name":"wp","href":"https:\/\/api.w.org\/{rel}","templated":true}]}}