{"id":66,"date":"2021-07-05T06:37:20","date_gmt":"2021-07-05T06:37:20","guid":{"rendered":"https:\/\/energy4farming.uni-eszterhazy.hu\/en\/?page_id=66"},"modified":"2022-08-01T15:26:14","modified_gmt":"2022-08-01T15:26:14","slug":"learning-teaching-and-training-activities","status":"publish","type":"page","link":"https:\/\/energy4farming.uni-eszterhazy.hu\/es\/learning-teaching-and-training-activities\/","title":{"rendered":"Actividades de aprendizaje, ense\u00f1anzay formaci\u00f3n"},"content":{"rendered":"\n<h2 class=\"wp-block-heading\">Actividad 1: virtual<\/h2>\n\n\n\n<p>La primera actividad se implement\u00f3 en modalidad mixta. La primera parte se hizo de forma virtual durante el per\u00edodo del lunes 15 al viernes 19 de noviembre de 2021. Esta semana consisti\u00f3 en cinco sesiones de formaci\u00f3n para docentes de formaci\u00f3n profesional. Los temas fueron la integraci\u00f3n de los diferentes m\u00f3dulos de los resultados 1 y 2. Adicionalmente se organiz\u00f3 una jornada metodol\u00f3gica para dar a conocer los m\u00e9todos avanzados disponibles para la ense\u00f1anza.<\/p>\n\n\n\n<p>La agenda de la sesi\u00f3n virtual::<\/p>\n\n\n\n<div data-wp-interactive=\"core\/file\" class=\"wp-block-file\"><object data-wp-bind--hidden=\"!state.hasPdfPreview\" hidden class=\"wp-block-file__embed\" data=\"https:\/\/energy4farming.uni-eszterhazy.hu\/wp-content\/uploads\/2022\/07\/LTTA-1-Agenda-E4F-online-2.pdf\" type=\"application\/pdf\" style=\"width:100%;height:600px\" aria-label=\"Lisa LTTA-1-Agenda-E4F-online-2 be\u00e1gyaz\u00e1sa.\"><\/object><a id=\"wp-block-file--media-76d8e02d-daac-46ad-a1ec-552f061eb161\" href=\"https:\/\/energy4farming.uni-eszterhazy.hu\/wp-content\/uploads\/2022\/07\/LTTA-1-Agenda-E4F-online-2.pdf\">LTTA-1-Agenda-E4F-online-2<\/a><a href=\"https:\/\/energy4farming.uni-eszterhazy.hu\/wp-content\/uploads\/2022\/07\/LTTA-1-Agenda-E4F-online-2.pdf\" class=\"wp-block-file__button\" download aria-describedby=\"wp-block-file--media-76d8e02d-daac-46ad-a1ec-552f061eb161\">Descargar<\/a><\/div>\n\n\n\n<p><\/p>\n\n\n\n<p>Fotos:<\/p>\n\n\n\n<figure class=\"wp-block-image size-large\"><img loading=\"lazy\" decoding=\"async\" width=\"1024\" height=\"476\" src=\"https:\/\/energy4farming.uni-eszterhazy.hu\/wp-content\/uploads\/2022\/07\/257655822_4268371309935714_8594463345909537923_n-1-1024x476.jpg\" alt=\"\" class=\"wp-image-556\" srcset=\"https:\/\/energy4farming.uni-eszterhazy.hu\/wp-content\/uploads\/2022\/07\/257655822_4268371309935714_8594463345909537923_n-1-1024x476.jpg 1024w, https:\/\/energy4farming.uni-eszterhazy.hu\/wp-content\/uploads\/2022\/07\/257655822_4268371309935714_8594463345909537923_n-1-300x139.jpg 300w, https:\/\/energy4farming.uni-eszterhazy.hu\/wp-content\/uploads\/2022\/07\/257655822_4268371309935714_8594463345909537923_n-1-768x357.jpg 768w, https:\/\/energy4farming.uni-eszterhazy.hu\/wp-content\/uploads\/2022\/07\/257655822_4268371309935714_8594463345909537923_n-1.jpg 1377w\" sizes=\"auto, (max-width: 767px) 89vw, (max-width: 1000px) 54vw, (max-width: 1071px) 543px, 580px\" \/><\/figure>\n\n\n\n<p><\/p>\n\n\n\n<figure class=\"wp-block-image size-large\"><img loading=\"lazy\" decoding=\"async\" width=\"1024\" height=\"640\" src=\"https:\/\/energy4farming.uni-eszterhazy.hu\/wp-content\/uploads\/2022\/07\/Captura-de-pantalla-2021-11-16-a-las-15.34.03-1-1024x640.png\" alt=\"\" class=\"wp-image-558\" srcset=\"https:\/\/energy4farming.uni-eszterhazy.hu\/wp-content\/uploads\/2022\/07\/Captura-de-pantalla-2021-11-16-a-las-15.34.03-1-1024x640.png 1024w, https:\/\/energy4farming.uni-eszterhazy.hu\/wp-content\/uploads\/2022\/07\/Captura-de-pantalla-2021-11-16-a-las-15.34.03-1-300x188.png 300w, https:\/\/energy4farming.uni-eszterhazy.hu\/wp-content\/uploads\/2022\/07\/Captura-de-pantalla-2021-11-16-a-las-15.34.03-1-768x480.png 768w, https:\/\/energy4farming.uni-eszterhazy.hu\/wp-content\/uploads\/2022\/07\/Captura-de-pantalla-2021-11-16-a-las-15.34.03-1-1536x960.png 1536w, https:\/\/energy4farming.uni-eszterhazy.hu\/wp-content\/uploads\/2022\/07\/Captura-de-pantalla-2021-11-16-a-las-15.34.03-1-2048x1280.png 2048w\" sizes=\"auto, (max-width: 767px) 89vw, (max-width: 1000px) 54vw, (max-width: 1071px) 543px, 580px\" \/><\/figure>\n\n\n\n<figure class=\"wp-block-image size-large\"><img loading=\"lazy\" decoding=\"async\" width=\"1024\" height=\"442\" src=\"https:\/\/energy4farming.uni-eszterhazy.hu\/wp-content\/uploads\/2022\/07\/Screenshot-2021-11-17-15.12.22-3-1024x442.png\" alt=\"\" class=\"wp-image-557\" srcset=\"https:\/\/energy4farming.uni-eszterhazy.hu\/wp-content\/uploads\/2022\/07\/Screenshot-2021-11-17-15.12.22-3-1024x442.png 1024w, https:\/\/energy4farming.uni-eszterhazy.hu\/wp-content\/uploads\/2022\/07\/Screenshot-2021-11-17-15.12.22-3-300x129.png 300w, https:\/\/energy4farming.uni-eszterhazy.hu\/wp-content\/uploads\/2022\/07\/Screenshot-2021-11-17-15.12.22-3-768x331.png 768w, https:\/\/energy4farming.uni-eszterhazy.hu\/wp-content\/uploads\/2022\/07\/Screenshot-2021-11-17-15.12.22-3.png 1356w\" sizes=\"auto, (max-width: 767px) 89vw, (max-width: 1000px) 54vw, (max-width: 1071px) 543px, 580px\" \/><\/figure>\n\n\n\n<p><\/p>\n\n\n\n<figure class=\"wp-block-image size-large\"><img loading=\"lazy\" decoding=\"async\" width=\"1024\" height=\"640\" src=\"https:\/\/energy4farming.uni-eszterhazy.hu\/wp-content\/uploads\/2022\/07\/Captura-de-pantalla-2021-11-16-a-las-15.14.15-1-1024x640.png\" alt=\"\" class=\"wp-image-559\" srcset=\"https:\/\/energy4farming.uni-eszterhazy.hu\/wp-content\/uploads\/2022\/07\/Captura-de-pantalla-2021-11-16-a-las-15.14.15-1-1024x640.png 1024w, https:\/\/energy4farming.uni-eszterhazy.hu\/wp-content\/uploads\/2022\/07\/Captura-de-pantalla-2021-11-16-a-las-15.14.15-1-300x188.png 300w, https:\/\/energy4farming.uni-eszterhazy.hu\/wp-content\/uploads\/2022\/07\/Captura-de-pantalla-2021-11-16-a-las-15.14.15-1-768x480.png 768w, https:\/\/energy4farming.uni-eszterhazy.hu\/wp-content\/uploads\/2022\/07\/Captura-de-pantalla-2021-11-16-a-las-15.14.15-1-1536x960.png 1536w, https:\/\/energy4farming.uni-eszterhazy.hu\/wp-content\/uploads\/2022\/07\/Captura-de-pantalla-2021-11-16-a-las-15.14.15-1-2048x1280.png 2048w\" sizes=\"auto, (max-width: 767px) 89vw, (max-width: 1000px) 54vw, (max-width: 1071px) 543px, 580px\" \/><\/figure>\n\n\n\n<p><\/p>\n\n\n\n<p>Las presentaciones utilizadas esa semana se pueden descargar aqu\u00ed:<\/p>\n\n\n\n<div data-wp-interactive=\"core\/file\" class=\"wp-block-file\"><object data-wp-bind--hidden=\"!state.hasPdfPreview\" hidden class=\"wp-block-file__embed\" data=\"https:\/\/energy4farming.uni-eszterhazy.hu\/wp-content\/uploads\/2022\/07\/E4F-Module-3-2.pdf\" type=\"application\/pdf\" style=\"width:100%;height:600px\" aria-label=\"Lisa E4F-Module-3-2 be\u00e1gyaz\u00e1sa.\"><\/object><a id=\"wp-block-file--media-64bc5cff-c023-4de7-ba28-c1d85d72d0c6\" href=\"https:\/\/energy4farming.uni-eszterhazy.hu\/wp-content\/uploads\/2022\/07\/E4F-Module-3-2.pdf\">E4F-Module-3-2<\/a><a href=\"https:\/\/energy4farming.uni-eszterhazy.hu\/wp-content\/uploads\/2022\/07\/E4F-Module-3-2.pdf\" class=\"wp-block-file__button\" download aria-describedby=\"wp-block-file--media-64bc5cff-c023-4de7-ba28-c1d85d72d0c6\">Descargar<\/a><\/div>\n\n\n\n<h2 class=\"wp-block-heading\">Actividad 1: presencial<\/h2>\n\n\n\n<p>La otra parte del evento de formaci\u00f3n conjunta a corto plazo del personal del proyecto tuvo lugar en Bolonia, Italia, de lunes 22 a viernes 26 de noviembre de 2021. Las primeras sesiones de formaci\u00f3n conten\u00edan una breve introducci\u00f3n al programa de la actividad, con preguntas y respuestas. El segundo d\u00eda present\u00f3 Google Sites y otras herramientas interactivas \u00fatiles para ense\u00f1ar el IO1. Tambi\u00e9n cont\u00f3 con la simulaci\u00f3n de lecciones en persona con revisi\u00f3n entre todos los profesores y expertos. El tercer d\u00eda se centr\u00f3 en la metodolog\u00eda, por un lado en el juego de rol: c\u00f3mo funciona y c\u00f3mo se puede aplicar al IO1 y por otro lado se present\u00f3 Serre dei Giardini Margherita: una buena pr\u00e1ctica de energ\u00edas renovables y jardiner\u00eda. El cuarto d\u00eda fue \u00a0una visita de campo en Ferrara: Fundaci\u00f3n Navarra y las mejores pr\u00e1cticas en Emilia Roma\u00f1a, incluidas algunas actividades de trabajo en equipo tambi\u00e9n. El papel del quinto d\u00eda fue sacar conclusiones y discutir los pr\u00f3ximos pasos.<\/p>\n\n\n\n<p>La agenda de la sesi\u00f3n presencial:<\/p>\n\n\n\n<div data-wp-interactive=\"core\/file\" class=\"wp-block-file\"><object data-wp-bind--hidden=\"!state.hasPdfPreview\" hidden class=\"wp-block-file__embed\" data=\"https:\/\/energy4farming.uni-eszterhazy.hu\/wp-content\/uploads\/2022\/07\/Agenda-E4F-LTTA1-in-presence-1.pdf\" type=\"application\/pdf\" style=\"width:100%;height:600px\" aria-label=\"Lisa Agenda-E4F-LTTA1-in-presence-1 be\u00e1gyaz\u00e1sa.\"><\/object><a id=\"wp-block-file--media-08402a22-0377-4a44-914a-74af2f93792c\" href=\"https:\/\/energy4farming.uni-eszterhazy.hu\/wp-content\/uploads\/2022\/07\/Agenda-E4F-LTTA1-in-presence-1.pdf\">Agenda-E4F-LTTA1-in-presence-1<\/a><a href=\"https:\/\/energy4farming.uni-eszterhazy.hu\/wp-content\/uploads\/2022\/07\/Agenda-E4F-LTTA1-in-presence-1.pdf\" class=\"wp-block-file__button\" download aria-describedby=\"wp-block-file--media-08402a22-0377-4a44-914a-74af2f93792c\">Descargar<\/a><\/div>\n\n\n\n<p><\/p>\n\n\n\n<figure class=\"wp-block-image size-full\"><img loading=\"lazy\" decoding=\"async\" width=\"720\" height=\"536\" src=\"https:\/\/energy4farming.uni-eszterhazy.hu\/wp-content\/uploads\/2022\/07\/260186976_4297859606986884_8031635775498311229_n-1.jpg\" alt=\"\" class=\"wp-image-566\" srcset=\"https:\/\/energy4farming.uni-eszterhazy.hu\/wp-content\/uploads\/2022\/07\/260186976_4297859606986884_8031635775498311229_n-1.jpg 720w, https:\/\/energy4farming.uni-eszterhazy.hu\/wp-content\/uploads\/2022\/07\/260186976_4297859606986884_8031635775498311229_n-1-300x223.jpg 300w\" sizes=\"auto, (max-width: 720px) 100vw, 720px\" \/><\/figure>\n\n\n\n<p>Fotos:<\/p>\n\n\n\n<figure class=\"wp-block-image size-large\"><img loading=\"lazy\" decoding=\"async\" width=\"1024\" height=\"768\" src=\"https:\/\/energy4farming.uni-eszterhazy.hu\/wp-content\/uploads\/2022\/07\/259502487_4291848477587997_7944157379089766247_n-1-1024x768.jpg\" alt=\"\" class=\"wp-image-567\" srcset=\"https:\/\/energy4farming.uni-eszterhazy.hu\/wp-content\/uploads\/2022\/07\/259502487_4291848477587997_7944157379089766247_n-1-1024x768.jpg 1024w, https:\/\/energy4farming.uni-eszterhazy.hu\/wp-content\/uploads\/2022\/07\/259502487_4291848477587997_7944157379089766247_n-1-300x225.jpg 300w, https:\/\/energy4farming.uni-eszterhazy.hu\/wp-content\/uploads\/2022\/07\/259502487_4291848477587997_7944157379089766247_n-1-768x576.jpg 768w, https:\/\/energy4farming.uni-eszterhazy.hu\/wp-content\/uploads\/2022\/07\/259502487_4291848477587997_7944157379089766247_n-1-1536x1152.jpg 1536w, https:\/\/energy4farming.uni-eszterhazy.hu\/wp-content\/uploads\/2022\/07\/259502487_4291848477587997_7944157379089766247_n-1.jpg 2048w\" sizes=\"auto, (max-width: 767px) 89vw, (max-width: 1000px) 54vw, (max-width: 1071px) 543px, 580px\" \/><\/figure>\n\n\n\n<p>Las presentaciones de la semana se pueden descargar aqu\u00ed:<\/p>\n\n\n\n<div data-wp-interactive=\"core\/file\" class=\"wp-block-file\"><object data-wp-bind--hidden=\"!state.hasPdfPreview\" hidden class=\"wp-block-file__embed\" data=\"https:\/\/energy4farming.uni-eszterhazy.hu\/wp-content\/uploads\/2022\/07\/Projects-1-1.pdf\" type=\"application\/pdf\" style=\"width:100%;height:600px\" aria-label=\"Lisa Projects-1-1 be\u00e1gyaz\u00e1sa.\"><\/object><a id=\"wp-block-file--media-8e98e643-c07b-46cf-9c40-6903e7389057\" href=\"https:\/\/energy4farming.uni-eszterhazy.hu\/wp-content\/uploads\/2022\/07\/Projects-1-1.pdf\">Projects-1-1<\/a><a href=\"https:\/\/energy4farming.uni-eszterhazy.hu\/wp-content\/uploads\/2022\/07\/Projects-1-1.pdf\" class=\"wp-block-file__button\" download aria-describedby=\"wp-block-file--media-8e98e643-c07b-46cf-9c40-6903e7389057\">Descargar<\/a><\/div>\n\n\n\n<p><\/p>\n\n\n\n<div data-wp-interactive=\"core\/file\" class=\"wp-block-file\"><object data-wp-bind--hidden=\"!state.hasPdfPreview\" hidden class=\"wp-block-file__embed\" data=\"https:\/\/energy4farming.uni-eszterhazy.hu\/wp-content\/uploads\/2022\/07\/DOC-for-the-LTTA1-Session-GOOGLE-SITES-2.pdf\" type=\"application\/pdf\" style=\"width:100%;height:600px\" aria-label=\"Lisa DOC-for-the-LTTA1-Session-GOOGLE-SITES-2 be\u00e1gyaz\u00e1sa.\"><\/object><a id=\"wp-block-file--media-9d3685b6-3178-48ad-a424-88603ff6a26e\" href=\"https:\/\/energy4farming.uni-eszterhazy.hu\/wp-content\/uploads\/2022\/07\/DOC-for-the-LTTA1-Session-GOOGLE-SITES-2.pdf\">DOC-for-the-LTTA1-Session-GOOGLE-SITES-2<\/a><a href=\"https:\/\/energy4farming.uni-eszterhazy.hu\/wp-content\/uploads\/2022\/07\/DOC-for-the-LTTA1-Session-GOOGLE-SITES-2.pdf\" class=\"wp-block-file__button\" download aria-describedby=\"wp-block-file--media-9d3685b6-3178-48ad-a424-88603ff6a26e\">Descargar<\/a><\/div>\n\n\n\n<p><\/p>\n\n\n\n<div data-wp-interactive=\"core\/file\" class=\"wp-block-file\"><object data-wp-bind--hidden=\"!state.hasPdfPreview\" hidden class=\"wp-block-file__embed\" data=\"https:\/\/energy4farming.uni-eszterhazy.hu\/wp-content\/uploads\/2022\/07\/Useful-links-1.pdf\" type=\"application\/pdf\" style=\"width:100%;height:600px\" aria-label=\"Lisa Useful-links-1 be\u00e1gyaz\u00e1sa.\"><\/object><a id=\"wp-block-file--media-3f86f5bc-77fa-471c-b441-8bbbe621774f\" href=\"https:\/\/energy4farming.uni-eszterhazy.hu\/wp-content\/uploads\/2022\/07\/Useful-links-1.pdf\">Useful-links-1<\/a><a href=\"https:\/\/energy4farming.uni-eszterhazy.hu\/wp-content\/uploads\/2022\/07\/Useful-links-1.pdf\" class=\"wp-block-file__button\" download aria-describedby=\"wp-block-file--media-3f86f5bc-77fa-471c-b441-8bbbe621774f\">Descargar<\/a><\/div>\n\n\n\n<p><\/p>\n\n\n\n<h2 class=\"wp-block-heading\"><strong>Photovoltaic Solar energy<\/strong><\/h2>\n\n\n\n<p><em><sup>(Download pptx version below to watch the video content.)<\/sup><\/em><\/p>\n\n\n\n<div data-wp-interactive=\"core\/file\" class=\"wp-block-file\"><object data-wp-bind--hidden=\"!state.hasPdfPreview\" hidden class=\"wp-block-file__embed\" data=\"https:\/\/energy4farming.uni-eszterhazy.hu\/wp-content\/uploads\/2022\/01\/LTTA1_E4F_Module2.pdf\" type=\"application\/pdf\" style=\"width:100%;height:600px\" aria-label=\"Lisa LTTA1_E4F_Module2 be\u00e1gyaz\u00e1sa.\"><\/object><a id=\"wp-block-file--media-7e9c6492-1b0a-4406-9a1e-da64ddc6d39b\" href=\"https:\/\/energy4farming.uni-eszterhazy.hu\/wp-content\/uploads\/2022\/01\/LTTA1_E4F_Module2.pdf\">LTTA1_E4F_Module2<\/a><a href=\"https:\/\/energy4farming.uni-eszterhazy.hu\/wp-content\/uploads\/2022\/01\/LTTA1_E4F_Module2.pdf\" class=\"wp-block-file__button\" download aria-describedby=\"wp-block-file--media-7e9c6492-1b0a-4406-9a1e-da64ddc6d39b\">Descargar<\/a><\/div>\n\n\n\n<div class=\"wp-block-file\"><a id=\"wp-block-file--media-aa877161-ecf1-4bcf-8349-d276abcaedce\" href=\"https:\/\/energy4farming.uni-eszterhazy.hu\/wp-content\/uploads\/2022\/01\/LTTA1_E4F_Module2.pptx\" target=\"_blank\" rel=\"noreferrer noopener\"><strong>Photovoltaic Solar energy<\/strong> (pptx)<\/a><a href=\"https:\/\/energy4farming.uni-eszterhazy.hu\/wp-content\/uploads\/2022\/01\/LTTA1_E4F_Module2.pptx\" class=\"wp-block-file__button\" download aria-describedby=\"wp-block-file--media-aa877161-ecf1-4bcf-8349-d276abcaedce\">Descargar<\/a><\/div>\n\n\n\n<p><\/p>\n\n\n\n<div data-wp-interactive=\"core\/file\" class=\"wp-block-file\"><object data-wp-bind--hidden=\"!state.hasPdfPreview\" hidden class=\"wp-block-file__embed\" data=\"https:\/\/energy4farming.uni-eszterhazy.hu\/wp-content\/uploads\/2021\/11\/Energy4farming_Workshop_LL_2021-1.pdf\" type=\"application\/pdf\" style=\"width:100%;height:600px\" aria-label=\"Lisa Utilization of renewable energy sources to improve the sustainability of farming-1 be\u00e1gyaz\u00e1sa.\"><\/object><a id=\"wp-block-file--media-6e60ab6c-bd3c-42e3-b299-2f8a8c2df1a3\" href=\"https:\/\/energy4farming.uni-eszterhazy.hu\/wp-content\/uploads\/2021\/11\/Energy4farming_Workshop_LL_2021-1.pdf\">Utilization of renewable energy sources to improve the sustainability of farming-1<\/a><a href=\"https:\/\/energy4farming.uni-eszterhazy.hu\/wp-content\/uploads\/2021\/11\/Energy4farming_Workshop_LL_2021-1.pdf\" class=\"wp-block-file__button\" download aria-describedby=\"wp-block-file--media-6e60ab6c-bd3c-42e3-b299-2f8a8c2df1a3\">Descargar<\/a><\/div>\n","protected":false},"excerpt":{"rendered":"<p>Actividad 1: virtual La primera actividad se implement\u00f3 en modalidad mixta. La primera parte se hizo de forma virtual durante el per\u00edodo del lunes 15 al viernes 19 de noviembre de 2021. Esta semana consisti\u00f3 en cinco sesiones de formaci\u00f3n para docentes de formaci\u00f3n profesional. Los temas fueron la integraci\u00f3n de los diferentes m\u00f3dulos de &hellip; <\/p>\n<p class=\"link-more\"><a href=\"https:\/\/energy4farming.uni-eszterhazy.hu\/es\/learning-teaching-and-training-activities\/\" class=\"more-link\">Continue reading<span class=\"screen-reader-text\"> &#8220;Actividades de aprendizaje, ense\u00f1anzay formaci\u00f3n&#8221;<\/span><\/a><\/p>\n","protected":false},"author":1,"featured_media":0,"parent":0,"menu_order":0,"comment_status":"closed","ping_status":"closed","template":"","meta":{"footnotes":""},"class_list":["post-66","page","type-page","status-publish","hentry"],"_links":{"self":[{"href":"https:\/\/energy4farming.uni-eszterhazy.hu\/es\/wp-json\/wp\/v2\/pages\/66","targetHints":{"allow":["GET"]}}],"collection":[{"href":"https:\/\/energy4farming.uni-eszterhazy.hu\/es\/wp-json\/wp\/v2\/pages"}],"about":[{"href":"https:\/\/energy4farming.uni-eszterhazy.hu\/es\/wp-json\/wp\/v2\/types\/page"}],"author":[{"embeddable":true,"href":"https:\/\/energy4farming.uni-eszterhazy.hu\/es\/wp-json\/wp\/v2\/users\/1"}],"replies":[{"embeddable":true,"href":"https:\/\/energy4farming.uni-eszterhazy.hu\/es\/wp-json\/wp\/v2\/comments?post=66"}],"version-history":[{"count":110,"href":"https:\/\/energy4farming.uni-eszterhazy.hu\/es\/wp-json\/wp\/v2\/pages\/66\/revisions"}],"predecessor-version":[{"id":667,"href":"https:\/\/energy4farming.uni-eszterhazy.hu\/es\/wp-json\/wp\/v2\/pages\/66\/revisions\/667"}],"wp:attachment":[{"href":"https:\/\/energy4farming.uni-eszterhazy.hu\/es\/wp-json\/wp\/v2\/media?parent=66"}],"curies":[{"name":"wp","href":"https:\/\/api.w.org\/{rel}","templated":true}]}}