{"id":68,"date":"2021-07-05T06:37:35","date_gmt":"2021-07-05T06:37:35","guid":{"rendered":"https:\/\/energy4farming.uni-eszterhazy.hu\/en\/?page_id=68"},"modified":"2021-10-12T16:40:31","modified_gmt":"2021-10-12T16:40:31","slug":"cele","status":"publish","type":"page","link":"https:\/\/energy4farming.uni-eszterhazy.hu\/es\/cele\/","title":{"rendered":"Objetivos"},"content":{"rendered":"\n<p>Aunque Energy4Farming contribuye a la consecuci\u00f3n de varias prioridades horizontales y sectoriales, el objetivo principal del proyecto se centra en proporcionar nuevas habilidades, ideas y m\u00e9todos para el desarrollo profesional de los profesores de FP. Su estrategia principal consiste en apoyar el desarrollo profesional de los profesores de FP en materia de energ\u00edas renovables para la agricultura, as\u00ed como darles directrices para introducir la metodolog\u00eda de aprendizaje basada en proyectos, las habilidades empresariales y el desarrollo de sus competencias ling\u00fc\u00edsticas. Adem\u00e1s, los centros de FP son los mejores destinatarios de este proyecto debido a que se centra en el entorno de los estudiantes de agricultura que est\u00e1n a punto de entrar en el mercado laboral. Esto proporcionar\u00e1 a estos estudiantes nuevas habilidades y conocimientos sobre t\u00e9cnicas sostenibles, que son demandadas en el sector agr\u00edcola para alcanzar los objetivos de sostenibilidad de la Uni\u00f3n Europea, adem\u00e1s de ayudarles a desarrollar una experiencia pr\u00e1ctica gracias a la metodolog\u00eda de aprendizaje basada en proyectos que promover\u00e1 la asociaci\u00f3n entre diferentes instituciones, organizaciones y empresas. Como este proyecto est\u00e1 enfocado a la adquisici\u00f3n de conocimientos sobre sostenibilidad para disminuir el impacto de la contaminaci\u00f3n en el medio ambiente, tambi\u00e9n es complementario con la necesidad horizontal de los objetivos medioambientales y clim\u00e1ticos. En este sentido, y vinculados a las prioridades y temas, los objetivos del proyecto son los siguientes &#8211; Promover la mejora y modernizaci\u00f3n de los estudios agr\u00edcolas de FP a trav\u00e9s del desarrollo profesional de los profesores de FP (en relaci\u00f3n con las energ\u00edas renovables) &#8211; Incluir pr\u00e1cticas innovadoras de emprendimiento en la FP basadas en las nuevas oportunidades que ofrece el sector de las energ\u00edas renovables para diversificar las actividades de la econom\u00eda rural &#8211; Facilitar la introducci\u00f3n de experiencias innovadoras de aprendizaje basadas en proyectos para satisfacer las necesidades de la sociedad en los estudios de FP agr\u00edcola mediante el enfoque educativo del aprendizaje basado en proyectos En base a estos objetivos, los objetivos espec\u00edficos del proyecto ser\u00e1n los siguientes:<\/p>\n\n\n\n<p>1. Reforzar las competencias de los profesores de FP en el \u00e1mbito de la agricultura sostenible.<\/p>\n\n\n\n<p>2. Mejorar los conocimientos de los profesores de FP sobre los beneficios de las energ\u00edas renovables en la agricultura.<\/p>\n\n\n\n<p>3. Reforzar el plan de estudios de FP de los estudios agr\u00edcolas introduciendo conceptos sobre sostenibilidad.&nbsp;<\/p>\n\n\n\n<p>4. Mejorar las competencias de los estudiantes en materia de sostenibilidad.5. Reforzar la empleabilidad de los estudiantes de FP mediante un acercamiento al mundo laboral.<\/p>\n\n\n\n<p>El apoyo de la Comisi\u00f3n Europea para la producci\u00f3n de esta publicaci\u00f3n no constituye una aprobaci\u00f3n del contenido, el cual refleja \u00fanicamente las opiniones de los autores, y la Comisi\u00f3n no se hace responsable del uso que\u00a0pueda hacerse de la informaci\u00f3n contenida en la misma.<\/p>\n\n\n\n<p><\/p>\n\n\n\n<p><\/p>\n","protected":false},"excerpt":{"rendered":"<p>Aunque Energy4Farming contribuye a la consecuci\u00f3n de varias prioridades horizontales y sectoriales, el objetivo principal del proyecto se centra en proporcionar nuevas habilidades, ideas y m\u00e9todos para el desarrollo profesional de los profesores de FP. Su estrategia principal consiste en apoyar el desarrollo profesional de los profesores de FP en materia de energ\u00edas renovables para &hellip; <\/p>\n<p class=\"link-more\"><a href=\"https:\/\/energy4farming.uni-eszterhazy.hu\/es\/cele\/\" class=\"more-link\">Continue reading<span class=\"screen-reader-text\"> &#8220;Objetivos&#8221;<\/span><\/a><\/p>\n","protected":false},"author":1,"featured_media":0,"parent":0,"menu_order":0,"comment_status":"closed","ping_status":"closed","template":"","meta":{"footnotes":""},"class_list":["post-68","page","type-page","status-publish","hentry"],"_links":{"self":[{"href":"https:\/\/energy4farming.uni-eszterhazy.hu\/es\/wp-json\/wp\/v2\/pages\/68","targetHints":{"allow":["GET"]}}],"collection":[{"href":"https:\/\/energy4farming.uni-eszterhazy.hu\/es\/wp-json\/wp\/v2\/pages"}],"about":[{"href":"https:\/\/energy4farming.uni-eszterhazy.hu\/es\/wp-json\/wp\/v2\/types\/page"}],"author":[{"embeddable":true,"href":"https:\/\/energy4farming.uni-eszterhazy.hu\/es\/wp-json\/wp\/v2\/users\/1"}],"replies":[{"embeddable":true,"href":"https:\/\/energy4farming.uni-eszterhazy.hu\/es\/wp-json\/wp\/v2\/comments?post=68"}],"version-history":[{"count":16,"href":"https:\/\/energy4farming.uni-eszterhazy.hu\/es\/wp-json\/wp\/v2\/pages\/68\/revisions"}],"predecessor-version":[{"id":303,"href":"https:\/\/energy4farming.uni-eszterhazy.hu\/es\/wp-json\/wp\/v2\/pages\/68\/revisions\/303"}],"wp:attachment":[{"href":"https:\/\/energy4farming.uni-eszterhazy.hu\/es\/wp-json\/wp\/v2\/media?parent=68"}],"curies":[{"name":"wp","href":"https:\/\/api.w.org\/{rel}","templated":true}]}}