{"id":185,"date":"2021-09-21T07:17:43","date_gmt":"2021-09-21T07:17:43","guid":{"rendered":"https:\/\/energy4farming.uni-eszterhazy.hu\/en\/?page_id=185"},"modified":"2021-10-12T16:37:25","modified_gmt":"2021-10-12T16:37:25","slug":"the-project","status":"publish","type":"page","link":"https:\/\/energy4farming.uni-eszterhazy.hu\/it\/the-project\/","title":{"rendered":"Informazioni"},"content":{"rendered":"\n<p>I paesi dell&#8217;Unione Europea hanno rafforzato gli impegni per un\u2019energia verde e derivante da fonti rinnovabili, includendo un nuovo obiettivo del 32% di energia da fonti rinnovabili entro il 2030 (Parlamento Europeo, 2018). Allo stesso tempo, la Politica Agricola Comune (PAC) si concentra sulle sfide socio-economiche dell&#8217;agricoltura e delle zone rurali.\u00a0\u00a0L&#8217;agricoltura ha un enorme impatto ambientale, ma ci sono nuove tecniche e buone pratiche che sono state implementate per ottenere un&#8217;agricoltura pi\u00f9 sostenibile. Questo progetto affronta le esigenze attuali per passare a un tipo di agricoltura pi\u00f9 sostenibile, con l&#8217;aiuto delle energie rinnovabili, concentrandosi sui centri di formazione professionale agraria.<\/p>\n\n\n\n<figure class=\"wp-block-table\"><table><tbody><tr><td>In questo quadro, gli obiettivi di Energy4Farming sono i seguenti:<br>&#8211; Promuovere il miglioramento e la modernizzazione degli studi agrari VET (Vocational Education and Training) attraverso lo sviluppo professionale degli insegnanti VET (in relazione alle energie rinnovabili)<br>&#8211; Includere pratiche innovative di imprenditorialit\u00e0 nelle VET schools basate sulle nuove opportunit\u00e0 offerte dal settore delle energie rinnovabili al fine di diversificare le attivit\u00e0 dell&#8217;economia rurale<br>&#8211; Facilitare l&#8217;introduzione di esperienze innovative di apprendimento basate su progetti per soddisfare i bisogni della societ\u00e0 negli studi VET in agricoltura attraverso l&#8217;approccio educativo dell&#8217;apprendimento basato su progetti<\/td><\/tr><\/tbody><\/table><\/figure>\n","protected":false},"excerpt":{"rendered":"<p>I paesi dell&#8217;Unione Europea hanno rafforzato gli impegni per un\u2019energia verde e derivante da fonti rinnovabili, includendo un nuovo obiettivo del 32% di energia da fonti rinnovabili entro il 2030 (Parlamento Europeo, 2018). Allo stesso tempo, la Politica Agricola Comune (PAC) si concentra sulle sfide socio-economiche dell&#8217;agricoltura e delle zone rurali.\u00a0\u00a0L&#8217;agricoltura ha un enorme impatto &hellip; <\/p>\n<p class=\"link-more\"><a href=\"https:\/\/energy4farming.uni-eszterhazy.hu\/it\/the-project\/\" class=\"more-link\">Leggi tutto<span class=\"screen-reader-text\"> &#8220;Informazioni&#8221;<\/span><\/a><\/p>\n","protected":false},"author":1,"featured_media":0,"parent":0,"menu_order":0,"comment_status":"closed","ping_status":"closed","template":"","meta":{"footnotes":""},"class_list":["post-185","page","type-page","status-publish","hentry"],"_links":{"self":[{"href":"https:\/\/energy4farming.uni-eszterhazy.hu\/it\/wp-json\/wp\/v2\/pages\/185","targetHints":{"allow":["GET"]}}],"collection":[{"href":"https:\/\/energy4farming.uni-eszterhazy.hu\/it\/wp-json\/wp\/v2\/pages"}],"about":[{"href":"https:\/\/energy4farming.uni-eszterhazy.hu\/it\/wp-json\/wp\/v2\/types\/page"}],"author":[{"embeddable":true,"href":"https:\/\/energy4farming.uni-eszterhazy.hu\/it\/wp-json\/wp\/v2\/users\/1"}],"replies":[{"embeddable":true,"href":"https:\/\/energy4farming.uni-eszterhazy.hu\/it\/wp-json\/wp\/v2\/comments?post=185"}],"version-history":[{"count":11,"href":"https:\/\/energy4farming.uni-eszterhazy.hu\/it\/wp-json\/wp\/v2\/pages\/185\/revisions"}],"predecessor-version":[{"id":297,"href":"https:\/\/energy4farming.uni-eszterhazy.hu\/it\/wp-json\/wp\/v2\/pages\/185\/revisions\/297"}],"wp:attachment":[{"href":"https:\/\/energy4farming.uni-eszterhazy.hu\/it\/wp-json\/wp\/v2\/media?parent=185"}],"curies":[{"name":"wp","href":"https:\/\/api.w.org\/{rel}","templated":true}]}}