{"id":61,"date":"2021-07-05T06:36:33","date_gmt":"2021-07-05T06:36:33","guid":{"rendered":"https:\/\/energy4farming.uni-eszterhazy.hu\/en\/?page_id=61"},"modified":"2021-10-12T16:40:11","modified_gmt":"2021-10-12T16:40:11","slug":"wzmacniacz","status":"publish","type":"page","link":"https:\/\/energy4farming.uni-eszterhazy.hu\/it\/wzmacniacz\/","title":{"rendered":"Partners"},"content":{"rendered":"\n<h2 class=\"wp-block-heading\">Low Carbon Economy Foundation<\/h2>\n\n\n\n<p>Low Carbon Economy Foundation \u00e8 un&#8217;Organizzazione Non Governativa (ONG) registrata come Fondazione Ambientale nella Regione di Valencia (codice di registrazione CV-110).&nbsp;<br>La Fondazione \u00e8 stata creata nel 2014 e si trova a La Vall d&#8217;Uix\u00f3, una piccola citt\u00e0 di 31.000 abitanti nella provincia di Castell\u00f3n (Regione di Valencia). I suoi membri sono professionisti dell&#8217;ingegneria, dell&#8217;educazione, della sostenibilit\u00e0 e dell&#8217;imprenditoria, e collaborano con una rete estesa di centri educativi VET, imprese verdi, eco-associazioni e organizzazioni giovanili.&nbsp;&nbsp;Secondo il suo statuto, l&#8217;obiettivo primario della Fondazione \u00e8 quello di promuovere la formazione, la diffusione, la dimostrazione, il tutoraggio, la consulenza e la gestione nelle aree ambientali basate su un modello di economia a basse emissioni di carbonio.&nbsp;<br>In particolare, i principali campi di conoscenza della Fondazione sono:<\/p>\n\n\n\n<p>&#8211; Energie rinnovabili ed efficienza energetica<\/p>\n\n\n\n<p>&#8211; Valorizzazione dei rifiuti agro-forestali<\/p>\n\n\n\n<p>&#8211; Conservazione e rigenerazione ambientale<\/p>\n\n\n\n<p>&#8211; Bio-edilizia<\/p>\n\n\n\n<p>&#8211; Cooperazione allo sviluppo e sviluppo rurale- Economia sociale e commercio equo e solidale<\/p>\n\n\n\n<p>Website:&nbsp;<a href=\"https:\/\/www.lowcarboneconomy.org\/\" target=\"_blank\" rel=\"noreferrer noopener\">https:\/\/www.lowcarboneconomy.org\/<\/a><\/p>\n\n\n\n<p>IG:&nbsp;<a href=\"https:\/\/www.instagram.com\/lowcarboneconomy\" target=\"_blank\" rel=\"noreferrer noopener\">https:\/\/www.instagram.com\/lowcarboneconomy<\/a><\/p>\n\n\n\n<p>Facebook:&nbsp;<a href=\"https:\/\/www.facebook.com\/lowcarbon.economy\/\" target=\"_blank\" rel=\"noreferrer noopener\">https:\/\/www.facebook.com\/lowcarbon.economy\/<\/a><\/p>\n\n\n\n<p>Twitter:&nbsp;<a href=\"https:\/\/mobile.twitter.com\/lowcarboneco\" target=\"_blank\" rel=\"noreferrer noopener\">https:\/\/mobile.twitter.com\/lowcarboneco<\/a><\/p>\n\n\n\n<p>TikTok:&nbsp;<a href=\"https:\/\/vm.tiktok.com\/ZMRSXqujH\/\" target=\"_blank\" rel=\"noreferrer noopener\">https:\/\/vm.tiktok.com\/ZMRSXqujH\/<\/a><\/p>\n\n\n\n<p>LinkedIn:&nbsp;<a href=\"https:\/\/www.linkedin.com\/in\/lowcarboneconomy-foundation-6776101a2\" target=\"_blank\" rel=\"noreferrer noopener\">https:\/\/www.linkedin.com\/in\/lowcarboneconomy-foundation-6776101a2<\/a><\/p>\n\n\n\n<h2 class=\"wp-block-heading\">EFA La Malves\u00eda<\/h2>\n\n\n\n<figure class=\"wp-block-table\"><table><tbody><tr><td>&#8220;EFA La Malves\u00eda&#8221; \u00e8 una scuola semi-privata che offre formazione professionale agricola e istruzione secondaria dal 1970. L&#8217;istituzione ha una grande importanza nelle zone rurali ospitando pi\u00f9 di 600 studenti da diverse citt\u00e0 della Comunit\u00e0 Valenciana.&nbsp;&nbsp;<br>Fa parte dell&#8217;UNEFA (Unione delle scuole familiari agricole) che unisce 27 EFA in Spagna.&nbsp;<br>Inoltre, l&#8217;UNEFA \u00e8 integrata nell&#8217;AIMFR (Associazione Internazionale delle Maisons Familiar Rural). Ogni scuola di questa associazione segue lo stesso sistema di formazione originale.&nbsp;<br>La caratteristica principale del nostro sistema educativo sono le fasi alternative tra scuola e azienda, molto vicine al sistema duale tedesco. Questo \u00e8 stato applicato fin dall&#8217;inizio della scuola. La metodologia ha sviluppato l&#8217;occupabilit\u00e0 e, inoltre, ha propiziato una stretta relazione con le aziende del settore agricolo e forestale della nostra regione. Attualmente abbiamo accordi con pi\u00f9 di 600 aziende. Tra queste ci sono istituzioni pubbliche (come il Dipartimento dell&#8217;Agricoltura, il Ministero dell&#8217;Ambiente), cos\u00ec come aziende di piccole dimensioni.<\/td><\/tr><\/tbody><\/table><\/figure>\n\n\n\n<h2 class=\"wp-block-heading\">Area Europa<\/h2>\n\n\n\n<p>Area Europa \u00e8 una societ\u00e0 di consulenza cooperativa, fondata a Bologna nel 1999, con l&#8217;obiettivo di promuovere la cooperazione e lo sviluppo sociale ed economico in Europa. I suoi servizi si concentrano sulla progettazione, il coordinamento e la gestione finanziaria di progetti finanziati dall&#8217;UE, cos\u00ec come la consulenza in materia di strategia aziendale e sviluppo, l&#8217;organizzazione di eventi e la formazione. Grazie al team interdisciplinare, ai numerosi collaboratori e ad un&#8217;ampia rete di partner, la societ\u00e0 offre numerosi servizi mirati.&nbsp;<\/p>\n\n\n\n<p>Area Europa offre servizi integrati alle aziende sempre pi\u00f9 orientate ai mercati europei ed extraeuropei.&nbsp;<\/p>\n\n\n\n<p>La creazione e la gestione di un Temporary Foreign Office e l&#8217;assistenza a reti d&#8217;impresa e cluster regionali e transnazionali, cos\u00ec come l&#8217;apertura di nuovi mercati e canali di vendita, sono solo alcuni degli strumenti che Area Europa mette in campo con successo per aiutare le aziende a costruire la propria posizione in Europa e nel mondo.&nbsp;&nbsp;<\/p>\n\n\n\n<p>Area Europa promuove la cooperazione per uno sviluppo territoriale sostenibile, sia nelle aree rurali che in quelle urbane.&nbsp;<\/p>\n\n\n\n<p>Grazie alla rete realizzata nei suoi 15 anni di storia, Area Europa sviluppa e gestisce progetti pilota e reti di territori con il supporto di finanziamenti europei, nazionali e regionali, sempre con l&#8217;obiettivo di valorizzare le risorse locali, salvaguardare l&#8217;ambiente e i paesaggi, rafforzare le capacit\u00e0 imprenditoriali e inclusive dei territori.&nbsp;<\/p>\n\n\n\n<p>Un asset particolare \u00e8 l&#8217;esperienza nel settore del vino, dei prodotti tipici, dell&#8217;agricoltura sostenibile, dei cambiamenti climatici e del turismo rurale e culturale.&nbsp;<\/p>\n\n\n\n<p>Area Europa \u00e8 una cooperativa di tecnici e consulenti attivi in due settori primari:&nbsp;<\/p>\n\n\n\n<p>&#8211; Gestione ambientale- Sviluppo rurale<\/p>\n\n\n\n<h2 class=\"wp-block-heading\">J\u00e4rvamaa Kutsehariduskeskus<\/h2>\n\n\n\n<p>I principali campi di studio della JKHK sono quelli agricoli. La maggior parte dei nostri studenti sono studenti di agrarian e molti di loro provengono anche dalle zone rurali. 10 anni fa, sono state incluse due scuole e una di queste era la scuola di agraria. Tra il nostro personale, ci sono insegnanti con pi\u00f9 di 30 anni di esperienza nell&#8217;insegnamento dell&#8217;agricoltura. La nostra scuola ha scuderie di cavalli, un allevamento di mucche con 60 mucche da latte e 500 acri di terreno agricolo. Siamo l&#8217;unica scuola che offre l&#8217;allevamento di pesci, la gestione dei cavalli e la formazione come assistente veterinario in Estonia. Grazie alle molte strutture della fattoria e alla grande quantit\u00e0 di terreno, e data la nostra specializzazione nell&#8217;educazione agraria, le green skills in agricoltura sono molto importanti per noi.&nbsp;&nbsp;Attraverso questo progetto vorremmo aumentare le green skills sia per i nostri insegnanti che per i nostri studenti, cos\u00ec come essere un promotore delle green skills in Estonia tra le scuole agrarie e i centri di formazione.<\/p>\n\n\n\n<h2 class=\"wp-block-heading\">Associazione di educazione agricola e forestale EUROPEA Polonia<\/h2>\n\n\n\n<figure class=\"wp-block-table\"><table><tbody><tr><td>EUROPEA Polonia \u00e8 un&#8217;associazione di scuole e istituzioni del settore dell\u2019ecologia. \u00c8 una rete molto ben organizzata di scuole e istituzioni educative che operano nel settore della green economy (cio\u00e8 in senso lato agricoltura, silvicoltura, architettura del paesaggio, agribusiness, agriturismo, gastronomia e nutrizione e altre industrie correlate). Inoltre, fa parte di EUROPEA International (www.europea.org), un&#8217;istituzione senza scopo di lucro fondata nel 1993 dalla legge belga, ma Europea-PL \u00e8 stata fondata nel 2005. Nella rete EUROPEA INTERNATIONAL ci sono attualmente 25 membri UE e due membri dei paesi associati.&nbsp;&nbsp;I compiti statutari di Europea-PL sono: lo scambio di buone pratiche nella formazione professionale europea, l&#8217;organizzazione di stage, l&#8217;avvio di progetti di cooperazione internazionale per migliorare la qualit\u00e0 della formazione professionale, la diffusione del concetto ECVET, la preparazione delle scuole del settore verde per il cambiamento climatico, ecc. I compiti statutari vengono svolti attraverso seminari nazionali e internazionali, visite di studio, scambio di esperienze, mobilit\u00e0 e progetti di partenariato per studenti e insegnanti. Gli insegnanti partecipanti hanno l&#8217;opportunit\u00e0 di aggiornare le loro conoscenze in relazione agli standard nazionali ed europei, mentre gli studenti acquisiscono competenze innovative e moderne che aumentano le loro possibilit\u00e0 sul mercato del lavoro. Inoltre, alle conferenze partecipano i rappresentanti delle istituzioni che decidono le direzioni dei cambiamenti nella formazione professionale polacca.<br><br>Attualmente, pi\u00f9 di 700 scuole e altre istituzioni legate all&#8217;educazione agricola sono membri dell&#8217;associazione e l&#8217;organizzazione interagisce con diecimila giovani ogni giorno. Inoltre, ci sono pi\u00f9 di 20 scuole polacche di formazione professionale associate a Europea-PL in tutta la Polonia. La maggior parte delle comunit\u00e0 delle scuole appartengono a zone rurali con alti tassi di disoccupazione e basso reddito. Questi problemi portano spesso all&#8217;esclusione sociale e alla mancanza di prospettive per i giovani. Europea-PL si sforza di riconoscere i problemi e i bisogni degli studenti, educandoli a diventare lavoratori ben qualificati con valori ed etica eccellenti. La direzione e i membri di Europea-PL sono dirigenti e insegnanti di scuole agrarie e forestali che hanno espresso la necessit\u00e0 di scambiare esperienze professionali con i partner dell&#8217;UE perch\u00e9 vedono la mobilit\u00e0 come un&#8217;opportunit\u00e0 per introdurre forme moderne di formazione, contenuti didattici adeguati alle esigenze e scambio di buone pratiche. Attualmente ci sono 15 dipendenti che lavorano con l&#8217;associazione. Le attivit\u00e0 nelle strutture europee forniscono loro contatti collaudati in tutta l&#8217;Unione, e l&#8217;attivit\u00e0 internazionale mira a migliorare la qualit\u00e0 e l&#8217;adattamento della formazione professionale in Polonia agli standard europei. Attualmente, la priorit\u00e0 della formazione professionale \u00e8 la cooperazione con gli imprenditori e la fornitura di formazione sul posto di lavoro. La qualit\u00e0 dei progetti \u00e8 influenzata dal fatto che l&#8217;associazione utilizza la sua rete di contatti provati per acquisire istituzioni partner, supportando i suoi membri &#8211; studenti, insegnanti e scuole &#8211; nel partecipare a diverse attivit\u00e0, e in futuro nell\u2019intraprendere progetti internazionali indipendenti.<\/td><\/tr><\/tbody><\/table><\/figure>\n\n\n\n<h2 class=\"wp-block-heading\">Eszterh\u00e1zy K\u00e1roly University<\/h2>\n\n\n\n<p>L&#8217;Universit\u00e0 Eszterh\u00e1zy K\u00e1roly \u00e8 un&#8217;istituzione di istruzione superiore con pi\u00f9 di 1500 dipendenti fissi e pi\u00f9 di 7000 studenti con numerosi collaboratori esterni. Gli scopi dell&#8217;universit\u00e0 sono l&#8217;istruzione superiore e la ricerca.<br><\/p>\n\n\n\n<p>L&#8217;universit\u00e0 mira a stabilire una strategia che valorizzi i servizi a livello internazionale, cercando di rendere l&#8217;internazionalizzazione parte integrante del suo funzionamento attuando una direttiva strategica, che si concentri sulla formazione, la ricerca e lo sviluppo organizzativo. L&#8217;internazionalizzazione dell&#8217;universit\u00e0 pu\u00f2 essere efficace solo se \u00e8 una priorit\u00e0 per tutti i membri dell&#8217;istituzione. A tal fine, un atteggiamento senza pregiudizi e orientato agli studenti \u00e8 l&#8217;obiettivo primario.\u00a0\u00a0Il miglioramento della qualit\u00e0 dell&#8217;istruzione e della reputazione internazionale dell&#8217;universit\u00e0 \u00e8 un elemento importante nella strategia finanziaria dell&#8217;universit\u00e0 e la sinergia tra i diversi programmi di sovvenzioni e borse di studio sostiene una gestione razionale del bilancio. Per questo motivo, l&#8217;universit\u00e0 \u00e8 fortemente coinvolta in progetti europei. L&#8217;approccio dell&#8217;universit\u00e0 \u00e8 in linea con gli obiettivi di ERASMUS+ per promuovere l&#8217;educazione, l&#8217;arte visiva per i giovani, per disegnare i nostri progetti nei valori comuni di solidariet\u00e0 e rispetto della natura. Come organizzazione, abbiamo partecipato come partner in un progetto KA2 attuato con successo dal titolo Pratiche innovative nelle energie rinnovabili per migliorare l&#8217;occupabilit\u00e0 rurale (In2Rural &#8211; 2014-1-ES01-KA203-004740). Utilizziamo piattaforme di e-learning (Moodle, Mooc) per le attivit\u00e0 di insegnamento e formazione e abbiamo sviluppato diversi materiali didattici per studenti e partner. La nostra unit\u00e0 di e-learning \u00e8 responsabile dello sviluppo tecnico dei corsi.<\/p>\n\n\n\n<figure class=\"wp-block-image size-full\"><img loading=\"lazy\" decoding=\"async\" width=\"742\" height=\"219\" src=\"https:\/\/energy4farming.uni-eszterhazy.hu\/wp-content\/uploads\/2021\/09\/logok.png\" alt=\"\" class=\"wp-image-266\" srcset=\"https:\/\/energy4farming.uni-eszterhazy.hu\/wp-content\/uploads\/2021\/09\/logok.png 742w, https:\/\/energy4farming.uni-eszterhazy.hu\/wp-content\/uploads\/2021\/09\/logok-300x89.png 300w\" sizes=\"auto, (max-width: 706px) 89vw, (max-width: 767px) 82vw, 740px\" \/><\/figure>\n","protected":false},"excerpt":{"rendered":"<p>Low Carbon Economy Foundation Low Carbon Economy Foundation \u00e8 un&#8217;Organizzazione Non Governativa (ONG) registrata come Fondazione Ambientale nella Regione di Valencia (codice di registrazione CV-110).&nbsp;La Fondazione \u00e8 stata creata nel 2014 e si trova a La Vall d&#8217;Uix\u00f3, una piccola citt\u00e0 di 31.000 abitanti nella provincia di Castell\u00f3n (Regione di Valencia). I suoi membri sono &hellip; <\/p>\n<p class=\"link-more\"><a href=\"https:\/\/energy4farming.uni-eszterhazy.hu\/it\/wzmacniacz\/\" class=\"more-link\">Leggi tutto<span class=\"screen-reader-text\"> &#8220;Partners&#8221;<\/span><\/a><\/p>\n","protected":false},"author":1,"featured_media":0,"parent":0,"menu_order":0,"comment_status":"closed","ping_status":"closed","template":"","meta":{"footnotes":""},"class_list":["post-61","page","type-page","status-publish","hentry"],"_links":{"self":[{"href":"https:\/\/energy4farming.uni-eszterhazy.hu\/it\/wp-json\/wp\/v2\/pages\/61","targetHints":{"allow":["GET"]}}],"collection":[{"href":"https:\/\/energy4farming.uni-eszterhazy.hu\/it\/wp-json\/wp\/v2\/pages"}],"about":[{"href":"https:\/\/energy4farming.uni-eszterhazy.hu\/it\/wp-json\/wp\/v2\/types\/page"}],"author":[{"embeddable":true,"href":"https:\/\/energy4farming.uni-eszterhazy.hu\/it\/wp-json\/wp\/v2\/users\/1"}],"replies":[{"embeddable":true,"href":"https:\/\/energy4farming.uni-eszterhazy.hu\/it\/wp-json\/wp\/v2\/comments?post=61"}],"version-history":[{"count":37,"href":"https:\/\/energy4farming.uni-eszterhazy.hu\/it\/wp-json\/wp\/v2\/pages\/61\/revisions"}],"predecessor-version":[{"id":302,"href":"https:\/\/energy4farming.uni-eszterhazy.hu\/it\/wp-json\/wp\/v2\/pages\/61\/revisions\/302"}],"wp:attachment":[{"href":"https:\/\/energy4farming.uni-eszterhazy.hu\/it\/wp-json\/wp\/v2\/media?parent=61"}],"curies":[{"name":"wp","href":"https:\/\/api.w.org\/{rel}","templated":true}]}}