{"id":63,"date":"2021-07-05T06:36:50","date_gmt":"2021-07-05T06:36:50","guid":{"rendered":"https:\/\/energy4farming.uni-eszterhazy.hu\/en\/?page_id=63"},"modified":"2022-08-01T15:22:32","modified_gmt":"2022-08-01T15:22:32","slug":"transnational-meeting","status":"publish","type":"page","link":"https:\/\/energy4farming.uni-eszterhazy.hu\/it\/transnational-meeting\/","title":{"rendered":"Meeting internazionali"},"content":{"rendered":"\n<h2 class=\"wp-block-heading\">Primo TPM<\/h2>\n\n\n\n<p>Il primo incontro transnazionale del progetto Erasmus+ Energy4Farming si \u00e8 tenuto l&#8217;11 gennaio 2021 in forma virtuale. Oltre alla determinazione del contenuto degli IO, sono stati discussi alcuni dettagli delle seguenti attivit\u00e0 di apprendimento e insegnamento.<\/p>\n\n\n\n<p>Agenda:<\/p>\n\n\n\n<div data-wp-interactive=\"core\/file\" class=\"wp-block-file\"><object data-wp-bind--hidden=\"!state.hasPdfPreview\" hidden class=\"wp-block-file__embed\" data=\"https:\/\/energy4farming.uni-eszterhazy.hu\/wp-content\/uploads\/2022\/07\/Agenda-TPM-1_11012021_E4F-Virtual-1.pdf\" type=\"application\/pdf\" style=\"width:100%;height:600px\" aria-label=\"Incorporamento di Agenda-TPM-1_11012021_E4F-Virtual-1 be\u00e1gyaz\u00e1sa.\"><\/object><a id=\"wp-block-file--media-3f17b4dc-2450-4591-816a-3a6c48ec73c1\" href=\"https:\/\/energy4farming.uni-eszterhazy.hu\/wp-content\/uploads\/2022\/07\/Agenda-TPM-1_11012021_E4F-Virtual-1.pdf\">Agenda-TPM-1_11012021_E4F-Virtual-1<\/a><a href=\"https:\/\/energy4farming.uni-eszterhazy.hu\/wp-content\/uploads\/2022\/07\/Agenda-TPM-1_11012021_E4F-Virtual-1.pdf\" class=\"wp-block-file__button\" download aria-describedby=\"wp-block-file--media-3f17b4dc-2450-4591-816a-3a6c48ec73c1\">Scarica<\/a><\/div>\n\n\n\n<p><\/p>\n\n\n\n<p>Fotografie:<\/p>\n\n\n\n<figure class=\"wp-block-image size-large\"><img loading=\"lazy\" decoding=\"async\" width=\"1024\" height=\"640\" src=\"https:\/\/energy4farming.uni-eszterhazy.hu\/wp-content\/uploads\/2022\/07\/Captura-de-pantalla-2021-01-11-a-las-12.52.53-1-1024x640.png\" alt=\"\" class=\"wp-image-575\" srcset=\"https:\/\/energy4farming.uni-eszterhazy.hu\/wp-content\/uploads\/2022\/07\/Captura-de-pantalla-2021-01-11-a-las-12.52.53-1-1024x640.png 1024w, https:\/\/energy4farming.uni-eszterhazy.hu\/wp-content\/uploads\/2022\/07\/Captura-de-pantalla-2021-01-11-a-las-12.52.53-1-300x188.png 300w, https:\/\/energy4farming.uni-eszterhazy.hu\/wp-content\/uploads\/2022\/07\/Captura-de-pantalla-2021-01-11-a-las-12.52.53-1-768x480.png 768w, https:\/\/energy4farming.uni-eszterhazy.hu\/wp-content\/uploads\/2022\/07\/Captura-de-pantalla-2021-01-11-a-las-12.52.53-1-1536x960.png 1536w, https:\/\/energy4farming.uni-eszterhazy.hu\/wp-content\/uploads\/2022\/07\/Captura-de-pantalla-2021-01-11-a-las-12.52.53-1-2048x1280.png 2048w\" sizes=\"auto, (max-width: 767px) 89vw, (max-width: 1000px) 54vw, (max-width: 1071px) 543px, 580px\" \/><\/figure>\n\n\n\n<div data-wp-interactive=\"core\/file\" class=\"wp-block-file\"><object data-wp-bind--hidden=\"!state.hasPdfPreview\" hidden class=\"wp-block-file__embed\" data=\"https:\/\/energy4farming.uni-eszterhazy.hu\/wp-content\/uploads\/2022\/07\/Fotos-E4F-Meeting.docx-3.pdf\" type=\"application\/pdf\" style=\"width:100%;height:600px\" aria-label=\"Incorporamento di Fotos-E4F-Meeting.docx-3 be\u00e1gyaz\u00e1sa.\"><\/object><a id=\"wp-block-file--media-5cf39fc5-4bf1-4ac7-8fb4-bf0d1c466274\" href=\"https:\/\/energy4farming.uni-eszterhazy.hu\/wp-content\/uploads\/2022\/07\/Fotos-E4F-Meeting.docx-3.pdf\">Fotos-E4F-Meeting.docx-3<\/a><a href=\"https:\/\/energy4farming.uni-eszterhazy.hu\/wp-content\/uploads\/2022\/07\/Fotos-E4F-Meeting.docx-3.pdf\" class=\"wp-block-file__button\" download aria-describedby=\"wp-block-file--media-5cf39fc5-4bf1-4ac7-8fb4-bf0d1c466274\">Scarica<\/a><\/div>\n\n\n\n<h2 class=\"wp-block-heading\">Secondo TPM<\/h2>\n\n\n\n<p>Marted\u00ec 19 ottobre 2021 si \u00e8 tenuto il secondo incontro del Progetto Transnazionale<\/p>\n\n\n\n<p>a J\u00e4rvamaa Kutsehariduskeskus (JKHK), Paide, Estonia. Oltre alla revisione dello stato di attuazione del progetto e alle sfide successive, \u00e8 stato intrapreso un breve viaggio di studio nei diversi siti di JKHK.<\/p>\n\n\n\n<p>Agenda:<\/p>\n\n\n\n<div data-wp-interactive=\"core\/file\" class=\"wp-block-file\"><object data-wp-bind--hidden=\"!state.hasPdfPreview\" hidden class=\"wp-block-file__embed\" data=\"https:\/\/energy4farming.uni-eszterhazy.hu\/wp-content\/uploads\/2022\/07\/Agenda-TPM-2_19102021_E4F_Estonia-2.pdf\" type=\"application\/pdf\" style=\"width:100%;height:600px\" aria-label=\"Incorporamento di Agenda-TPM-2_19102021_E4F_Estonia-2 be\u00e1gyaz\u00e1sa.\"><\/object><a id=\"wp-block-file--media-b368e53f-95f2-4510-a09e-981c3a07f841\" href=\"https:\/\/energy4farming.uni-eszterhazy.hu\/wp-content\/uploads\/2022\/07\/Agenda-TPM-2_19102021_E4F_Estonia-2.pdf\">Agenda-TPM-2_19102021_E4F_Estonia-2<\/a><a href=\"https:\/\/energy4farming.uni-eszterhazy.hu\/wp-content\/uploads\/2022\/07\/Agenda-TPM-2_19102021_E4F_Estonia-2.pdf\" class=\"wp-block-file__button\" download aria-describedby=\"wp-block-file--media-b368e53f-95f2-4510-a09e-981c3a07f841\">Scarica<\/a><\/div>\n\n\n\n<p>Fotografie:<\/p>\n\n\n\n<figure class=\"wp-block-image size-large\"><img loading=\"lazy\" decoding=\"async\" width=\"1024\" height=\"935\" src=\"https:\/\/energy4farming.uni-eszterhazy.hu\/wp-content\/uploads\/2022\/07\/IMG_9929-1-1024x935.jpg\" alt=\"\" class=\"wp-image-584\" srcset=\"https:\/\/energy4farming.uni-eszterhazy.hu\/wp-content\/uploads\/2022\/07\/IMG_9929-1-1024x935.jpg 1024w, https:\/\/energy4farming.uni-eszterhazy.hu\/wp-content\/uploads\/2022\/07\/IMG_9929-1-300x274.jpg 300w, https:\/\/energy4farming.uni-eszterhazy.hu\/wp-content\/uploads\/2022\/07\/IMG_9929-1-768x701.jpg 768w, https:\/\/energy4farming.uni-eszterhazy.hu\/wp-content\/uploads\/2022\/07\/IMG_9929-1-1536x1403.jpg 1536w, https:\/\/energy4farming.uni-eszterhazy.hu\/wp-content\/uploads\/2022\/07\/IMG_9929-1-2048x1871.jpg 2048w\" sizes=\"auto, (max-width: 767px) 89vw, (max-width: 1000px) 54vw, (max-width: 1071px) 543px, 580px\" \/><\/figure>\n\n\n\n<figure class=\"wp-block-image size-large\"><img loading=\"lazy\" decoding=\"async\" width=\"1024\" height=\"768\" src=\"https:\/\/energy4farming.uni-eszterhazy.hu\/wp-content\/uploads\/2022\/07\/IMG_9925-1-1024x768.jpg\" alt=\"\" class=\"wp-image-585\" srcset=\"https:\/\/energy4farming.uni-eszterhazy.hu\/wp-content\/uploads\/2022\/07\/IMG_9925-1-1024x768.jpg 1024w, https:\/\/energy4farming.uni-eszterhazy.hu\/wp-content\/uploads\/2022\/07\/IMG_9925-1-300x225.jpg 300w, https:\/\/energy4farming.uni-eszterhazy.hu\/wp-content\/uploads\/2022\/07\/IMG_9925-1-768x576.jpg 768w, https:\/\/energy4farming.uni-eszterhazy.hu\/wp-content\/uploads\/2022\/07\/IMG_9925-1-1536x1152.jpg 1536w, https:\/\/energy4farming.uni-eszterhazy.hu\/wp-content\/uploads\/2022\/07\/IMG_9925-1-2048x1536.jpg 2048w\" sizes=\"auto, (max-width: 767px) 89vw, (max-width: 1000px) 54vw, (max-width: 1071px) 543px, 580px\" \/><\/figure>\n\n\n\n<figure class=\"wp-block-image size-large\"><img loading=\"lazy\" decoding=\"async\" width=\"1024\" height=\"768\" src=\"https:\/\/energy4farming.uni-eszterhazy.hu\/wp-content\/uploads\/2022\/07\/IMG_9907-1-1024x768.jpg\" alt=\"\" class=\"wp-image-586\" srcset=\"https:\/\/energy4farming.uni-eszterhazy.hu\/wp-content\/uploads\/2022\/07\/IMG_9907-1-1024x768.jpg 1024w, https:\/\/energy4farming.uni-eszterhazy.hu\/wp-content\/uploads\/2022\/07\/IMG_9907-1-300x225.jpg 300w, https:\/\/energy4farming.uni-eszterhazy.hu\/wp-content\/uploads\/2022\/07\/IMG_9907-1-768x576.jpg 768w, https:\/\/energy4farming.uni-eszterhazy.hu\/wp-content\/uploads\/2022\/07\/IMG_9907-1-1536x1152.jpg 1536w, https:\/\/energy4farming.uni-eszterhazy.hu\/wp-content\/uploads\/2022\/07\/IMG_9907-1-2048x1536.jpg 2048w\" sizes=\"auto, (max-width: 767px) 89vw, (max-width: 1000px) 54vw, (max-width: 1071px) 543px, 580px\" \/><\/figure>\n\n\n\n<figure class=\"wp-block-image size-large\"><img loading=\"lazy\" decoding=\"async\" width=\"1024\" height=\"768\" src=\"https:\/\/energy4farming.uni-eszterhazy.hu\/wp-content\/uploads\/2022\/07\/IMG_9905-1-1024x768.jpg\" alt=\"\" class=\"wp-image-587\" srcset=\"https:\/\/energy4farming.uni-eszterhazy.hu\/wp-content\/uploads\/2022\/07\/IMG_9905-1-1024x768.jpg 1024w, https:\/\/energy4farming.uni-eszterhazy.hu\/wp-content\/uploads\/2022\/07\/IMG_9905-1-300x225.jpg 300w, https:\/\/energy4farming.uni-eszterhazy.hu\/wp-content\/uploads\/2022\/07\/IMG_9905-1-768x576.jpg 768w, https:\/\/energy4farming.uni-eszterhazy.hu\/wp-content\/uploads\/2022\/07\/IMG_9905-1-1536x1152.jpg 1536w, https:\/\/energy4farming.uni-eszterhazy.hu\/wp-content\/uploads\/2022\/07\/IMG_9905-1-2048x1536.jpg 2048w\" sizes=\"auto, (max-width: 767px) 89vw, (max-width: 1000px) 54vw, (max-width: 1071px) 543px, 580px\" \/><\/figure>\n\n\n\n<h2 class=\"wp-block-heading\">Terzo TPM<\/h2>\n\n\n\n<p>Il terzo incontro di progetto transnazionale si \u00e8 svolto a Eger, in Ungheria, presso il campus EKCU. I partecipanti hanno potuto partecipare anche virtualmente e fisicamente. L&#8217;obiettivo principale dell&#8217;incontro \u00e8 stato quello di chiarire alcuni dettagli dei diversi IO.<\/p>\n\n\n\n<p>Agenda:<\/p>\n\n\n\n<div data-wp-interactive=\"core\/file\" class=\"wp-block-file\"><object data-wp-bind--hidden=\"!state.hasPdfPreview\" hidden class=\"wp-block-file__embed\" data=\"https:\/\/energy4farming.uni-eszterhazy.hu\/wp-content\/uploads\/2022\/07\/Invitation-4.pdf\" type=\"application\/pdf\" style=\"width:100%;height:600px\" aria-label=\"Incorporamento di Invitation-4 be\u00e1gyaz\u00e1sa.\"><\/object><a id=\"wp-block-file--media-0b567a5c-997e-44aa-88df-b4802fea2cf1\" href=\"https:\/\/energy4farming.uni-eszterhazy.hu\/wp-content\/uploads\/2022\/07\/Invitation-4.pdf\">Invitation-4<\/a><a href=\"https:\/\/energy4farming.uni-eszterhazy.hu\/wp-content\/uploads\/2022\/07\/Invitation-4.pdf\" class=\"wp-block-file__button\" download aria-describedby=\"wp-block-file--media-0b567a5c-997e-44aa-88df-b4802fea2cf1\">Scarica<\/a><\/div>\n\n\n\n<p>Fotografie:<\/p>\n\n\n\n<figure class=\"wp-block-image size-large\"><img loading=\"lazy\" decoding=\"async\" width=\"1024\" height=\"768\" src=\"https:\/\/energy4farming.uni-eszterhazy.hu\/wp-content\/uploads\/2022\/07\/DSCN0128-1-1024x768.jpg\" alt=\"\" class=\"wp-image-596\" srcset=\"https:\/\/energy4farming.uni-eszterhazy.hu\/wp-content\/uploads\/2022\/07\/DSCN0128-1-1024x768.jpg 1024w, https:\/\/energy4farming.uni-eszterhazy.hu\/wp-content\/uploads\/2022\/07\/DSCN0128-1-300x225.jpg 300w, https:\/\/energy4farming.uni-eszterhazy.hu\/wp-content\/uploads\/2022\/07\/DSCN0128-1-768x576.jpg 768w, https:\/\/energy4farming.uni-eszterhazy.hu\/wp-content\/uploads\/2022\/07\/DSCN0128-1-1536x1152.jpg 1536w, https:\/\/energy4farming.uni-eszterhazy.hu\/wp-content\/uploads\/2022\/07\/DSCN0128-1-2048x1536.jpg 2048w\" sizes=\"auto, (max-width: 767px) 89vw, (max-width: 1000px) 54vw, (max-width: 1071px) 543px, 580px\" \/><\/figure>\n\n\n\n<p><\/p>\n\n\n\n<figure class=\"wp-block-image size-large\"><img loading=\"lazy\" decoding=\"async\" width=\"1024\" height=\"768\" src=\"https:\/\/energy4farming.uni-eszterhazy.hu\/wp-content\/uploads\/2022\/07\/20220531_133657-2-1024x768.jpg\" alt=\"\" class=\"wp-image-591\" srcset=\"https:\/\/energy4farming.uni-eszterhazy.hu\/wp-content\/uploads\/2022\/07\/20220531_133657-2-1024x768.jpg 1024w, https:\/\/energy4farming.uni-eszterhazy.hu\/wp-content\/uploads\/2022\/07\/20220531_133657-2-300x225.jpg 300w, https:\/\/energy4farming.uni-eszterhazy.hu\/wp-content\/uploads\/2022\/07\/20220531_133657-2-768x576.jpg 768w, https:\/\/energy4farming.uni-eszterhazy.hu\/wp-content\/uploads\/2022\/07\/20220531_133657-2-1536x1152.jpg 1536w, https:\/\/energy4farming.uni-eszterhazy.hu\/wp-content\/uploads\/2022\/07\/20220531_133657-2-2048x1536.jpg 2048w\" sizes=\"auto, (max-width: 767px) 89vw, (max-width: 1000px) 54vw, (max-width: 1071px) 543px, 580px\" \/><\/figure>\n\n\n\n<figure class=\"wp-block-image size-large\"><img loading=\"lazy\" decoding=\"async\" width=\"1024\" height=\"768\" src=\"https:\/\/energy4farming.uni-eszterhazy.hu\/wp-content\/uploads\/2022\/07\/20220531_120428-2-1024x768.jpg\" alt=\"\" class=\"wp-image-594\" srcset=\"https:\/\/energy4farming.uni-eszterhazy.hu\/wp-content\/uploads\/2022\/07\/20220531_120428-2-1024x768.jpg 1024w, https:\/\/energy4farming.uni-eszterhazy.hu\/wp-content\/uploads\/2022\/07\/20220531_120428-2-300x225.jpg 300w, https:\/\/energy4farming.uni-eszterhazy.hu\/wp-content\/uploads\/2022\/07\/20220531_120428-2-768x576.jpg 768w, https:\/\/energy4farming.uni-eszterhazy.hu\/wp-content\/uploads\/2022\/07\/20220531_120428-2-1536x1152.jpg 1536w, https:\/\/energy4farming.uni-eszterhazy.hu\/wp-content\/uploads\/2022\/07\/20220531_120428-2-2048x1536.jpg 2048w\" sizes=\"auto, (max-width: 767px) 89vw, (max-width: 1000px) 54vw, (max-width: 1071px) 543px, 580px\" \/><\/figure>\n\n\n\n<p><\/p>\n","protected":false},"excerpt":{"rendered":"<p>Primo TPM Il primo incontro transnazionale del progetto Erasmus+ Energy4Farming si \u00e8 tenuto l&#8217;11 gennaio 2021 in forma virtuale. Oltre alla determinazione del contenuto degli IO, sono stati discussi alcuni dettagli delle seguenti attivit\u00e0 di apprendimento e insegnamento. Agenda: Fotografie: Secondo TPM Marted\u00ec 19 ottobre 2021 si \u00e8 tenuto il secondo incontro del Progetto Transnazionale &hellip; <\/p>\n<p class=\"link-more\"><a href=\"https:\/\/energy4farming.uni-eszterhazy.hu\/it\/transnational-meeting\/\" class=\"more-link\">Leggi tutto<span class=\"screen-reader-text\"> &#8220;Meeting internazionali&#8221;<\/span><\/a><\/p>\n","protected":false},"author":1,"featured_media":0,"parent":0,"menu_order":0,"comment_status":"closed","ping_status":"closed","template":"","meta":{"footnotes":""},"class_list":["post-63","page","type-page","status-publish","hentry"],"_links":{"self":[{"href":"https:\/\/energy4farming.uni-eszterhazy.hu\/it\/wp-json\/wp\/v2\/pages\/63","targetHints":{"allow":["GET"]}}],"collection":[{"href":"https:\/\/energy4farming.uni-eszterhazy.hu\/it\/wp-json\/wp\/v2\/pages"}],"about":[{"href":"https:\/\/energy4farming.uni-eszterhazy.hu\/it\/wp-json\/wp\/v2\/types\/page"}],"author":[{"embeddable":true,"href":"https:\/\/energy4farming.uni-eszterhazy.hu\/it\/wp-json\/wp\/v2\/users\/1"}],"replies":[{"embeddable":true,"href":"https:\/\/energy4farming.uni-eszterhazy.hu\/it\/wp-json\/wp\/v2\/comments?post=63"}],"version-history":[{"count":35,"href":"https:\/\/energy4farming.uni-eszterhazy.hu\/it\/wp-json\/wp\/v2\/pages\/63\/revisions"}],"predecessor-version":[{"id":665,"href":"https:\/\/energy4farming.uni-eszterhazy.hu\/it\/wp-json\/wp\/v2\/pages\/63\/revisions\/665"}],"wp:attachment":[{"href":"https:\/\/energy4farming.uni-eszterhazy.hu\/it\/wp-json\/wp\/v2\/media?parent=63"}],"curies":[{"name":"wp","href":"https:\/\/api.w.org\/{rel}","templated":true}]}}