{"id":68,"date":"2021-07-05T06:37:35","date_gmt":"2021-07-05T06:37:35","guid":{"rendered":"https:\/\/energy4farming.uni-eszterhazy.hu\/en\/?page_id=68"},"modified":"2021-10-12T16:40:31","modified_gmt":"2021-10-12T16:40:31","slug":"cele","status":"publish","type":"page","link":"https:\/\/energy4farming.uni-eszterhazy.hu\/it\/cele\/","title":{"rendered":"Obiettivi"},"content":{"rendered":"\n<p><\/p>\n\n\n\n<p>Sebbene Energy4Farming contribuisca al raggiungimento di diverse priorit\u00e0 orizzontali e settoriali, l&#8217;obiettivo principale del progetto \u00e8 focalizzato sul fornire nuove competenze, idee e metodi per lo sviluppo professionale degli insegnanti VET. La sua strategia principale consiste nel sostenere lo sviluppo professionale degli insegnanti VET nelle energie rinnovabili per l&#8217;agricoltura, oltre a fornire loro linee guida per introdurre la metodologia di apprendimento basata su progetti, le capacit\u00e0 imprenditoriali e lo sviluppo delle loro competenze linguistiche. Inoltre, i centri VET sono i migliori \u201ctarget\u201d per questo progetto grazie all\u2019attenzione all&#8217;ambiente degli studenti di agraria che stanno per entrare nel mercato del lavoro. Ci\u00f2 fornir\u00e0 a questi studenti nuove competenze e conoscenze sulle tecniche sostenibili, che sono richieste nel settore agricolo per raggiungere gli obiettivi di sostenibilit\u00e0 dell&#8217;Unione Europea, oltre ad aiutarli a sviluppare un&#8217;esperienza pratica grazie alla metodologia di apprendimento basata sul progetto che promuover\u00e0 il partenariato tra diverse istituzioni, organizzazioni e aziende. Poich\u00e9 questo progetto si concentra sull&#8217;acquisizione di conoscenze sulla sostenibilit\u00e0 per diminuire l&#8217;impatto dell&#8217;inquinamento sull&#8217;ambiente, \u00e8 anche complementare alla priorit\u00e0 orizzontale degli obiettivi ambientali e climatici. In questo senso, e legati alle priorit\u00e0 e ai temi, gli obiettivi del progetto sono i seguenti:\u00a0<br>&#8211; Promuovere il miglioramento e la modernizzazione degli studi agricoli VET attraverso lo sviluppo professionale degli insegnanti VET (in relazione alle energie rinnovabili)\u00a0<br>&#8211; Includere pratiche innovative di imprenditorialit\u00e0 nella VET basate sulle nuove opportunit\u00e0 offerte dal settore delle energie rinnovabili al fine di diversificare le attivit\u00e0 dell&#8217;economia rurale\u00a0<br>&#8211; Facilitare l&#8217;introduzione di esperienze innovative di apprendimento basate su progetti per soddisfare i bisogni della societ\u00e0 negli studi agricoli VET attraverso l&#8217;approccio educativo dell&#8217;apprendimento basato su progetti.<br><br>Sulla base di questi obiettivi, gli obiettivi specifici del progetto saranno i seguenti:<\/p>\n\n\n\n<p>1. Rafforzare le competenze degli insegnanti VET nel campo dell&#8217;agricoltura sostenibile.<\/p>\n\n\n\n<p>2. Migliorare le conoscenze degli insegnanti VET riguardo ai benefici delle energie rinnovabili in agricoltura.<\/p>\n\n\n\n<p>3. Rafforzare il curriculum VET di studi agrari introducendo concetti sulla sostenibilit\u00e0.&nbsp;<\/p>\n\n\n\n<p>4. Migliorare le competenze degli studenti sulla sostenibilit\u00e0.5. Rafforzare l&#8217;occupabilit\u00e0 degli studenti VET attraverso un approccio al mondo del lavoro.<\/p>\n\n\n\n<p>The European Commission&#8217;s support for the production of this publication does not constitute an endorsement of the contents, which reflect the views only of the authors, and the Commission cannot be held responsible for any use which may be made of the information contained therein.<\/p>\n","protected":false},"excerpt":{"rendered":"<p>Sebbene Energy4Farming contribuisca al raggiungimento di diverse priorit\u00e0 orizzontali e settoriali, l&#8217;obiettivo principale del progetto \u00e8 focalizzato sul fornire nuove competenze, idee e metodi per lo sviluppo professionale degli insegnanti VET. La sua strategia principale consiste nel sostenere lo sviluppo professionale degli insegnanti VET nelle energie rinnovabili per l&#8217;agricoltura, oltre a fornire loro linee guida &hellip; <\/p>\n<p class=\"link-more\"><a href=\"https:\/\/energy4farming.uni-eszterhazy.hu\/it\/cele\/\" class=\"more-link\">Leggi tutto<span class=\"screen-reader-text\"> &#8220;Obiettivi&#8221;<\/span><\/a><\/p>\n","protected":false},"author":1,"featured_media":0,"parent":0,"menu_order":0,"comment_status":"closed","ping_status":"closed","template":"","meta":{"footnotes":""},"class_list":["post-68","page","type-page","status-publish","hentry"],"_links":{"self":[{"href":"https:\/\/energy4farming.uni-eszterhazy.hu\/it\/wp-json\/wp\/v2\/pages\/68","targetHints":{"allow":["GET"]}}],"collection":[{"href":"https:\/\/energy4farming.uni-eszterhazy.hu\/it\/wp-json\/wp\/v2\/pages"}],"about":[{"href":"https:\/\/energy4farming.uni-eszterhazy.hu\/it\/wp-json\/wp\/v2\/types\/page"}],"author":[{"embeddable":true,"href":"https:\/\/energy4farming.uni-eszterhazy.hu\/it\/wp-json\/wp\/v2\/users\/1"}],"replies":[{"embeddable":true,"href":"https:\/\/energy4farming.uni-eszterhazy.hu\/it\/wp-json\/wp\/v2\/comments?post=68"}],"version-history":[{"count":16,"href":"https:\/\/energy4farming.uni-eszterhazy.hu\/it\/wp-json\/wp\/v2\/pages\/68\/revisions"}],"predecessor-version":[{"id":303,"href":"https:\/\/energy4farming.uni-eszterhazy.hu\/it\/wp-json\/wp\/v2\/pages\/68\/revisions\/303"}],"wp:attachment":[{"href":"https:\/\/energy4farming.uni-eszterhazy.hu\/it\/wp-json\/wp\/v2\/media?parent=68"}],"curies":[{"name":"wp","href":"https:\/\/api.w.org\/{rel}","templated":true}]}}