{"id":185,"date":"2021-09-21T07:17:43","date_gmt":"2021-09-21T07:17:43","guid":{"rendered":"https:\/\/energy4farming.uni-eszterhazy.hu\/en\/?page_id=185"},"modified":"2021-10-12T16:37:25","modified_gmt":"2021-10-12T16:37:25","slug":"the-project","status":"publish","type":"page","link":"https:\/\/energy4farming.uni-eszterhazy.hu\/pl\/the-project\/","title":{"rendered":"A O projekcie"},"content":{"rendered":"\n<p><\/p>\n\n\n\n<p>W 2018 r. w Parlamencie Europejskim uzgodniono cel na rok 2030: do tego czasu 32% zu\u017cycia energii w Unii ma pochodzi\u0107 z odnawialnych \u017ar\u00f3de\u0142. W ten spos\u00f3b Kraje Unii Europejskiej wzmocni\u0142y zaanga\u017cowanie tzw. zielonej energii. Jednocze\u015bnie Wsp\u00f3lna Polityka Rolna (WPR) koncentruje si\u0119 na wyzwaniach spo\u0142eczno \u2013gospodarczych, stoj\u0105cych przed rolnictwem i obszarami wiejskimi. Rolnictwo posiada ogromny wp\u0142yw na \u015brodowisko, powstaj\u0105 nowe rozwi\u0105zania techniki i praktyki, kt\u00f3re s\u0105 wdra\u017cane w celu osi\u0105gni\u0119cia zr\u00f3wnowa\u017conego rolnictwa. Projekt odpowiada na&nbsp;&nbsp;bie\u017c\u0105ce potrzeby rozwijania zr\u00f3wnowa\u017conego rolnictwa, z coraz wi\u0119kszym udzia\u0142em energii odnawialnej i koncentruje si\u0119 na rolniczych centrach VET.<\/p>\n\n\n\n<p>W tym kontek\u015bcie, cele projektu Energy4Farming s\u0105 nast\u0119puj\u0105ce:<\/p>\n\n\n\n<p>&#8211; Promowanie rozwoju i podnoszenia jako\u015bci edukacji&nbsp;&nbsp;rolniczej poprzez rozw\u00f3j zawodowy nauczycieli VET w obszarze energii odnawialnej.&nbsp;<\/p>\n\n\n\n<p>&#8211; W\u0142\u0105czenie innowacyjnych praktyk przedsi\u0119biorczo\u015bci do&nbsp;&nbsp;VET w oparciu o nowe mo\u017cliwo\u015bci oferowane przez sektor energii odnawialnej w celu dywersyfikacji dzia\u0142alno\u015bci na terenach wiejskich.<\/p>\n\n\n\n<p>&#8211; U\u0142atwianie wprowadzania innowacyjnego modelu nauczania w rolniczych centrach&nbsp;&nbsp;VET, oparte na uczeniu poprzez projekt, tj. podej\u015bcia edukacyjnego nauczania projektowego.&nbsp;&nbsp;<\/p>\n\n\n\n<figure class=\"wp-block-table\"><table><tbody><tr><td><\/td><\/tr><\/tbody><\/table><\/figure>\n","protected":false},"excerpt":{"rendered":"<p>W 2018 r. w Parlamencie Europejskim uzgodniono cel na rok 2030: do tego czasu 32% zu\u017cycia energii w Unii ma pochodzi\u0107 z odnawialnych \u017ar\u00f3de\u0142. W ten spos\u00f3b Kraje Unii Europejskiej wzmocni\u0142y zaanga\u017cowanie tzw. zielonej energii. Jednocze\u015bnie Wsp\u00f3lna Polityka Rolna (WPR) koncentruje si\u0119 na wyzwaniach spo\u0142eczno \u2013gospodarczych, stoj\u0105cych przed rolnictwem i obszarami wiejskimi. Rolnictwo posiada ogromny &hellip; <\/p>\n<p class=\"link-more\"><a href=\"https:\/\/energy4farming.uni-eszterhazy.hu\/pl\/the-project\/\" class=\"more-link\">Czytaj dalej<span class=\"screen-reader-text\"> A O projekcie<\/span><\/a><\/p>\n","protected":false},"author":1,"featured_media":0,"parent":0,"menu_order":0,"comment_status":"closed","ping_status":"closed","template":"","meta":{"footnotes":""},"class_list":["post-185","page","type-page","status-publish","hentry"],"_links":{"self":[{"href":"https:\/\/energy4farming.uni-eszterhazy.hu\/pl\/wp-json\/wp\/v2\/pages\/185","targetHints":{"allow":["GET"]}}],"collection":[{"href":"https:\/\/energy4farming.uni-eszterhazy.hu\/pl\/wp-json\/wp\/v2\/pages"}],"about":[{"href":"https:\/\/energy4farming.uni-eszterhazy.hu\/pl\/wp-json\/wp\/v2\/types\/page"}],"author":[{"embeddable":true,"href":"https:\/\/energy4farming.uni-eszterhazy.hu\/pl\/wp-json\/wp\/v2\/users\/1"}],"replies":[{"embeddable":true,"href":"https:\/\/energy4farming.uni-eszterhazy.hu\/pl\/wp-json\/wp\/v2\/comments?post=185"}],"version-history":[{"count":11,"href":"https:\/\/energy4farming.uni-eszterhazy.hu\/pl\/wp-json\/wp\/v2\/pages\/185\/revisions"}],"predecessor-version":[{"id":297,"href":"https:\/\/energy4farming.uni-eszterhazy.hu\/pl\/wp-json\/wp\/v2\/pages\/185\/revisions\/297"}],"wp:attachment":[{"href":"https:\/\/energy4farming.uni-eszterhazy.hu\/pl\/wp-json\/wp\/v2\/media?parent=185"}],"curies":[{"name":"wp","href":"https:\/\/api.w.org\/{rel}","templated":true}]}}