{"id":393,"date":"2022-01-17T06:40:59","date_gmt":"2022-01-17T06:40:59","guid":{"rendered":"https:\/\/energy4farming.uni-eszterhazy.hu\/?page_id=393"},"modified":"2023-02-17T10:37:28","modified_gmt":"2023-02-17T10:37:28","slug":"intellektuaalsed-valjundid","status":"publish","type":"page","link":"https:\/\/energy4farming.uni-eszterhazy.hu\/pl\/intellektuaalsed-valjundid\/","title":{"rendered":"Rezultaty pracy intelektualnej"},"content":{"rendered":"\n<p class=\"has-medium-font-size\"><strong>REZULTATY PRACY INTELEKTUALNEJ<\/strong> 1<\/p>\n\n\n\n<p><em>Manual for agricultural VET teachers. Sustainable agriculture: new tendencies and innovation with a focus on renewable energies&nbsp;<\/em>Energy4Farming&nbsp;<\/p>\n\n\n\n<div data-wp-interactive=\"core\/file\" class=\"wp-block-file\"><object data-wp-bind--hidden=\"!state.hasPdfPreview\" hidden class=\"wp-block-file__embed\" data=\"https:\/\/energy4farming.uni-eszterhazy.hu\/wp-content\/uploads\/2023\/02\/IO1_MOD1_PL-3-31_merged.pdf\" type=\"application\/pdf\" style=\"width:100%;height:600px\" aria-label=\"Osadzony PDF\"><\/object><\/div>\n\n\n\n<div class=\"wp-block-buttons is-layout-flex wp-block-buttons-is-layout-flex\">\n<div class=\"wp-block-button is-style-outline is-style-outline--1\"><a class=\"wp-block-button__link wp-element-button\" href=\"https:\/\/energy4farming.uni-eszterhazy.hu\/download\/953\/\">\u015aci\u0105gnij<\/a><\/div>\n<\/div>\n\n\n\n<hr class=\"wp-block-separator has-css-opacity\"\/>\n\n\n\n<p><\/p>\n\n\n\n<p><em>Manual for agricultural VET teachers:&nbsp;application of renewable energy sources for farming<\/em><\/p>\n\n\n\n<div data-wp-interactive=\"core\/file\" class=\"wp-block-file\"><object data-wp-bind--hidden=\"!state.hasPdfPreview\" hidden class=\"wp-block-file__embed\" data=\"https:\/\/energy4farming.uni-eszterhazy.hu\/wp-content\/uploads\/2023\/02\/IO1_MOD2_PL-3-53_merged.pdf\" type=\"application\/pdf\" style=\"width:100%;height:600px\" aria-label=\"Osadzony PDF\"><\/object><\/div>\n\n\n\n<div class=\"wp-block-buttons is-layout-flex wp-block-buttons-is-layout-flex\">\n<div class=\"wp-block-button is-style-outline is-style-outline--2\"><a class=\"wp-block-button__link wp-element-button\" href=\"https:\/\/energy4farming.uni-eszterhazy.hu\/download\/956\/\">\u015aci\u0105gnij<\/a><\/div>\n<\/div>\n\n\n\n<hr class=\"wp-block-separator has-css-opacity\"\/>\n\n\n\n<p><\/p>\n\n\n\n<p><em>Manual for agricultural VET teachers. Sustainable agriculture: new tendencies and innovation with a focus on renewable energies&nbsp;<\/em>Energy4Farming&nbsp;<\/p>\n\n\n\n<div data-wp-interactive=\"core\/file\" class=\"wp-block-file\"><object data-wp-bind--hidden=\"!state.hasPdfPreview\" hidden class=\"wp-block-file__embed\" data=\"https:\/\/energy4farming.uni-eszterhazy.hu\/wp-content\/uploads\/2023\/02\/IO1_MOD3_PL_merged.pdf\" type=\"application\/pdf\" style=\"width:100%;height:600px\" aria-label=\"Osadzony PDF\"><\/object><\/div>\n\n\n\n<p><\/p>\n\n\n\n<div class=\"wp-block-buttons is-layout-flex wp-block-buttons-is-layout-flex\">\n<div class=\"wp-block-button is-style-outline is-style-outline--3\"><a class=\"wp-block-button__link wp-element-button\" href=\"https:\/\/energy4farming.uni-eszterhazy.hu\/download\/959\/\">\u015aci\u0105gnij<\/a><\/div>\n<\/div>\n\n\n\n<p><\/p>\n\n\n\n<p class=\"has-medium-font-size\"><strong>Wyniki pracy intelektualnej 2<\/strong><\/p>\n\n\n\n<p>Dorobek intelektualny 2 jest bardziej praktycznym przewodnikiem dla nauczycieli w zakresie wdra\u017cania tre\u015bci IO1. W tym przypadku skupienie si\u0119 na wykorzystaniu energii odnawialnej ze zr\u00f3wnowa\u017conego punktu widzenia. Ten przewodnik wyja\u015bnia innowacyjn\u0105 metodologi\u0119 zwan\u0105 uczeniem si\u0119 opartym na projektach, daj\u0105c czytelnikom lepsze zrozumienie, jak to dzia\u0142a, jakie s\u0105 jej cechy i korzy\u015bci, a tak\u017ce kr\u00f3tkie wprowadzenie do jej wdra\u017cania. Aby poprawi\u0107 u\u017cyteczno\u015b\u0107, pokazuje r\u00f3wnie\u017c dwa przyk\u0142ady wykonane przez szko\u0142y VET, jak wprowadzi\u0107 metodologi\u0119 w ich dw\u00f3ch r\u00f3\u017cnych kontekstach. Wreszcie, na ko\u0144cu dokumentu, czytelnicy mog\u0105 zapozna\u0107 si\u0119 z dwoma prostymi przyk\u0142adami prototyp\u00f3w krok po kroku oraz dwoma prototypami eksperymentalnymi, kt\u00f3re mog\u0105 zainspirowa\u0107 nauczycieli do ich powielania lub ulepszania.<\/p>\n\n\n\n<p>Module 1: introduction to start-up: what we need to have into mind when creating a new business (environmental, economic and social sustainability;)<\/p>\n\n\n\n<div data-wp-interactive=\"core\/file\" class=\"wp-block-file\"><object data-wp-bind--hidden=\"!state.hasPdfPreview\" hidden class=\"wp-block-file__embed\" data=\"https:\/\/energy4farming.uni-eszterhazy.hu\/wp-content\/uploads\/2023\/02\/IO2_M_1_Ramy_teoretyczne.pdf\" type=\"application\/pdf\" style=\"width:100%;height:600px\" aria-label=\"Osadzony PDF\"><\/object><\/div>\n\n\n\n<p><\/p>\n\n\n\n<div class=\"wp-block-buttons is-layout-flex wp-block-buttons-is-layout-flex\">\n<div class=\"wp-block-button is-style-outline is-style-outline--4\"><a class=\"wp-block-button__link wp-element-button\" href=\"https:\/\/energy4farming.uni-eszterhazy.hu\/download\/962\/\">\u015aci\u0105gnij<\/a><\/div>\n<\/div>\n\n\n\n<p><\/p>\n\n\n\n<p>Module 2: farming sustainable businesses: how to create a sustainable business plan including renewable energies (certifications; requirements; legal framework)&nbsp;<\/p>\n\n\n\n<div data-wp-interactive=\"core\/file\" class=\"wp-block-file\"><object data-wp-bind--hidden=\"!state.hasPdfPreview\" hidden class=\"wp-block-file__embed\" data=\"https:\/\/energy4farming.uni-eszterhazy.hu\/wp-content\/uploads\/2023\/02\/IO2_M_2_wdrozenie.pdf\" type=\"application\/pdf\" style=\"width:100%;height:600px\" aria-label=\"Osadzony PDF\"><\/object><\/div>\n\n\n\n<p><\/p>\n\n\n\n<div class=\"wp-block-buttons is-layout-flex wp-block-buttons-is-layout-flex\">\n<div class=\"wp-block-button is-style-outline is-style-outline--5\"><a class=\"wp-block-button__link wp-element-button\" href=\"https:\/\/energy4farming.uni-eszterhazy.hu\/download\/965\/\">\u015aci\u0105gnij<\/a><\/div>\n<\/div>\n\n\n\n<p><\/p>\n\n\n\n<p>Module 3: success cases of agricultural sustainable businesses with renewable energies<\/p>\n\n\n\n<div data-wp-interactive=\"core\/file\" class=\"wp-block-file\"><object data-wp-bind--hidden=\"!state.hasPdfPreview\" hidden class=\"wp-block-file__embed\" data=\"https:\/\/energy4farming.uni-eszterhazy.hu\/wp-content\/uploads\/2023\/02\/IO2_M_3_Przyklady_praktyczne.pdf\" type=\"application\/pdf\" style=\"width:100%;height:600px\" aria-label=\"Osadzony PDF\"><\/object><\/div>\n\n\n\n<p><\/p>\n\n\n\n<div class=\"wp-block-buttons is-layout-flex wp-block-buttons-is-layout-flex\">\n<div class=\"wp-block-button is-style-outline is-style-outline--6\"><a class=\"wp-block-button__link wp-element-button\" href=\"https:\/\/energy4farming.uni-eszterhazy.hu\/download\/968\/\">\u015aci\u0105gnij<\/a><\/div>\n<\/div>\n\n\n\n<p><\/p>\n\n\n\n<p>Tutorial: How to create a THERMOSIPHON<\/p>\n\n\n\n<figure class=\"wp-block-embed is-type-video is-provider-youtube wp-block-embed-youtube wp-embed-aspect-16-9 wp-has-aspect-ratio\"><div class=\"wp-block-embed__wrapper\">\n<iframe loading=\"lazy\" title=\"TUTORIAL: How to create a THERMOSIPHON\" width=\"525\" height=\"295\" src=\"https:\/\/www.youtube.com\/embed\/QcAHHdUoQnY?feature=oembed\" frameborder=\"0\" allow=\"accelerometer; autoplay; clipboard-write; encrypted-media; gyroscope; picture-in-picture; web-share\" referrerpolicy=\"strict-origin-when-cross-origin\" allowfullscreen><\/iframe>\n<\/div><\/figure>\n\n\n\n<p><\/p>\n\n\n\n<p><strong>Intellectual outputs <\/strong>3<\/p>\n\n\n\n<p>Guide on sustainable start-up creation with renewable energies.<\/p>\n\n\n\n<p>Module 1: Introduction to start-up: what we need to have into mind when creating a new business (environmental, economic and social sustainability).<\/p>\n\n\n\n<div data-wp-interactive=\"core\/file\" class=\"wp-block-file\"><object data-wp-bind--hidden=\"!state.hasPdfPreview\" hidden class=\"wp-block-file__embed\" data=\"https:\/\/energy4farming.uni-eszterhazy.hu\/wp-content\/uploads\/2023\/02\/IO-3-MODULE-1-PL.pdf\" type=\"application\/pdf\" style=\"width:100%;height:600px\" aria-label=\"Osadzony PDF\"><\/object><\/div>\n\n\n\n<p><\/p>\n\n\n\n<div class=\"wp-block-buttons is-layout-flex wp-block-buttons-is-layout-flex\">\n<div class=\"wp-block-button is-style-outline is-style-outline--7\"><a class=\"wp-block-button__link wp-element-button\" href=\"https:\/\/energy4farming.uni-eszterhazy.hu\/download\/973\/\">\u015aci\u0105gnij<\/a><\/div>\n<\/div>\n\n\n\n<p><\/p>\n\n\n\n<p>Module 2: FARMING SUSTAINABLE BUSINESS: HOW TO CREATE A SUSTAINABLE BUSINESS PLAN INCLUDING RENEWABLE ENERGIES: CERTIFICATIONS, REQUIREMENTS, LEGAL FRAMEWORK.<\/p>\n\n\n\n<div data-wp-interactive=\"core\/file\" class=\"wp-block-file\"><object data-wp-bind--hidden=\"!state.hasPdfPreview\" hidden class=\"wp-block-file__embed\" data=\"https:\/\/energy4farming.uni-eszterhazy.hu\/wp-content\/uploads\/2023\/02\/IO-3-MODULE-2-PL.pdf\" type=\"application\/pdf\" style=\"width:100%;height:600px\" aria-label=\"Osadzony PDF\"><\/object><\/div>\n\n\n\n<p><\/p>\n\n\n\n<div class=\"wp-block-buttons is-layout-flex wp-block-buttons-is-layout-flex\">\n<div class=\"wp-block-button is-style-outline is-style-outline--8\"><a class=\"wp-block-button__link wp-element-button\" href=\"https:\/\/energy4farming.uni-eszterhazy.hu\/download\/976\/\">\u015aci\u0105gnij<\/a><\/div>\n<\/div>\n\n\n\n<p><\/p>\n\n\n\n<p>Module 3: SUCCESS CASES OF AGRICULTURAL SUSTAINABLE BUSINESSES.<\/p>\n\n\n\n<p><\/p>\n\n\n\n<div data-wp-interactive=\"core\/file\" class=\"wp-block-file\"><object data-wp-bind--hidden=\"!state.hasPdfPreview\" hidden class=\"wp-block-file__embed\" data=\"https:\/\/energy4farming.uni-eszterhazy.hu\/wp-content\/uploads\/2023\/02\/IO-3-MODULE-3-PL.pdf\" type=\"application\/pdf\" style=\"width:100%;height:600px\" aria-label=\"Osadzony PDF\"><\/object><\/div>\n\n\n\n<div class=\"wp-block-buttons is-layout-flex wp-block-buttons-is-layout-flex\">\n<div class=\"wp-block-button is-style-outline is-style-outline--9\"><a class=\"wp-block-button__link wp-element-button\" href=\"https:\/\/energy4farming.uni-eszterhazy.hu\/download\/979\/\">\u015aci\u0105gnij<\/a><\/div>\n<\/div>\n","protected":false},"excerpt":{"rendered":"<p>REZULTATY PRACY INTELEKTUALNEJ 1 Manual for agricultural VET teachers. Sustainable agriculture: new tendencies and innovation with a focus on renewable energies&nbsp;Energy4Farming&nbsp; Manual for agricultural VET teachers:&nbsp;application of renewable energy sources for farming Manual for agricultural VET teachers. Sustainable agriculture: new tendencies and innovation with a focus on renewable energies&nbsp;Energy4Farming&nbsp; Wyniki pracy intelektualnej 2 Dorobek intelektualny &hellip; <\/p>\n<p class=\"link-more\"><a href=\"https:\/\/energy4farming.uni-eszterhazy.hu\/pl\/intellektuaalsed-valjundid\/\" class=\"more-link\">Czytaj dalej<span class=\"screen-reader-text\"> Rezultaty pracy intelektualnej<\/span><\/a><\/p>\n","protected":false},"author":1,"featured_media":0,"parent":0,"menu_order":0,"comment_status":"closed","ping_status":"closed","template":"","meta":{"footnotes":""},"class_list":["post-393","page","type-page","status-publish","hentry"],"_links":{"self":[{"href":"https:\/\/energy4farming.uni-eszterhazy.hu\/pl\/wp-json\/wp\/v2\/pages\/393","targetHints":{"allow":["GET"]}}],"collection":[{"href":"https:\/\/energy4farming.uni-eszterhazy.hu\/pl\/wp-json\/wp\/v2\/pages"}],"about":[{"href":"https:\/\/energy4farming.uni-eszterhazy.hu\/pl\/wp-json\/wp\/v2\/types\/page"}],"author":[{"embeddable":true,"href":"https:\/\/energy4farming.uni-eszterhazy.hu\/pl\/wp-json\/wp\/v2\/users\/1"}],"replies":[{"embeddable":true,"href":"https:\/\/energy4farming.uni-eszterhazy.hu\/pl\/wp-json\/wp\/v2\/comments?post=393"}],"version-history":[{"count":276,"href":"https:\/\/energy4farming.uni-eszterhazy.hu\/pl\/wp-json\/wp\/v2\/pages\/393\/revisions"}],"predecessor-version":[{"id":1530,"href":"https:\/\/energy4farming.uni-eszterhazy.hu\/pl\/wp-json\/wp\/v2\/pages\/393\/revisions\/1530"}],"wp:attachment":[{"href":"https:\/\/energy4farming.uni-eszterhazy.hu\/pl\/wp-json\/wp\/v2\/media?parent=393"}],"curies":[{"name":"wp","href":"https:\/\/api.w.org\/{rel}","templated":true}]}}