{"id":61,"date":"2021-07-05T06:36:33","date_gmt":"2021-07-05T06:36:33","guid":{"rendered":"https:\/\/energy4farming.uni-eszterhazy.hu\/en\/?page_id=61"},"modified":"2021-10-12T16:40:11","modified_gmt":"2021-10-12T16:40:11","slug":"wzmacniacz","status":"publish","type":"page","link":"https:\/\/energy4farming.uni-eszterhazy.hu\/pl\/wzmacniacz\/","title":{"rendered":"Organizacje partnerskie"},"content":{"rendered":"\n<h2 class=\"wp-block-heading\">Low Carbon Economy Foundation<\/h2>\n\n\n\n<p>Low Carbon Economy Foundation jest Organizacj\u0105 Pozarz\u0105dow\u0105 (NGO) zarejestrowan\u0105 jako Fundacja \u015arodowiskowa w Regionie Walencji (kod rejestracyjny CV-110). Fundacja zosta\u0142a utworzona w 2014 roku i ma siedzib\u0119 w La Vall d&#8217;Uix\u00f3, ma\u0142ym miasteczku z 31.000 mieszka\u0144c\u00f3w w prowincji Castell\u00f3n (Region Walencji). Jej cz\u0142onkowie s\u0105 profesjonalistami w dziedzinie in\u017cynierii, edukacji, zr\u00f3wnowa\u017conego rozwoju i przedsi\u0119biorczo\u015bci, a tak\u017ce wsp\u00f3\u0142pracuj\u0105 z rozbudowan\u0105 sieci\u0105 o\u015brodk\u00f3w edukacyjnych VET, zielonych przedsi\u0119biorstw, stowarzysze\u0144 ekologicznych i organizacji m\u0142odzie\u017cowych.&nbsp;&nbsp;Zgodnie ze swoim statutem, g\u0142\u00f3wnym celem Fundacji jest promowanie szkole\u0144, upowszechnianie, prezentacja, mentoring, doradztwo w zarz\u0105dzaniu \u015brodowiskiem naturalnym, opartych na modelu gospodarki niskoemisyjnej. W szczeg\u00f3lno\u015bci, g\u0142\u00f3wnymi dziedzinami wiedzy Fundacji s\u0105:<\/p>\n\n\n\n<p>Systemy energii odnawialnej i efektywno\u015b\u0107 energetyczna<\/p>\n\n\n\n<p>Waloryzacja odpad\u00f3w rolno-le\u015bnych<\/p>\n\n\n\n<p>Ochrona i regeneracja \u015brodowiska naturalnego<\/p>\n\n\n\n<p>Bio-konstrukcje<\/p>\n\n\n\n<p>Wsp\u00f3\u0142praca na rzecz rozwoju, w tym rozwoju obszar\u00f3w wiejskich<\/p>\n\n\n\n<p>Ekonomia spo\u0142eczna, solidarno\u015b\u0107 i sprawiedliwy handel.<\/p>\n\n\n\n<h2 class=\"wp-block-heading\">EFA La Malves\u00eda<\/h2>\n\n\n\n<p>&#8220;EFA La Malves\u00eda&#8221; jest szko\u0142\u0105 p\u00f3\u0142prywatn\u0105, kt\u00f3ra oferuje rolnicze szkolenia zawodowe, a od 1970 roku r\u00f3wnie\u017c kszta\u0142cenie \u015brednie. Instytucja ta odgrywa du\u017c\u0105 rol\u0105 w rozwoju obszar\u00f3w wiejskich, poniewa\u017c uczy si\u0119 tam ponad 600 uczni\u00f3w, kt\u00f3rzy pochodz\u0105 z r\u00f3\u017cnych miast Wsp\u00f3lnoty Walenckiej. Szko\u0142an alezy do UNEFA &#8211; Zwi\u0105zku Szk\u00f3\u0142 Rodzin Rolniczych, kt\u00f3ry zrzesza 27 EFA w Hiszpanii.\u00a0Ponadto, UNEFA nale\u017cy do AIMFR (International Association of Maisons Familiar Rural).\u00a0Ka\u017cda szko\u0142a w tym stowarzyszeniu stosuje ten sam oryginalny system kszta\u0142cenia. G\u0142\u00f3wn\u0105 cech\u0105 tego systemu kszta\u0142cenia s\u0105 alternatywne etapy szkolenia mi\u0119dzy szko\u0142\u0105 a firm\u0105, bardzo zbli\u017cone do niemieckiego systemu dualnego. Jest to system stosowany od pocz\u0105tku istnienia szko\u0142y.\u00a0\u00a0Metodologia ta sprzyja\u0142a zawsze zatrudnieniu w firmach z sektora rolnictwa i le\u015bnictwa w regionie. Obecnie, szko\u0142a ma\u00a0\u00a0podpisane umowy z ponad 600 firmami, m.in.\u00a0\u00a0instytucje publiczne (takie jak Departament Rolnictwa, Ministerstwo \u015arodowiska), jak r\u00f3wnie\u017c ma\u0142e firmy.<\/p>\n\n\n\n<h2 class=\"wp-block-heading\">Area Europa<\/h2>\n\n\n\n<p>Area Europa jest sp\u00f3\u0142dzielcz\u0105 firm\u0105 konsultingow\u0105, za\u0142o\u017con\u0105 w Bolonii w 1999 roku, kt\u00f3rej celem jest promowanie wsp\u00f3\u0142pracy oraz rozwoju spo\u0142ecznego i gospodarczego w Europie. Jej us\u0142ugi koncentruj\u0105 si\u0119 na projektowaniu, koordynacji i zarz\u0105dzaniu finansowym projektami finansowanymi przez UE, jak r\u00f3wnie\u017c na doradztwie w zakresie strategii i rozwoju biznesu, organizacji wydarze\u0144 i szkole\u0144.<\/p>\n\n\n\n<p>Dzi\u0119ki interdyscyplinarnemu zespo\u0142owi, licznym do\u015bwiadczonym wsp\u00f3\u0142pracownikom i szerokiej sieci partner\u00f3w, firma oferuje wiele ukierunkowanych us\u0142ug.&nbsp;&nbsp;Area Europa oferuje zintegrowane us\u0142ugi dla przedsi\u0119biorstw coraz bardziej zorientowanych na rynki europejskie i pozaeuropejskie.&nbsp;<\/p>\n\n\n\n<p>Utworzenie i zarz\u0105dzanie Tymczasowym Biurem Spraw Zagranicznych, wspieranie sieci biznesowych oraz klastr\u00f3w regionalnych i ponadnarodowych, jak r\u00f3wnie\u017c otwieranie nowych rynk\u00f3w i kana\u0142\u00f3w sprzeda\u017cy, to tylko niekt\u00f3re z narz\u0119dzi, kt\u00f3re Area Europa z powodzeniem wykorzystuje, aby pom\u00f3c firmom w budowaniu ich pozycji w Europie i na \u015bwiecie.<\/p>\n\n\n\n<p>Promuje wsp\u00f3\u0142prac\u0119 europejsk\u0105 wsp\u00f3\u0142prac\u0119 na rzecz zr\u00f3wnowa\u017conego rozwoju terytorialnego, zar\u00f3wno na obszarach wiejskich, jak i miejskich. Poprzez swoj\u0105 sie\u0107 i 15-letniej historii, Area Europa rozwija i zarz\u0105dza projektami pilota\u017cowymi i sieciami terytorialnymi przy wsparciu funduszy europejskich, krajowych i regionalnych, zawsze w celu wzmocnienia lokalnych zasob\u00f3w, ochrony \u015brodowiska i krajobrazu oraz wzmocnienia przedsi\u0119biorczo\u015bci&nbsp;&nbsp;i umiej\u0119tno\u015bci integracyjnych mieszka\u0144c\u00f3w tych teren\u00f3w. Szczeg\u00f3lnym atutem jest do\u015bwiadczenie w sektorze winiarstwa, produkt\u00f3w lokalnych i tradycyjnych, zr\u00f3wnowa\u017conego rolnictwa, zmian klimatu oraz turystyki wiejskiej i kulturowej. Area Europa dza\u0142a w dw\u00f3ch podstawowych sektorach.<\/p>\n\n\n\n<ul class=\"wp-block-list\"><li>Zarz\u0105dzanie \u015brodowiskiem<\/li><\/ul>\n\n\n\n<ul class=\"wp-block-list\"><li>Rozw\u00f3j obszar\u00f3w wiejskich<\/li><\/ul>\n\n\n\n<h2 class=\"wp-block-heading\">J\u00e4rvamaa Kutsehariduskeskus<\/h2>\n\n\n\n<p>10 lat temu zosta\u0142y po\u0142\u0105czone dwie szko\u0142y, z kt\u00f3rych jedna by\u0142a szko\u0142a rolnicz\u0105. G\u0142\u00f3wne kierunki nauczania w JKHK to kierunki rolnicze i ich uczniowie stanowi\u0105 wi\u0119kszo\u015b\u0107 spo\u0142eczno\u015bci szkolnej.\u00a0\u00a0Wielu z nich pochodzi r\u00f3wnie\u017c z teren\u00f3w wiejskich. W\u015br\u00f3d naszych pracownik\u00f3w s\u0105 nauczyciele z ponad 30-letnim do\u015bwiadczeniem w nauczaniu rolnictwa. Nasza szko\u0142a posiada stadnin\u0119 koni, farm\u0119 z 60 krowami dojnymi i 500 akr\u00f3w ziemi. Jeste\u015bmy jedyn\u0105 szko\u0142\u0105, kt\u00f3ra prowadzi hodowl\u0119 ryb, zarz\u0105dzanie ko\u0144mi hodowla ryb, hodowla koni i kszta\u0142ci asystent\u00f3w weterynaryjnych w Estonii. Ze wzgl\u0119du na liczne obiekty rolnicze, jak r\u00f3wnie\u017c du\u017cy obszar ziemi, a tak\u017ce ze wzgl\u0119du na to, \u017ce specjalizujemy si\u0119 w edukacji rolniczej, zielone umiej\u0119tno\u015bci w rolnictwie s\u0105 dla nas bardzo wa\u017cne. Dlatego te\u017c, poprzez ten projekt szko\u0142a d\u0105\u017cy do zwi\u0119kszenia i popularyzowania wiedzy na temat zielonych kompetencji zar\u00f3wno w\u015br\u00f3d nauczycieli jak i uczni\u00f3w. Naszym celem jest r\u00f3wnie\u017c odegranie roli promotora zielonych umiej\u0119tno\u015bci w Estonii w\u015br\u00f3d pozosta\u0142ych szk\u00f3\u0142 rolniczych i instytucji edukacyjnych.<\/p>\n\n\n\n<h2 class=\"wp-block-heading\"><strong>Stowarzyszenie Edukacji Rolniczej i Le\u015bnej Europea Polska<\/strong><\/h2>\n\n\n\n<p>EUROPEA Polska jest stowarzyszeniem szk\u00f3\u0142 i instytucji dzia\u0142aj\u0105cych w sektorze zieleni. Jest to bardzo dobrze zorganizowana sie\u0107 szk\u00f3\u0142 i plac\u00f3wek o\u015bwiatowych dzia\u0142aj\u0105cych w sektorze zielonej gospodarki (tj. szeroko rozumianego rolnictwa, le\u015bnictwa, architektury krajobrazu, agrobiznesu, agroturystyki, gastronomii i \u017cywienia oraz innych bran\u017c pokrewnych).&nbsp;<\/p>\n\n\n\n<p>Ponadto, jest cz\u0119\u015bci\u0105 EUROPEA International (www.europea.org), instytucji non-profit za\u0142o\u017conej w 1993 roku na mocy prawa belgijskiego, natomiast Europea-PL zosta\u0142a za\u0142o\u017cona w 2005 roku. W sieci EUROPEA INTERNATIONAL znajduje si\u0119 obecnie 25 cz\u0142onk\u00f3w z UE i dw\u00f3ch cz\u0142onk\u00f3w z kraj\u00f3w stowarzyszonych. Statutowymi zadaniami Europea-PL s\u0105: wymiana dobrych praktyk w europejskiej edukacji zawodowej, organizacja sta\u017cy, inicjowanie wsp\u00f3\u0142pracy mi\u0119dzynarodowej w celu poprawy jako\u015bci kszta\u0142cenia zawodowego, upowszechnianie koncepcji ECVET, przygotowanie szk\u00f3\u0142 sektora zielonego do walki ze zmianami klimatu itp. Zadania statutowe realizowane s\u0105 poprzez krajowe i mi\u0119dzynarodowe seminaria, wizyty studyjne, wymian\u0119 do\u015bwiadcze\u0144, mobilno\u015b\u0107 i projekty partnerskie dla uczni\u00f3w i nauczycieli.&nbsp;<\/p>\n\n\n\n<p>Nauczyciele uczestnicz\u0105cy w projektach maj\u0105 mo\u017cliwo\u015b\u0107 aktualizacji swojej wiedzy w odniesieniu do<\/p>\n\n\n\n<p>krajowych i europejskich standard\u00f3w, a uczniowie zdobywaj\u0105 innowacyjne, nowoczesne umiej\u0119tno\u015bci, kt\u00f3re zwi\u0119kszaj\u0105 ich szanse na rynku pracy. Ponadto, w konferencjach bior\u0105 udzia\u0142 przedstawiciele instytucji decyduj\u0105cych o kierunkach zmian w polskim szkolnictwie zawodowym. Obecnie EUROPEA INTERNATIONAL zrzesza ponad 700 szk\u00f3\u0142 i innych instytucji zwi\u0105zanych z edukacj\u0105 rolnicz\u0105 w Europie. Wynika z tego, \u017ce organizacja codziennie kontaktuje si\u0119 z dziesi\u0119cioma tysi\u0105cami m\u0142odych ludzi. W Polsce jest ok.&nbsp;&nbsp;20 szk\u00f3\u0142 szk\u00f3\u0142 zawodowych zrzeszonych w Europea. Wi\u0119kszo\u015b\u0107 spo\u0142eczno\u015bci szkolnych nale\u017cy do obszar\u00f3w wiejskich o wysokim wska\u017aniku bezrobocia i niskich dochodach. Problemy te cz\u0119sto prowadz\u0105 do wykluczenia spo\u0142ecznego zabiera perspektywy dla m\u0142odych ludzi. Europea-PL stara si\u0119 rozpoznawa\u0107 te problemy i potrzeby uczni\u00f3w, kszta\u0142ci\u0107 ich tak, aby stali si\u0119 dobrze wykwalifikowanymi pracownikami z doskona\u0142ymi warto\u015bciami i etosem. Kierownictwo i cz\u0142onkowie Europea-PL to kadra kierownicza i nauczyciele szk\u00f3\u0142 rolniczych i le\u015bnych, kt\u00f3rzy wyrazili potrzeb\u0119 wymiany do\u015bwiadcze\u0144 mi\u0119dzy sob\u0105 i z partnerami z UE, poniewa\u017c postrzegaj\u0105 mobilno\u015b\u0107 jako szans\u0119 na wprowadzenia nowoczesnych form kszta\u0142cenia, tre\u015bci nauczania adekwatnych do potrzeb oraz wymian\u0119 dobrych praktyk.<\/p>\n\n\n\n<p>Obecnie w stowarzyszeniu zaanga\u017cowanych jest&nbsp;&nbsp;15 os\u00f3b. Dzia\u0142alno\u015b\u0107 w strukturach europejskich zapewnia nam sprawdzone kontakty w ca\u0142ej Unii, a dzia\u0142alno\u015b\u0107 mi\u0119dzynarodowa ma na celu popraw\u0119 jako\u015bci i dostosowanie szkolnictwa zawodowego w Polsce do standard\u00f3w europejskich. Obecnie priorytetem szkolnictwa zawodowego jest wsp\u00f3\u0142praca z przedsi\u0119biorcami i prowadzenie szkole\u0144 w miejscu pracy (WBL), a dla szk\u00f3\u0142 przygotowanie do wdro\u017cenia systemu ECVET i przygotowanie absolwent\u00f3w do poruszania si\u0119 po europejskim rynku pracy.&nbsp;<\/p>\n\n\n\n<p>Na jako\u015b\u0107 projekt\u00f3w wp\u0142ywa fakt, \u017ce stowarzyszenie wykorzystuje swoj\u0105 sie\u0107 sprawdzonych kontakt\u00f3w w celu pozyskania instytucji partnerskich, u\u0142atwiaj\u0105c swoim cz\u0142onkom &#8211; uczniom, nauczycielom i szko\u0142om &#8211; udzia\u0142 w r\u00f3\u017cnych dzia\u0142aniach, a w przysz\u0142o\u015bci podejmowanie samodzielnych projekt\u00f3w mi\u0119dzynarodowych.<\/p>\n\n\n\n<h2 class=\"wp-block-heading\">Eszterh\u00e1zy K\u00e1roly Katolikus Egyetem<\/h2>\n\n\n\n<p>Eszterh\u00e1zy K\u00e1roly University&nbsp;&nbsp;jest instytucj\u0105 szkolnictwa wy\u017cszego, zatrudniaj\u0105c\u0105 ponad 1500 sta\u0142ych pracownik\u00f3w i ponad 7000 student\u00f3w oraz wielu wsp\u00f3\u0142pracownik\u00f3w zewn\u0119trznych. Zakres dzia\u0142alno\u015bci uniwersytetu obejmuje szkolnictwo wy\u017csze edukacja i badania naukowe.<\/p>\n\n\n\n<p>Uniwersytet d\u0105\u017cy do ustanowienia wyr\u00f3\u017cniaj\u0105cej si\u0119 strategii, kt\u00f3ra zwi\u0119kszy us\u0142ugi na poziomie mi\u0119dzynarodowym. Ta Strategia ta sk\u0142ada si\u0119 z pragmatycznych krok\u00f3w, a uczelnia stara si\u0119 uczyni\u0107 internacjonalizacj\u0119 integraln\u0105 cz\u0119\u015bci\u0105 swojego dzia\u0142ania poprzez wdro\u017cenie dyrektywy strategicznej, kt\u00f3ra koncentruje si\u0119 na edukacji, badaniach i rozwoju organizacyjnym. Internacjonalizacja uczelni mo\u017ce by\u0107 skuteczna tylko wtedy, gdy jest priorytetem wszystkich cz\u0142onk\u00f3w instytucji. W tym celu promujemy w nauczaniu postaw\u0119 woln\u0105 od uprzedze\u0144 i zorientowana na studenta. Podnoszenie jako\u015bci kszta\u0142cenia i mi\u0119dzynarodowej reputacji jest wa\u017cnym elementem strategii finansowej uczelni, a synergia pomi\u0119dzy r\u00f3\u017cnymi programami grantowymi i stypendialnymi wspiera racjonalne zarz\u0105dzanie bud\u017cetem. Uniwersytet jest bardzo zaanga\u017cowany w projekty europejskie.&nbsp;<\/p>\n\n\n\n<p>Cele programu ERASMUS+ to: promowanie edukacji, sztuki wizualnej dla m\u0142odzie\u017cy, tworzenie projekt\u00f3w w oparciu o wsp\u00f3lne warto\u015bci: solidarno\u015b\u0107, szacunek dla przyrody, poszanowanie \u015brodowiska naturalnego. Jako organizacja uczestniczyli\u015bmy jako partner w zrealizowanym z sukcesem projekcie KA2 Innovative Practices in Renewable Energies to Improve Rural Employability (In2Rural &#8211; 2014-1-ES01-KA203-004740).&nbsp;&nbsp;Korzystamy z platform e-learningowych (Moodle, Mooc) do prowadzenia zaj\u0119\u0107 dydaktycznych i szkoleniowych oraz opracowali\u015bmy kilka materia\u0142\u00f3w edukacyjnych dla student\u00f3w i partner\u00f3w. Nasz Dzia\u0142 E-learningu jest odpowiedzialny za techniczny rozw\u00f3j kurs\u00f3w.<\/p>\n\n\n\n<p><\/p>\n\n\n\n<figure class=\"wp-block-image size-full\"><img loading=\"lazy\" decoding=\"async\" width=\"742\" height=\"219\" src=\"https:\/\/energy4farming.uni-eszterhazy.hu\/wp-content\/uploads\/2021\/09\/logok.png\" alt=\"\" class=\"wp-image-266\" srcset=\"https:\/\/energy4farming.uni-eszterhazy.hu\/wp-content\/uploads\/2021\/09\/logok.png 742w, https:\/\/energy4farming.uni-eszterhazy.hu\/wp-content\/uploads\/2021\/09\/logok-300x89.png 300w\" sizes=\"auto, (max-width: 706px) 89vw, (max-width: 767px) 82vw, 740px\" \/><\/figure>\n","protected":false},"excerpt":{"rendered":"<p>Low Carbon Economy Foundation Low Carbon Economy Foundation jest Organizacj\u0105 Pozarz\u0105dow\u0105 (NGO) zarejestrowan\u0105 jako Fundacja \u015arodowiskowa w Regionie Walencji (kod rejestracyjny CV-110). Fundacja zosta\u0142a utworzona w 2014 roku i ma siedzib\u0119 w La Vall d&#8217;Uix\u00f3, ma\u0142ym miasteczku z 31.000 mieszka\u0144c\u00f3w w prowincji Castell\u00f3n (Region Walencji). Jej cz\u0142onkowie s\u0105 profesjonalistami w dziedzinie in\u017cynierii, edukacji, zr\u00f3wnowa\u017conego rozwoju &hellip; <\/p>\n<p class=\"link-more\"><a href=\"https:\/\/energy4farming.uni-eszterhazy.hu\/pl\/wzmacniacz\/\" class=\"more-link\">Czytaj dalej<span class=\"screen-reader-text\"> Organizacje partnerskie<\/span><\/a><\/p>\n","protected":false},"author":1,"featured_media":0,"parent":0,"menu_order":0,"comment_status":"closed","ping_status":"closed","template":"","meta":{"footnotes":""},"class_list":["post-61","page","type-page","status-publish","hentry"],"_links":{"self":[{"href":"https:\/\/energy4farming.uni-eszterhazy.hu\/pl\/wp-json\/wp\/v2\/pages\/61","targetHints":{"allow":["GET"]}}],"collection":[{"href":"https:\/\/energy4farming.uni-eszterhazy.hu\/pl\/wp-json\/wp\/v2\/pages"}],"about":[{"href":"https:\/\/energy4farming.uni-eszterhazy.hu\/pl\/wp-json\/wp\/v2\/types\/page"}],"author":[{"embeddable":true,"href":"https:\/\/energy4farming.uni-eszterhazy.hu\/pl\/wp-json\/wp\/v2\/users\/1"}],"replies":[{"embeddable":true,"href":"https:\/\/energy4farming.uni-eszterhazy.hu\/pl\/wp-json\/wp\/v2\/comments?post=61"}],"version-history":[{"count":37,"href":"https:\/\/energy4farming.uni-eszterhazy.hu\/pl\/wp-json\/wp\/v2\/pages\/61\/revisions"}],"predecessor-version":[{"id":302,"href":"https:\/\/energy4farming.uni-eszterhazy.hu\/pl\/wp-json\/wp\/v2\/pages\/61\/revisions\/302"}],"wp:attachment":[{"href":"https:\/\/energy4farming.uni-eszterhazy.hu\/pl\/wp-json\/wp\/v2\/media?parent=61"}],"curies":[{"name":"wp","href":"https:\/\/api.w.org\/{rel}","templated":true}]}}