{"id":66,"date":"2021-07-05T06:37:20","date_gmt":"2021-07-05T06:37:20","guid":{"rendered":"https:\/\/energy4farming.uni-eszterhazy.hu\/en\/?page_id=66"},"modified":"2022-08-01T15:26:14","modified_gmt":"2022-08-01T15:26:14","slug":"learning-teaching-and-training-activities","status":"publish","type":"page","link":"https:\/\/energy4farming.uni-eszterhazy.hu\/pl\/learning-teaching-and-training-activities\/","title":{"rendered":"Dzia\u0142alno\u015b\u0107 edukacyjna i szkoleniowa"},"content":{"rendered":"\n<h2 class=\"wp-block-heading\">LTTA_1 online<\/h2>\n\n\n\n<p>Pierwsza LTTA zosta\u0142a wdro\u017cona cz\u0119\u015bciowo online w okresie od poniedzia\u0142ku 15 listopada do pi\u0105tku 19 listopada 2021 roku. Ten tydzie\u0144 sk\u0142ada\u0142 si\u0119 z pi\u0119ciu sesji szkoleniowych, w tym kszta\u0142cenia nauczycieli w zakresie kszta\u0142cenia zawodowego. Tematy dotyczy\u0142y integracji r\u00f3\u017cnych modu\u0142\u00f3w IO1 i IO2. Dodatkowo zorganizowano dzie\u0144 metodyczny, aby przedstawi\u0107 zaawansowane metody nauczania.<\/p>\n\n\n\n<p>Agenda LTTA online:<\/p>\n\n\n\n<div data-wp-interactive=\"core\/file\" class=\"wp-block-file\"><object data-wp-bind--hidden=\"!state.hasPdfPreview\" hidden class=\"wp-block-file__embed\" data=\"https:\/\/energy4farming.uni-eszterhazy.hu\/wp-content\/uploads\/2022\/07\/LTTA-1-Agenda-E4F-online-2.pdf\" type=\"application\/pdf\" style=\"width:100%;height:600px\" aria-label=\"Osadzone z LTTA-1-Agenda-E4F-online-2 be\u00e1gyaz\u00e1sa.\"><\/object><a id=\"wp-block-file--media-76d8e02d-daac-46ad-a1ec-552f061eb161\" href=\"https:\/\/energy4farming.uni-eszterhazy.hu\/wp-content\/uploads\/2022\/07\/LTTA-1-Agenda-E4F-online-2.pdf\">LTTA-1-Agenda-E4F-online-2<\/a><a href=\"https:\/\/energy4farming.uni-eszterhazy.hu\/wp-content\/uploads\/2022\/07\/LTTA-1-Agenda-E4F-online-2.pdf\" class=\"wp-block-file__button\" download aria-describedby=\"wp-block-file--media-76d8e02d-daac-46ad-a1ec-552f061eb161\">\u015aci\u0105gnij<\/a><\/div>\n\n\n\n<p>Zdj\u0119cia:<\/p>\n\n\n\n<figure class=\"wp-block-image size-large\"><img loading=\"lazy\" decoding=\"async\" width=\"1024\" height=\"476\" src=\"https:\/\/energy4farming.uni-eszterhazy.hu\/wp-content\/uploads\/2022\/07\/257655822_4268371309935714_8594463345909537923_n-1-1024x476.jpg\" alt=\"\" class=\"wp-image-556\" srcset=\"https:\/\/energy4farming.uni-eszterhazy.hu\/wp-content\/uploads\/2022\/07\/257655822_4268371309935714_8594463345909537923_n-1-1024x476.jpg 1024w, https:\/\/energy4farming.uni-eszterhazy.hu\/wp-content\/uploads\/2022\/07\/257655822_4268371309935714_8594463345909537923_n-1-300x139.jpg 300w, https:\/\/energy4farming.uni-eszterhazy.hu\/wp-content\/uploads\/2022\/07\/257655822_4268371309935714_8594463345909537923_n-1-768x357.jpg 768w, https:\/\/energy4farming.uni-eszterhazy.hu\/wp-content\/uploads\/2022\/07\/257655822_4268371309935714_8594463345909537923_n-1.jpg 1377w\" sizes=\"auto, (max-width: 767px) 89vw, (max-width: 1000px) 54vw, (max-width: 1071px) 543px, 580px\" \/><\/figure>\n\n\n\n<p><\/p>\n\n\n\n<figure class=\"wp-block-image size-large\"><img loading=\"lazy\" decoding=\"async\" width=\"1024\" height=\"640\" src=\"https:\/\/energy4farming.uni-eszterhazy.hu\/wp-content\/uploads\/2022\/07\/Captura-de-pantalla-2021-11-16-a-las-15.34.03-1-1024x640.png\" alt=\"\" class=\"wp-image-558\" srcset=\"https:\/\/energy4farming.uni-eszterhazy.hu\/wp-content\/uploads\/2022\/07\/Captura-de-pantalla-2021-11-16-a-las-15.34.03-1-1024x640.png 1024w, https:\/\/energy4farming.uni-eszterhazy.hu\/wp-content\/uploads\/2022\/07\/Captura-de-pantalla-2021-11-16-a-las-15.34.03-1-300x188.png 300w, https:\/\/energy4farming.uni-eszterhazy.hu\/wp-content\/uploads\/2022\/07\/Captura-de-pantalla-2021-11-16-a-las-15.34.03-1-768x480.png 768w, https:\/\/energy4farming.uni-eszterhazy.hu\/wp-content\/uploads\/2022\/07\/Captura-de-pantalla-2021-11-16-a-las-15.34.03-1-1536x960.png 1536w, https:\/\/energy4farming.uni-eszterhazy.hu\/wp-content\/uploads\/2022\/07\/Captura-de-pantalla-2021-11-16-a-las-15.34.03-1-2048x1280.png 2048w\" sizes=\"auto, (max-width: 767px) 89vw, (max-width: 1000px) 54vw, (max-width: 1071px) 543px, 580px\" \/><\/figure>\n\n\n\n<figure class=\"wp-block-image size-large\"><img loading=\"lazy\" decoding=\"async\" width=\"1024\" height=\"442\" src=\"https:\/\/energy4farming.uni-eszterhazy.hu\/wp-content\/uploads\/2022\/07\/Screenshot-2021-11-17-15.12.22-3-1024x442.png\" alt=\"\" class=\"wp-image-557\" srcset=\"https:\/\/energy4farming.uni-eszterhazy.hu\/wp-content\/uploads\/2022\/07\/Screenshot-2021-11-17-15.12.22-3-1024x442.png 1024w, https:\/\/energy4farming.uni-eszterhazy.hu\/wp-content\/uploads\/2022\/07\/Screenshot-2021-11-17-15.12.22-3-300x129.png 300w, https:\/\/energy4farming.uni-eszterhazy.hu\/wp-content\/uploads\/2022\/07\/Screenshot-2021-11-17-15.12.22-3-768x331.png 768w, https:\/\/energy4farming.uni-eszterhazy.hu\/wp-content\/uploads\/2022\/07\/Screenshot-2021-11-17-15.12.22-3.png 1356w\" sizes=\"auto, (max-width: 767px) 89vw, (max-width: 1000px) 54vw, (max-width: 1071px) 543px, 580px\" \/><\/figure>\n\n\n\n<p><\/p>\n\n\n\n<figure class=\"wp-block-image size-large\"><img loading=\"lazy\" decoding=\"async\" width=\"1024\" height=\"640\" src=\"https:\/\/energy4farming.uni-eszterhazy.hu\/wp-content\/uploads\/2022\/07\/Captura-de-pantalla-2021-11-16-a-las-15.14.15-1-1024x640.png\" alt=\"\" class=\"wp-image-559\" srcset=\"https:\/\/energy4farming.uni-eszterhazy.hu\/wp-content\/uploads\/2022\/07\/Captura-de-pantalla-2021-11-16-a-las-15.14.15-1-1024x640.png 1024w, https:\/\/energy4farming.uni-eszterhazy.hu\/wp-content\/uploads\/2022\/07\/Captura-de-pantalla-2021-11-16-a-las-15.14.15-1-300x188.png 300w, https:\/\/energy4farming.uni-eszterhazy.hu\/wp-content\/uploads\/2022\/07\/Captura-de-pantalla-2021-11-16-a-las-15.14.15-1-768x480.png 768w, https:\/\/energy4farming.uni-eszterhazy.hu\/wp-content\/uploads\/2022\/07\/Captura-de-pantalla-2021-11-16-a-las-15.14.15-1-1536x960.png 1536w, https:\/\/energy4farming.uni-eszterhazy.hu\/wp-content\/uploads\/2022\/07\/Captura-de-pantalla-2021-11-16-a-las-15.14.15-1-2048x1280.png 2048w\" sizes=\"auto, (max-width: 767px) 89vw, (max-width: 1000px) 54vw, (max-width: 1071px) 543px, 580px\" \/><\/figure>\n\n\n\n<p><\/p>\n\n\n\n<p>Prezentacje tygodnia mo\u017cna pobra\u0107 tutaj:<\/p>\n\n\n\n<div data-wp-interactive=\"core\/file\" class=\"wp-block-file\"><object data-wp-bind--hidden=\"!state.hasPdfPreview\" hidden class=\"wp-block-file__embed\" data=\"https:\/\/energy4farming.uni-eszterhazy.hu\/wp-content\/uploads\/2022\/07\/E4F-Module-3-2.pdf\" type=\"application\/pdf\" style=\"width:100%;height:600px\" aria-label=\"Osadzone z E4F-Module-3-2 be\u00e1gyaz\u00e1sa.\"><\/object><a id=\"wp-block-file--media-64bc5cff-c023-4de7-ba28-c1d85d72d0c6\" href=\"https:\/\/energy4farming.uni-eszterhazy.hu\/wp-content\/uploads\/2022\/07\/E4F-Module-3-2.pdf\">E4F-Module-3-2<\/a><a href=\"https:\/\/energy4farming.uni-eszterhazy.hu\/wp-content\/uploads\/2022\/07\/E4F-Module-3-2.pdf\" class=\"wp-block-file__button\" download aria-describedby=\"wp-block-file--media-64bc5cff-c023-4de7-ba28-c1d85d72d0c6\">\u015aci\u0105gnij<\/a><\/div>\n\n\n\n<h2 class=\"wp-block-heading\">LTTA_1 jelenl\u00e9ti<\/h2>\n\n\n\n<p>Druga cz\u0119\u015b\u0107 kr\u00f3tkoterminowego wsp\u00f3lnego szkolenia personelu projektu odby\u0142a si\u0119 w Bolonii we W\u0142oszech w dniach 22-pi\u0105tek 26 listopada 2021 r. Pierwsze sesje szkoleniowe zawiera\u0142y kr\u00f3tkie wprowadzenie do harmonogramu LTTA1 oraz pytania i odpowiedzi. Drugi dzie\u0144 zaprezentowa\u0142 Witryny Google i inne przydatne interaktywne narz\u0119dzia do nauczania IO1 oraz zawiera\u0142 symulacj\u0119 lekcji osobi\u015bcie z ocen\u0105 wzajemn\u0105 w\u015br\u00f3d wszystkich nauczycieli i ekspert\u00f3w. Trzeci dzie\u0144 koncentrowa\u0142 si\u0119 na metodologii, z jednej strony na grze RPG: jak to dzia\u0142a i jak mo\u017cna j\u0105 zastosowa\u0107 do IO1, az drugiej strony przedstawi\u0142 Serre dei Giardini Margherita: najlepsz\u0105 praktyk\u0119 odnawialnych \u017ar\u00f3de\u0142 energii i ogrodnictwa. Czwarty dzie\u0144 dotyczy\u0142 pola do Ferrary: Fundacji Navarra i najlepszych praktyk w Emilii Romagna, w tym r\u00f3wnie\u017c zaj\u0119\u0107 integracyjnych. Rola pi\u0105tego dnia polega\u0142a na wyci\u0105gni\u0119ciu wniosk\u00f3w i dyskusji na temat kolejnych krok\u00f3w.<\/p>\n\n\n\n<p>Agenda obecno\u015bci LTTA:<\/p>\n\n\n\n<div data-wp-interactive=\"core\/file\" class=\"wp-block-file\"><object data-wp-bind--hidden=\"!state.hasPdfPreview\" hidden class=\"wp-block-file__embed\" data=\"https:\/\/energy4farming.uni-eszterhazy.hu\/wp-content\/uploads\/2022\/07\/Agenda-E4F-LTTA1-in-presence-1.pdf\" type=\"application\/pdf\" style=\"width:100%;height:600px\" aria-label=\"Osadzone z Agenda-E4F-LTTA1-in-presence-1 be\u00e1gyaz\u00e1sa.\"><\/object><a id=\"wp-block-file--media-08402a22-0377-4a44-914a-74af2f93792c\" href=\"https:\/\/energy4farming.uni-eszterhazy.hu\/wp-content\/uploads\/2022\/07\/Agenda-E4F-LTTA1-in-presence-1.pdf\">Agenda-E4F-LTTA1-in-presence-1<\/a><a href=\"https:\/\/energy4farming.uni-eszterhazy.hu\/wp-content\/uploads\/2022\/07\/Agenda-E4F-LTTA1-in-presence-1.pdf\" class=\"wp-block-file__button\" download aria-describedby=\"wp-block-file--media-08402a22-0377-4a44-914a-74af2f93792c\">\u015aci\u0105gnij<\/a><\/div>\n\n\n\n<figure class=\"wp-block-image size-full\"><img loading=\"lazy\" decoding=\"async\" width=\"720\" height=\"536\" src=\"https:\/\/energy4farming.uni-eszterhazy.hu\/wp-content\/uploads\/2022\/07\/260186976_4297859606986884_8031635775498311229_n-1.jpg\" alt=\"\" class=\"wp-image-566\" srcset=\"https:\/\/energy4farming.uni-eszterhazy.hu\/wp-content\/uploads\/2022\/07\/260186976_4297859606986884_8031635775498311229_n-1.jpg 720w, https:\/\/energy4farming.uni-eszterhazy.hu\/wp-content\/uploads\/2022\/07\/260186976_4297859606986884_8031635775498311229_n-1-300x223.jpg 300w\" sizes=\"auto, (max-width: 720px) 100vw, 720px\" \/><\/figure>\n\n\n\n<p><\/p>\n\n\n\n<figure class=\"wp-block-image size-large\"><img loading=\"lazy\" decoding=\"async\" width=\"1024\" height=\"768\" src=\"https:\/\/energy4farming.uni-eszterhazy.hu\/wp-content\/uploads\/2022\/07\/259502487_4291848477587997_7944157379089766247_n-1-1024x768.jpg\" alt=\"\" class=\"wp-image-567\" srcset=\"https:\/\/energy4farming.uni-eszterhazy.hu\/wp-content\/uploads\/2022\/07\/259502487_4291848477587997_7944157379089766247_n-1-1024x768.jpg 1024w, https:\/\/energy4farming.uni-eszterhazy.hu\/wp-content\/uploads\/2022\/07\/259502487_4291848477587997_7944157379089766247_n-1-300x225.jpg 300w, https:\/\/energy4farming.uni-eszterhazy.hu\/wp-content\/uploads\/2022\/07\/259502487_4291848477587997_7944157379089766247_n-1-768x576.jpg 768w, https:\/\/energy4farming.uni-eszterhazy.hu\/wp-content\/uploads\/2022\/07\/259502487_4291848477587997_7944157379089766247_n-1-1536x1152.jpg 1536w, https:\/\/energy4farming.uni-eszterhazy.hu\/wp-content\/uploads\/2022\/07\/259502487_4291848477587997_7944157379089766247_n-1.jpg 2048w\" sizes=\"auto, (max-width: 767px) 89vw, (max-width: 1000px) 54vw, (max-width: 1071px) 543px, 580px\" \/><\/figure>\n\n\n\n<p>Prezent\u00e1ci\u00f3k:<\/p>\n\n\n\n<div data-wp-interactive=\"core\/file\" class=\"wp-block-file\"><object data-wp-bind--hidden=\"!state.hasPdfPreview\" hidden class=\"wp-block-file__embed\" data=\"https:\/\/energy4farming.uni-eszterhazy.hu\/wp-content\/uploads\/2022\/07\/Projects-1-1.pdf\" type=\"application\/pdf\" style=\"width:100%;height:600px\" aria-label=\"Osadzone z Projects-1-1 be\u00e1gyaz\u00e1sa.\"><\/object><a id=\"wp-block-file--media-8e98e643-c07b-46cf-9c40-6903e7389057\" href=\"https:\/\/energy4farming.uni-eszterhazy.hu\/wp-content\/uploads\/2022\/07\/Projects-1-1.pdf\">Projects-1-1<\/a><a href=\"https:\/\/energy4farming.uni-eszterhazy.hu\/wp-content\/uploads\/2022\/07\/Projects-1-1.pdf\" class=\"wp-block-file__button\" download aria-describedby=\"wp-block-file--media-8e98e643-c07b-46cf-9c40-6903e7389057\">\u015aci\u0105gnij<\/a><\/div>\n\n\n\n<p><\/p>\n\n\n\n<div data-wp-interactive=\"core\/file\" class=\"wp-block-file\"><object data-wp-bind--hidden=\"!state.hasPdfPreview\" hidden class=\"wp-block-file__embed\" data=\"https:\/\/energy4farming.uni-eszterhazy.hu\/wp-content\/uploads\/2022\/07\/DOC-for-the-LTTA1-Session-GOOGLE-SITES-2.pdf\" type=\"application\/pdf\" style=\"width:100%;height:600px\" aria-label=\"Osadzone z DOC-for-the-LTTA1-Session-GOOGLE-SITES-2 be\u00e1gyaz\u00e1sa.\"><\/object><a id=\"wp-block-file--media-9d3685b6-3178-48ad-a424-88603ff6a26e\" href=\"https:\/\/energy4farming.uni-eszterhazy.hu\/wp-content\/uploads\/2022\/07\/DOC-for-the-LTTA1-Session-GOOGLE-SITES-2.pdf\">DOC-for-the-LTTA1-Session-GOOGLE-SITES-2<\/a><a href=\"https:\/\/energy4farming.uni-eszterhazy.hu\/wp-content\/uploads\/2022\/07\/DOC-for-the-LTTA1-Session-GOOGLE-SITES-2.pdf\" class=\"wp-block-file__button\" download aria-describedby=\"wp-block-file--media-9d3685b6-3178-48ad-a424-88603ff6a26e\">\u015aci\u0105gnij<\/a><\/div>\n\n\n\n<p><\/p>\n\n\n\n<div data-wp-interactive=\"core\/file\" class=\"wp-block-file\"><object data-wp-bind--hidden=\"!state.hasPdfPreview\" hidden class=\"wp-block-file__embed\" data=\"https:\/\/energy4farming.uni-eszterhazy.hu\/wp-content\/uploads\/2022\/07\/Useful-links-1.pdf\" type=\"application\/pdf\" style=\"width:100%;height:600px\" aria-label=\"Osadzone z Useful-links-1 be\u00e1gyaz\u00e1sa.\"><\/object><a id=\"wp-block-file--media-3f86f5bc-77fa-471c-b441-8bbbe621774f\" href=\"https:\/\/energy4farming.uni-eszterhazy.hu\/wp-content\/uploads\/2022\/07\/Useful-links-1.pdf\">Useful-links-1<\/a><a href=\"https:\/\/energy4farming.uni-eszterhazy.hu\/wp-content\/uploads\/2022\/07\/Useful-links-1.pdf\" class=\"wp-block-file__button\" download aria-describedby=\"wp-block-file--media-3f86f5bc-77fa-471c-b441-8bbbe621774f\">\u015aci\u0105gnij<\/a><\/div>\n\n\n\n<h2 class=\"wp-block-heading\"><strong>Photovoltaic Solar energy<\/strong><\/h2>\n\n\n\n<p><em><sup>(Download pptx version below to watch the video content.)<\/sup><\/em><\/p>\n\n\n\n<div data-wp-interactive=\"core\/file\" class=\"wp-block-file\"><object data-wp-bind--hidden=\"!state.hasPdfPreview\" hidden class=\"wp-block-file__embed\" data=\"https:\/\/energy4farming.uni-eszterhazy.hu\/wp-content\/uploads\/2022\/01\/LTTA1_E4F_Module2.pdf\" type=\"application\/pdf\" style=\"width:100%;height:600px\" aria-label=\"Osadzone z &lt;a href=.\"https:\/\/energy4farming.uni-eszterhazy.hu\/wp-content\/uploads\/2022\/01\/LTTA1_E4F_Module2.pptx\"><strong>Photovoltaic Solar energy<\/strong> (pptx)<\/a> be\u00e1gyaz\u00e1sa&#8221;><\/object><a id=\"wp-block-file--media-b473820b-691a-4e18-bccd-bb762ec8982c\" href=\"https:\/\/energy4farming.uni-eszterhazy.hu\/wp-content\/uploads\/2022\/01\/LTTA1_E4F_Module2.pdf\"><a href=\"https:\/\/energy4farming.uni-eszterhazy.hu\/wp-content\/uploads\/2022\/01\/LTTA1_E4F_Module2.pptx\"><strong>Photovoltaic Solar energy<\/strong> (pptx)<\/a><\/a><a href=\"https:\/\/energy4farming.uni-eszterhazy.hu\/wp-content\/uploads\/2022\/01\/LTTA1_E4F_Module2.pdf\" class=\"wp-block-file__button\" download aria-describedby=\"wp-block-file--media-b473820b-691a-4e18-bccd-bb762ec8982c\">\u015aci\u0105gnij<\/a><\/div>\n\n\n\n<p><\/p>\n\n\n\n<div data-wp-interactive=\"core\/file\" class=\"wp-block-file\"><object data-wp-bind--hidden=\"!state.hasPdfPreview\" hidden class=\"wp-block-file__embed\" data=\"https:\/\/energy4farming.uni-eszterhazy.hu\/wp-content\/uploads\/2021\/11\/Energy4farming_Workshop_LL_2021-1.pdf\" type=\"application\/pdf\" style=\"width:100%;height:600px\" aria-label=\"Osadzone z Utilization of renewable energy sources to improve the sustainability of farming-1 be\u00e1gyaz\u00e1sa.\"><\/object><a id=\"wp-block-file--media-f54b4112-5e36-4a19-a2df-3b8bec79cfa2\" href=\"https:\/\/energy4farming.uni-eszterhazy.hu\/wp-content\/uploads\/2021\/11\/Energy4farming_Workshop_LL_2021-1.pdf\">Utilization of renewable energy sources to improve the sustainability of farming-1<\/a><a href=\"https:\/\/energy4farming.uni-eszterhazy.hu\/wp-content\/uploads\/2021\/11\/Energy4farming_Workshop_LL_2021-1.pdf\" class=\"wp-block-file__button\" download aria-describedby=\"wp-block-file--media-f54b4112-5e36-4a19-a2df-3b8bec79cfa2\">\u015aci\u0105gnij<\/a><\/div>\n\n\n\n<h2 class=\"wp-block-heading\"><\/h2>\n\n\n\n<p><em><sup>(Download pptx version below to watch the video content.)<\/sup><\/em><\/p>\n\n\n\n<p><\/p>\n","protected":false},"excerpt":{"rendered":"<p>LTTA_1 online Pierwsza LTTA zosta\u0142a wdro\u017cona cz\u0119\u015bciowo online w okresie od poniedzia\u0142ku 15 listopada do pi\u0105tku 19 listopada 2021 roku. Ten tydzie\u0144 sk\u0142ada\u0142 si\u0119 z pi\u0119ciu sesji szkoleniowych, w tym kszta\u0142cenia nauczycieli w zakresie kszta\u0142cenia zawodowego. Tematy dotyczy\u0142y integracji r\u00f3\u017cnych modu\u0142\u00f3w IO1 i IO2. Dodatkowo zorganizowano dzie\u0144 metodyczny, aby przedstawi\u0107 zaawansowane metody nauczania. Agenda LTTA &hellip; <\/p>\n<p class=\"link-more\"><a href=\"https:\/\/energy4farming.uni-eszterhazy.hu\/pl\/learning-teaching-and-training-activities\/\" class=\"more-link\">Czytaj dalej<span class=\"screen-reader-text\"> Dzia\u0142alno\u015b\u0107 edukacyjna i szkoleniowa<\/span><\/a><\/p>\n","protected":false},"author":1,"featured_media":0,"parent":0,"menu_order":0,"comment_status":"closed","ping_status":"closed","template":"","meta":{"footnotes":""},"class_list":["post-66","page","type-page","status-publish","hentry"],"_links":{"self":[{"href":"https:\/\/energy4farming.uni-eszterhazy.hu\/pl\/wp-json\/wp\/v2\/pages\/66","targetHints":{"allow":["GET"]}}],"collection":[{"href":"https:\/\/energy4farming.uni-eszterhazy.hu\/pl\/wp-json\/wp\/v2\/pages"}],"about":[{"href":"https:\/\/energy4farming.uni-eszterhazy.hu\/pl\/wp-json\/wp\/v2\/types\/page"}],"author":[{"embeddable":true,"href":"https:\/\/energy4farming.uni-eszterhazy.hu\/pl\/wp-json\/wp\/v2\/users\/1"}],"replies":[{"embeddable":true,"href":"https:\/\/energy4farming.uni-eszterhazy.hu\/pl\/wp-json\/wp\/v2\/comments?post=66"}],"version-history":[{"count":110,"href":"https:\/\/energy4farming.uni-eszterhazy.hu\/pl\/wp-json\/wp\/v2\/pages\/66\/revisions"}],"predecessor-version":[{"id":667,"href":"https:\/\/energy4farming.uni-eszterhazy.hu\/pl\/wp-json\/wp\/v2\/pages\/66\/revisions\/667"}],"wp:attachment":[{"href":"https:\/\/energy4farming.uni-eszterhazy.hu\/pl\/wp-json\/wp\/v2\/media?parent=66"}],"curies":[{"name":"wp","href":"https:\/\/api.w.org\/{rel}","templated":true}]}}