{"id":68,"date":"2021-07-05T06:37:35","date_gmt":"2021-07-05T06:37:35","guid":{"rendered":"https:\/\/energy4farming.uni-eszterhazy.hu\/en\/?page_id=68"},"modified":"2021-10-12T16:40:31","modified_gmt":"2021-10-12T16:40:31","slug":"cele","status":"publish","type":"page","link":"https:\/\/energy4farming.uni-eszterhazy.hu\/pl\/cele\/","title":{"rendered":"Cele"},"content":{"rendered":"\n<p>Chocia\u017c projekt Energy4Farming przyczynia si\u0119 do osi\u0105gni\u0119cia kilku priorytet\u00f3w horyzontalnych i sektorowych, g\u0142\u00f3wny cel projektu koncentruje si\u0119 na dostarczaniu nowych umiej\u0119tno\u015bci, pomys\u0142\u00f3w i metod w rozwoju zawodowym nauczycieli VET. Jego g\u0142\u00f3wna strategia polega na wspieraniu rozwoju zawodowego nauczycieli VET w zakresie odnawialnych \u017ar\u00f3de\u0142 energii dla rolnictwa, jak r\u00f3wnie\u017c udzielanie im wskaz\u00f3wek dotycz\u0105cych wprowadzania metodologii nauczania opartej na projektach, umiej\u0119tno\u015bci przedsi\u0119biorczych i rozwijania kompetencji j\u0119zykowych.<\/p>\n\n\n\n<p>Ponadto, centra VET s\u0105 najlepszym celem dla tego projektu ze wzgl\u0119du na jego koncentracj\u0119 na \u015brodowisku na uczni\u00f3w szk\u00f3\u0142 rolniczych, kt\u00f3rzy wkr\u00f3tce wejd\u0105 na rynek pracy. Zapewni to tym uczniom nowe umiej\u0119tno\u015bci i wiedz\u0119 na temat zr\u00f3wnowa\u017conych technik, w celu osi\u0105gni\u0119cia cel\u00f3w Unii Europejskiej w zakresie zr\u00f3wnowa\u017conego rozwoju. Pomo\u017ce im r\u00f3wnie\u017c zdoby\u0107 do\u015bwiadczenie dzi\u0119ki nauczaniu metod\u0105 projektu, kt\u00f3ra b\u0119dzie promowa\u0107 partnerstwo pomi\u0119dzy r\u00f3\u017cnymi instytucjami, organizacjami i firmami. Poniewa\u017c projekt ten jest skoncentrowany na zdobywaniu wiedzy na temat zr\u00f3wnowa\u017conego rozwoju w celu zmniejszenia wp\u0142ywu zanieczyszcze\u0144 na \u015brodowisko, jest on r\u00f3wnie\u017c komplementarny z horyzontalnymi potrzebami cel\u00f3w \u015brodowiskowych i klimatycznych.&nbsp;<\/p>\n\n\n\n<p>Cele projektu s\u0105 nast\u0119puj\u0105ce:&nbsp;<\/p>\n\n\n\n<p>&#8211; Promowanie poprawy i modernizacja nauczania w rolniczych centrach VET poprzez rozw\u00f3j zawodowy nauczycieli VET (w odniesieniu do energii odnawialnych).<\/p>\n\n\n\n<p>&#8211; W\u0142\u0105czenie innowacyjnych praktyk w zakresie przedsi\u0119biorczo\u015bci do kszta\u0142cenia i szkolenia zawodowego w oparciu o nowe mo\u017cliwo\u015bci oferowane przez sektor energii odnawialnej w celu dywersyfikacji gospodarki wiejskiej.<\/p>\n\n\n\n<p>-U\u0142atwianie wprowadzania innowacyjnych do\u015bwiadcze\u0144 edukacyjnych opartych na projektach w celu zaspokojenia potrzeb spo\u0142ecznych w rolniczym kszta\u0142ceniu i szkoleniu zawodowym poprzez podej\u015bcie edukacyjne oparte na uczeniu si\u0119 poprzez projekt.<\/p>\n\n\n\n<p>W oparciu o te cele, szczeg\u00f3\u0142owe cele projektu b\u0119d\u0105 nast\u0119puj\u0105ce:<\/p>\n\n\n\n<p>1. Wzmocnienie umiej\u0119tno\u015bci nauczycieli VET w dziedzinie zr\u00f3wnowa\u017conego rolnictwa.<\/p>\n\n\n\n<p>2. Poszerzenie wiedzy nauczycieli VET na temat korzy\u015bci p\u0142yn\u0105cych z wykorzystania odnawialnych \u017ar\u00f3de\u0142 energii w rolnictwie.<\/p>\n\n\n\n<p>3. Wzmocnienie programu nauczania VET w zakresie edukacji rolniczej, wprowadzaj\u0105c koncepcje zr\u00f3wnowa\u017conego rozwoju.<\/p>\n\n\n\n<p>4. Podniesienie kompetencji uczni\u00f3w w zakresie zr\u00f3wnowa\u017conego rozwoju.<\/p>\n\n\n\n<p>5. Wzmocnienie zdolno\u015bci do zatrudnienia uczni\u00f3w VET poprzez powiazanie nauki ze \u015bwiatem pracy.<\/p>\n","protected":false},"excerpt":{"rendered":"<p>Chocia\u017c projekt Energy4Farming przyczynia si\u0119 do osi\u0105gni\u0119cia kilku priorytet\u00f3w horyzontalnych i sektorowych, g\u0142\u00f3wny cel projektu koncentruje si\u0119 na dostarczaniu nowych umiej\u0119tno\u015bci, pomys\u0142\u00f3w i metod w rozwoju zawodowym nauczycieli VET. Jego g\u0142\u00f3wna strategia polega na wspieraniu rozwoju zawodowego nauczycieli VET w zakresie odnawialnych \u017ar\u00f3de\u0142 energii dla rolnictwa, jak r\u00f3wnie\u017c udzielanie im wskaz\u00f3wek dotycz\u0105cych wprowadzania metodologii nauczania &hellip; <\/p>\n<p class=\"link-more\"><a href=\"https:\/\/energy4farming.uni-eszterhazy.hu\/pl\/cele\/\" class=\"more-link\">Czytaj dalej<span class=\"screen-reader-text\"> Cele<\/span><\/a><\/p>\n","protected":false},"author":1,"featured_media":0,"parent":0,"menu_order":0,"comment_status":"closed","ping_status":"closed","template":"","meta":{"footnotes":""},"class_list":["post-68","page","type-page","status-publish","hentry"],"_links":{"self":[{"href":"https:\/\/energy4farming.uni-eszterhazy.hu\/pl\/wp-json\/wp\/v2\/pages\/68","targetHints":{"allow":["GET"]}}],"collection":[{"href":"https:\/\/energy4farming.uni-eszterhazy.hu\/pl\/wp-json\/wp\/v2\/pages"}],"about":[{"href":"https:\/\/energy4farming.uni-eszterhazy.hu\/pl\/wp-json\/wp\/v2\/types\/page"}],"author":[{"embeddable":true,"href":"https:\/\/energy4farming.uni-eszterhazy.hu\/pl\/wp-json\/wp\/v2\/users\/1"}],"replies":[{"embeddable":true,"href":"https:\/\/energy4farming.uni-eszterhazy.hu\/pl\/wp-json\/wp\/v2\/comments?post=68"}],"version-history":[{"count":16,"href":"https:\/\/energy4farming.uni-eszterhazy.hu\/pl\/wp-json\/wp\/v2\/pages\/68\/revisions"}],"predecessor-version":[{"id":303,"href":"https:\/\/energy4farming.uni-eszterhazy.hu\/pl\/wp-json\/wp\/v2\/pages\/68\/revisions\/303"}],"wp:attachment":[{"href":"https:\/\/energy4farming.uni-eszterhazy.hu\/pl\/wp-json\/wp\/v2\/media?parent=68"}],"curies":[{"name":"wp","href":"https:\/\/api.w.org\/{rel}","templated":true}]}}